{"id":95,"date":"2016-05-13T18:02:57","date_gmt":"2016-05-13T16:02:57","guid":{"rendered":"http:\/\/www.freidenker.org\/fw17\/?page_id=95"},"modified":"2017-11-29T23:05:18","modified_gmt":"2017-11-29T22:05:18","slug":"jugendfeiern","status":"publish","type":"page","link":"https:\/\/www.freidenker.org\/?page_id=95","title":{"rendered":"Jugendweihe &#038; Jugendfeier &#8211; Kontakte"},"content":{"rendered":"<h4>Wie erreiche ich in den Landesverb\u00e4nden die Ansprechpartner f\u00fcr die Jugendweihen?<\/h4>\n<p>Die Organisation der Jugendweihen und Jugendfeiern obliegt den Landesverb\u00e4nden des Deutschen Freidenker-Verbandes. Zu Terminen, Anmeldungen, Planung und Gestaltung der Jugendfeiern beachtet bitte folgende Webseiten:<\/p>\n<ul style=\"list-style-type: square;\">\n<li><strong>Bayern<br \/>\n<\/strong><\/p>\n<ul>\n<li><strong>Franken<br \/>\n<\/strong><a href=\"http:\/\/www.jugendfeier-franken.de\/\" target=\"_blank\" rel=\"noopener\">\u00fcber die Jugendfeier-Webseite des DFV Franken<\/a><\/li>\n<li><strong>N\u00fcrnberg<br \/>\n<\/strong><a href=\"http:\/\/www.jugendfeier-nuernberg.de\/\" target=\"_blank\" rel=\"noopener\">\u00fcber die Jugendfeier-Webseite des DFV N\u00fcrnberg<\/a><\/li>\n<\/ul>\n<\/li>\n<li><strong>Hamburg<br \/>\n<\/strong><a href=\"https:\/\/www.jugendweihehamburg.de\" target=\"_blank\" rel=\"noopener\">\u00fcber die Arbeitsgemeinschaft Jugendweihe Gro\u00df-Hamburg e.V<br \/>\n<\/a><\/li>\n<li><strong>Hessen<br \/>\n<\/strong><a href=\"http:\/\/www.jugendfeier-hessen.de\" target=\"_blank\" rel=\"noopener\">\u00fcber die Webseite der Jugendfeier Hessen<\/a><\/li>\n<li><strong>Niedersachsen<br \/>\n<\/strong><a href=\"http:\/\/www.niedersachsen.freidenker.org\/\" target=\"_blank\" rel=\"noopener\">\u00fcber die Webseite des DFV-Landesverbands Niedersachsen<br \/>\n<\/a><\/li>\n<li><strong>Nordrhein-Westfalen<br \/>\n<\/strong><a href=\"http:\/\/www.nordrhein-westfalen.freidenker.org\/jugendfeier-jugendweihe\/\" target=\"_blank\" rel=\"noopener\">\u00fcber die Webseite des DFV-Landesverbandes Nordrhein-Westfalen<br \/>\n<\/a><\/li>\n<li><strong>Rheinland-Pfalz \/ Saarland<br \/>\n<\/strong><a title=\"Hyperlink zur JugendFeier-Webseite von DFV RPS\" href=\"http:\/\/www.rheinland-pfalz-saarland.freidenker.org\/cms\/?page_id=253\" target=\"_blank\" rel=\"noopener\">\u00fcber die JugendFeier-Webseite des DFV-Landesverbandes Rheinland-Pfalz \/ Saarland<br \/>\n<\/a><\/li>\n<li><strong>Sachsen<br \/>\n<\/strong>Interessenten wenden sich bitte an die Regionalb\u00fcros des <a href=\"http:\/\/www.jugendweihe-sachsen.de\/\" target=\"_blank\" rel=\"noopener\">S\u00e4chsischen Verbandes f\u00fcr Jugendarbeit und Jugendweihe e.V.<\/a><\/li>\n<li>weitere Webseiten folgen &#8230;<\/li>\n<li><\/li>\n<\/ul>\n<p><img data-recalc-dims=\"1\" loading=\"lazy\" decoding=\"async\" data-attachment-id=\"173\" data-permalink=\"https:\/\/www.freidenker.org\/?attachment_id=173\" data-orig-file=\"https:\/\/i0.wp.com\/www.freidenker.org\/fw17\/wp-content\/uploads\/2016\/05\/Menschen_Treppe.jpg?fit=800%2C445&amp;ssl=1\" data-orig-size=\"800,445\" data-comments-opened=\"1\" data-image-meta=\"{&quot;aperture&quot;:&quot;0&quot;,&quot;credit&quot;:&quot;&quot;,&quot;camera&quot;:&quot;&quot;,&quot;caption&quot;:&quot;&quot;,&quot;created_timestamp&quot;:&quot;0&quot;,&quot;copyright&quot;:&quot;&quot;,&quot;focal_length&quot;:&quot;0&quot;,&quot;iso&quot;:&quot;0&quot;,&quot;shutter_speed&quot;:&quot;0&quot;,&quot;title&quot;:&quot;&quot;,&quot;orientation&quot;:&quot;0&quot;}\" data-image-title=\"Menschen_Treppe\" data-image-description=\"&lt;p&gt;Bild: FreeImages.com\/Borge Bjelland&lt;\/p&gt;\n\" data-image-caption=\"\" data-large-file=\"https:\/\/i0.wp.com\/www.freidenker.org\/fw17\/wp-content\/uploads\/2016\/05\/Menschen_Treppe.jpg?fit=800%2C445&amp;ssl=1\" class=\"size-full wp-image-173 alignnone\" src=\"https:\/\/i0.wp.com\/www.freidenker.org\/fw17\/wp-content\/uploads\/2016\/05\/Menschen_Treppe.jpg?resize=800%2C445&#038;ssl=1\" alt=\"Menschen_Treppe\" width=\"800\" height=\"445\" srcset=\"https:\/\/i0.wp.com\/www.freidenker.org\/fw17\/wp-content\/uploads\/2016\/05\/Menschen_Treppe.jpg?w=800&amp;ssl=1 800w, https:\/\/i0.wp.com\/www.freidenker.org\/fw17\/wp-content\/uploads\/2016\/05\/Menschen_Treppe.jpg?resize=300%2C167&amp;ssl=1 300w, https:\/\/i0.wp.com\/www.freidenker.org\/fw17\/wp-content\/uploads\/2016\/05\/Menschen_Treppe.jpg?resize=768%2C427&amp;ssl=1 768w\" sizes=\"auto, (max-width: 800px) 100vw, 800px\" \/><\/p>\n<p><sup>Bild: FreeImages.com\/ Borge Bjelland<\/sup><\/p>\n","protected":false},"excerpt":{"rendered":"<p>Wie erreiche ich in den Landesverb\u00e4nden die Ansprechpartner f\u00fcr die Jugendweihen? Die Organisation der Jugendweihen und Jugendfeiern obliegt den Landesverb\u00e4nden<\/p>\n","protected":false},"author":2,"featured_media":173,"parent":1910,"menu_order":0,"comment_status":"closed","ping_status":"closed","template":"","meta":{"colormag_page_container_layout":"default_layout","colormag_page_sidebar_layout":"default_layout","advanced_seo_description":"","jetpack_seo_html_title":"","jetpack_seo_noindex":false,"jetpack_post_was_ever_published":false,"footnotes":""},"class_list":["post-95","page","type-page","status-publish","has-post-thumbnail","hentry"],"jetpack_shortlink":"https:\/\/wp.me\/P9stpK-1x","jetpack-related-posts":[{"id":1910,"url":"https:\/\/www.freidenker.org\/?page_id=1910","url_meta":{"origin":95,"position":0},"title":"Jugendweihe &#038; Jugendfeier","author":"Webredaktion","date":"21. November 2017","format":false,"excerpt":"Die Jugendweihe bzw. Jugendfeier ist eine festliche Aufnahme in die Welt des Erwachsenseins. Sie ist eine nichtkirchliche Alternative zur Konfirmation der evangelischen Kirchen und zur Firmung in der katholischen Kirche. Das Fest wird seit 1890 in der Freidenkerbewegung regelm\u00e4\u00dfig begangen. In der Weimarer Republik (1918\u20131933) erlebte die Jugendweihe einen gro\u00dfen\u2026","rel":"","context":"\u00c4hnlicher Beitrag","block_context":{"text":"\u00c4hnlicher Beitrag","link":""},"img":{"alt_text":"","src":"https:\/\/i0.wp.com\/www.freidenker.org\/fw17\/wp-content\/uploads\/2017\/11\/Jugendfeier_Hessen_2017.jpg?fit=800%2C445&ssl=1&resize=350%2C200","width":350,"height":200,"srcset":"https:\/\/i0.wp.com\/www.freidenker.org\/fw17\/wp-content\/uploads\/2017\/11\/Jugendfeier_Hessen_2017.jpg?fit=800%2C445&ssl=1&resize=350%2C200 1x, https:\/\/i0.wp.com\/www.freidenker.org\/fw17\/wp-content\/uploads\/2017\/11\/Jugendfeier_Hessen_2017.jpg?fit=800%2C445&ssl=1&resize=525%2C300 1.5x, https:\/\/i0.wp.com\/www.freidenker.org\/fw17\/wp-content\/uploads\/2017\/11\/Jugendfeier_Hessen_2017.jpg?fit=800%2C445&ssl=1&resize=700%2C400 2x"},"classes":[]},{"id":72,"url":"https:\/\/www.freidenker.org\/?page_id=72","url_meta":{"origin":95,"position":1},"title":"Satzung des Deutschen Freidenker-Verbandes e.V.","author":"Webmaster","date":"13. Mai 2016","format":false,"excerpt":"Beschlossen vom Verbandstag am 1.\/2. Juni 1991 in Braunschweig, zuletzt ge\u00e4ndert vom Verbandstag am 26.\/27. Juni 2021 in Raunheim\/Main Die vollst\u00e4ndige Satzung kann hier als\u00a0 PDF-Dokument angesehen und heruntergeladen werden: \u00a0 Satzung des Deutschen Freidenker-Verbandes e.V.\u00a0 im PDF-Format (ca. 209 KB) Satzung des Deutschen Freidenker-Verbandes e.V. \u00a7 1 - Name\u2026","rel":"","context":"\u00c4hnlicher Beitrag","block_context":{"text":"\u00c4hnlicher Beitrag","link":""},"img":{"alt_text":"","src":"https:\/\/i0.wp.com\/www.freidenker.org\/fw17\/wp-content\/uploads\/2017\/11\/Freidenker_Multilogo_grau.jpg?fit=800%2C445&ssl=1&resize=350%2C200","width":350,"height":200,"srcset":"https:\/\/i0.wp.com\/www.freidenker.org\/fw17\/wp-content\/uploads\/2017\/11\/Freidenker_Multilogo_grau.jpg?fit=800%2C445&ssl=1&resize=350%2C200 1x, https:\/\/i0.wp.com\/www.freidenker.org\/fw17\/wp-content\/uploads\/2017\/11\/Freidenker_Multilogo_grau.jpg?fit=800%2C445&ssl=1&resize=525%2C300 1.5x, https:\/\/i0.wp.com\/www.freidenker.org\/fw17\/wp-content\/uploads\/2017\/11\/Freidenker_Multilogo_grau.jpg?fit=800%2C445&ssl=1&resize=700%2C400 2x"},"classes":[]},{"id":1906,"url":"https:\/\/www.freidenker.org\/?page_id=1906","url_meta":{"origin":95,"position":2},"title":"Der Verband","author":"Webredaktion","date":"21. November 2017","format":false,"excerpt":"Der Deutsche Freidenker-Verband ist Weltanschauungsgemeinschaft, Kulturorganisation und Interessenvertretung konfessionsfreier Menschen. Hier finden Sie Informationen \u00fcber die Geschichte der Freidenkerbewegung, unsere Grundsatzdokumente (Berliner Erkl\u00e4rung, Satzung), wichtige Beschl\u00fcsse und Positionen, Kontaktadressen des Vorstandes und der Landesverb\u00e4nde sowie Links zu Partnerorganisationen. Im Einzelnen: \u00a0 Einen kurzen Abriss \u00fcber die Geschichte des Freien Denkens\u2026","rel":"","context":"\u00c4hnlicher Beitrag","block_context":{"text":"\u00c4hnlicher Beitrag","link":""},"img":{"alt_text":"","src":"https:\/\/i0.wp.com\/www.freidenker.org\/fw17\/wp-content\/uploads\/2017\/11\/FD_WG_IVKM_KO.jpg?fit=800%2C445&ssl=1&resize=350%2C200","width":350,"height":200,"srcset":"https:\/\/i0.wp.com\/www.freidenker.org\/fw17\/wp-content\/uploads\/2017\/11\/FD_WG_IVKM_KO.jpg?fit=800%2C445&ssl=1&resize=350%2C200 1x, https:\/\/i0.wp.com\/www.freidenker.org\/fw17\/wp-content\/uploads\/2017\/11\/FD_WG_IVKM_KO.jpg?fit=800%2C445&ssl=1&resize=525%2C300 1.5x, https:\/\/i0.wp.com\/www.freidenker.org\/fw17\/wp-content\/uploads\/2017\/11\/FD_WG_IVKM_KO.jpg?fit=800%2C445&ssl=1&resize=700%2C400 2x"},"classes":[]},{"id":68,"url":"https:\/\/www.freidenker.org\/?page_id=68","url_meta":{"origin":95,"position":3},"title":"Tradition und Erbe","author":"Webmaster","date":"13. Mai 2016","format":false,"excerpt":"Aus der Geschichte der Freidenker Lange vor Beginn der organisierten Freidenker-Bewegung suchten Menschen nach einem freien geistigen Fundament f\u00fcr ein eigenverantwortlich gestaltetes Leben und Selbstverwirklichung. Zu den fr\u00fchesten Beispielen z\u00e4hlen Kaiserin Teje und ihr Sohn Echnaton im \u00c4gypten des 15. und 14. Jahrhunderts vor unserer Zeitrechnung sowie der chinesische Kaiser\u2026","rel":"","context":"\u00c4hnlicher Beitrag","block_context":{"text":"\u00c4hnlicher Beitrag","link":""},"img":{"alt_text":"","src":"https:\/\/i0.wp.com\/www.freidenker.org\/fw17\/wp-content\/uploads\/2016\/05\/Eugene_Delacroix_-_La_liberte_guidant_le_peuple_800x445.jpg?fit=800%2C445&ssl=1&resize=350%2C200","width":350,"height":200,"srcset":"https:\/\/i0.wp.com\/www.freidenker.org\/fw17\/wp-content\/uploads\/2016\/05\/Eugene_Delacroix_-_La_liberte_guidant_le_peuple_800x445.jpg?fit=800%2C445&ssl=1&resize=350%2C200 1x, https:\/\/i0.wp.com\/www.freidenker.org\/fw17\/wp-content\/uploads\/2016\/05\/Eugene_Delacroix_-_La_liberte_guidant_le_peuple_800x445.jpg?fit=800%2C445&ssl=1&resize=525%2C300 1.5x, https:\/\/i0.wp.com\/www.freidenker.org\/fw17\/wp-content\/uploads\/2016\/05\/Eugene_Delacroix_-_La_liberte_guidant_le_peuple_800x445.jpg?fit=800%2C445&ssl=1&resize=700%2C400 2x"},"classes":[]},{"id":64,"url":"https:\/\/www.freidenker.org\/?page_id=64","url_meta":{"origin":95,"position":4},"title":"Berliner Erkl\u00e4rung: &#8222;Wer sind die Freidenker und was wollen sie?&#8220;","author":"Webmaster","date":"13. Mai 2016","format":false,"excerpt":"Beschlossen vom Verbandstag am 4.\/5. Juni 1994 in Berlin Wer sind wir Freidenker? Seit dem 1. Juni 1991 sind die Freidenker wieder in einem gemeinsamen Deutschen Freidenker-Verband mit Sitz in Dortmund und Landesverb\u00e4nden in allen Bundesl\u00e4ndern vereinigt. Der Deutsche Freidenker-Verband ist Weltanschauungsgemeinschaft, Kulturorganisation und Interessenvertretung konfessionsfreier Menschen. Er steht in\u2026","rel":"","context":"\u00c4hnlicher Beitrag","block_context":{"text":"\u00c4hnlicher Beitrag","link":""},"img":{"alt_text":"","src":"https:\/\/i0.wp.com\/www.freidenker.org\/fw17\/wp-content\/uploads\/2017\/11\/FD_WG_IVKM_KO.jpg?fit=800%2C445&ssl=1&resize=350%2C200","width":350,"height":200,"srcset":"https:\/\/i0.wp.com\/www.freidenker.org\/fw17\/wp-content\/uploads\/2017\/11\/FD_WG_IVKM_KO.jpg?fit=800%2C445&ssl=1&resize=350%2C200 1x, https:\/\/i0.wp.com\/www.freidenker.org\/fw17\/wp-content\/uploads\/2017\/11\/FD_WG_IVKM_KO.jpg?fit=800%2C445&ssl=1&resize=525%2C300 1.5x, https:\/\/i0.wp.com\/www.freidenker.org\/fw17\/wp-content\/uploads\/2017\/11\/FD_WG_IVKM_KO.jpg?fit=800%2C445&ssl=1&resize=700%2C400 2x"},"classes":[]},{"id":8959,"url":"https:\/\/www.freidenker.org\/?page_id=8959","url_meta":{"origin":95,"position":5},"title":"Datenschutzordnung","author":"Webredaktion","date":"6. Dezember 2020","format":false,"excerpt":"\u00a0 Datenschutzordnung des Deutschen Freidenker-Verbandes e.V.\u00a0 im PDF-Format (ca. 41 KB) Deutscher Freidenker-Verband Verbandsvorstand \u00a0 Datenschutzordnung Letzte Fassung beschlossen am 3.10.2020 \u00a0 I Rechtsgrundlagen Diese Datenschutzordnung dient der Sicherstellung des rechtskonformen Umgangs mitpersonenbezogenen Daten durch die Organe des Deutschen Freidenker-Verbands (DFV), insbesondere im Sinne der EU-Datenschutzgrundverordnung (DSGVO) und des Bundesdatenschutzgesetzes\u2026","rel":"","context":"\u00c4hnlicher Beitrag","block_context":{"text":"\u00c4hnlicher Beitrag","link":""},"img":{"alt_text":"","src":"https:\/\/i0.wp.com\/www.freidenker.org\/fw17\/wp-content\/uploads\/2020\/12\/privacy-policy-2117996_800x450.jpg?fit=800%2C450&ssl=1&resize=350%2C200","width":350,"height":200,"srcset":"https:\/\/i0.wp.com\/www.freidenker.org\/fw17\/wp-content\/uploads\/2020\/12\/privacy-policy-2117996_800x450.jpg?fit=800%2C450&ssl=1&resize=350%2C200 1x, https:\/\/i0.wp.com\/www.freidenker.org\/fw17\/wp-content\/uploads\/2020\/12\/privacy-policy-2117996_800x450.jpg?fit=800%2C450&ssl=1&resize=525%2C300 1.5x, https:\/\/i0.wp.com\/www.freidenker.org\/fw17\/wp-content\/uploads\/2020\/12\/privacy-policy-2117996_800x450.jpg?fit=800%2C450&ssl=1&resize=700%2C400 2x"},"classes":[]}],"_links":{"self":[{"href":"https:\/\/www.freidenker.org\/index.php?rest_route=\/wp\/v2\/pages\/95","targetHints":{"allow":["GET"]}}],"collection":[{"href":"https:\/\/www.freidenker.org\/index.php?rest_route=\/wp\/v2\/pages"}],"about":[{"href":"https:\/\/www.freidenker.org\/index.php?rest_route=\/wp\/v2\/types\/page"}],"author":[{"embeddable":true,"href":"https:\/\/www.freidenker.org\/index.php?rest_route=\/wp\/v2\/users\/2"}],"replies":[{"embeddable":true,"href":"https:\/\/www.freidenker.org\/index.php?rest_route=%2Fwp%2Fv2%2Fcomments&post=95"}],"version-history":[{"count":0,"href":"https:\/\/www.freidenker.org\/index.php?rest_route=\/wp\/v2\/pages\/95\/revisions"}],"up":[{"embeddable":true,"href":"https:\/\/www.freidenker.org\/index.php?rest_route=\/wp\/v2\/pages\/1910"}],"wp:featuredmedia":[{"embeddable":true,"href":"https:\/\/www.freidenker.org\/index.php?rest_route=\/wp\/v2\/media\/173"}],"wp:attachment":[{"href":"https:\/\/www.freidenker.org\/index.php?rest_route=%2Fwp%2Fv2%2Fmedia&parent=95"}],"curies":[{"name":"wp","href":"https:\/\/api.w.org\/{rel}","templated":true}]}}