{"id":863,"date":"2016-08-18T10:28:30","date_gmt":"2016-08-18T08:28:30","guid":{"rendered":"http:\/\/www.freidenker.org\/fw17\/?page_id=863"},"modified":"2021-07-01T20:37:21","modified_gmt":"2021-07-01T18:37:21","slug":"kontakt","status":"publish","type":"page","link":"https:\/\/www.freidenker.org\/?page_id=863","title":{"rendered":"Kontakt"},"content":{"rendered":"<p><strong>Wenn Sie Kontakt<a href=\"https:\/\/www.freidenker.org\/?page_id=863#Hinweis\">*<\/a> zu uns aufnehmen wollen, schreiben Sie bitte eine E-Mail an: <a href=\"mailto:kontakt@freidenker.de\">kontakt@freidenker.de<\/a><\/strong><\/p>\n<hr \/>\n<p><strong>Oder f\u00fcllen Sie nachfolgendes Formular aus und klicken Sie auf &#8222;Senden&#8220;:<\/strong><\/p>\n<p><span style=\"color: #ff0000;\">Bitte beachten Sie unsere weiteren <strong><a style=\"color: #ff0000;\" href=\"https:\/\/www.freidenker.org\/?page_id=863#Hinweis\">Benutzungshinweise<\/a><\/strong>.<\/span><\/p>\n\n<div class=\"wpcf7 no-js\" id=\"wpcf7-f861-o1\" lang=\"de-DE\" dir=\"ltr\" data-wpcf7-id=\"861\">\n<div class=\"screen-reader-response\"><p role=\"status\" aria-live=\"polite\" aria-atomic=\"true\"><\/p> <ul><\/ul><\/div>\n<form action=\"\/index.php?rest_route=%2Fwp%2Fv2%2Fpages%2F863#wpcf7-f861-o1\" method=\"post\" class=\"wpcf7-form init\" aria-label=\"Kontaktformular\" novalidate=\"novalidate\" data-status=\"init\">\n<fieldset class=\"hidden-fields-container\"><input type=\"hidden\" name=\"_wpcf7\" value=\"861\" \/><input type=\"hidden\" name=\"_wpcf7_version\" value=\"6.1.5\" \/><input type=\"hidden\" name=\"_wpcf7_locale\" value=\"de_DE\" \/><input type=\"hidden\" name=\"_wpcf7_unit_tag\" value=\"wpcf7-f861-o1\" \/><input type=\"hidden\" name=\"_wpcf7_container_post\" value=\"0\" \/><input type=\"hidden\" name=\"_wpcf7_posted_data_hash\" value=\"\" \/>\n<\/fieldset>\n<p><label> Ihr Name (Pflichtfeld)<br \/>\n<span class=\"wpcf7-form-control-wrap\" data-name=\"your-name\"><input size=\"40\" maxlength=\"400\" class=\"wpcf7-form-control wpcf7-text wpcf7-validates-as-required\" aria-required=\"true\" aria-invalid=\"false\" value=\"\" type=\"text\" name=\"your-name\" \/><\/span> <\/label>\n<\/p>\n<p><label> Ihre korrekte E-Mail-Adresse (Pflichtfeld)<br \/>\n<span class=\"wpcf7-form-control-wrap\" data-name=\"your-email\"><input size=\"40\" maxlength=\"400\" class=\"wpcf7-form-control wpcf7-email wpcf7-validates-as-required wpcf7-text wpcf7-validates-as-email\" aria-required=\"true\" aria-invalid=\"false\" value=\"\" type=\"email\" name=\"your-email\" \/><\/span> <\/label>\n<\/p>\n<p><label> Ihre Telefonnummer<br \/>\n<span class=\"wpcf7-form-control-wrap\" data-name=\"Telefon\"><input size=\"40\" maxlength=\"400\" class=\"wpcf7-form-control wpcf7-text\" aria-invalid=\"false\" value=\"\" type=\"text\" name=\"Telefon\" \/><\/span> <\/label>\n<\/p>\n<p><label> Ihr Wohnort<br \/>\n<span class=\"wpcf7-form-control-wrap\" data-name=\"Wohnort\"><input size=\"40\" maxlength=\"400\" class=\"wpcf7-form-control wpcf7-text\" aria-invalid=\"false\" value=\"\" type=\"text\" name=\"Wohnort\" \/><\/span> <\/label>\n<\/p>\n<p><label> Betreff<br \/>\n<span class=\"wpcf7-form-control-wrap\" data-name=\"your-subject\"><input size=\"40\" maxlength=\"400\" class=\"wpcf7-form-control wpcf7-text\" aria-invalid=\"false\" value=\"\" type=\"text\" name=\"your-subject\" \/><\/span> <\/label>\n<\/p>\n<p><label> Ihre Nachricht (Pflichtfeld)<br \/>\n<span class=\"wpcf7-form-control-wrap\" data-name=\"your-message\"><textarea cols=\"40\" rows=\"10\" maxlength=\"2000\" class=\"wpcf7-form-control wpcf7-textarea wpcf7-validates-as-required\" aria-required=\"true\" aria-invalid=\"false\" name=\"your-message\"><\/textarea><\/span> <\/label>\n<\/p>\n<p><input class=\"wpcf7-form-control wpcf7-submit has-spinner\" type=\"submit\" value=\"Senden\" \/>\n<\/p><div class=\"wpcf7-response-output\" aria-hidden=\"true\"><\/div>\n<\/form>\n<\/div>\n\n<p><a id=\"Hinweis\"><\/a><strong>Hinweise<\/strong><\/p>\n<ol>\n<li>Bitte beachten Sie unsere <a href=\"https:\/\/www.freidenker.org\/?page_id=868\" target=\"_blank\" rel=\"noopener noreferrer\">Datenschutzerkl\u00e4rung<\/a>.<\/li>\n<li>Wenn Sie \u00fcber eine abgesicherte Transportverbindung (TLS- \/ SSL-Verbindung) zu uns Kontakt aufnehmen m\u00f6chten, schreiben Sie uns bitte eine <a href=\"mailto:kontakt@freidenker.de\">E-Mail<\/a>. Achten Sie auf ein entsprechend korrekt konfiguriertes E-Mail-Programm und einen passenden E-Mail-Anbieter, wie bspw. <a href=\"https:\/\/www.mailbox.org\" target=\"_blank\" rel=\"noopener noreferrer\">Mailbox.org<\/a>,<a href=\"https:\/\/www.posteo.de\" target=\"_blank\" rel=\"noopener noreferrer\">\u00a0Posteo.de<\/a>\u00a0oder <a href=\"https:\/\/www.free.de\" target=\"_blank\" rel=\"noopener noreferrer\">free.de<\/a>.<\/li>\n<li>PGP- bzw. GPG-verschl\u00fcsselte Nachrichten k\u00f6nnen an die Adresse des <a href=\"mailto:webmaster@freidenker.org\">Webmaster<\/a> (siehe <a href=\"https:\/\/www.freidenker.org\/?page_id=74\">Impressum<\/a>) geschickt werden.<\/li>\n<\/ol>\n","protected":false},"excerpt":{"rendered":"<p>Wenn Sie Kontakt* zu uns aufnehmen wollen, schreiben Sie bitte eine E-Mail an: kontakt@freidenker.de Oder f\u00fcllen Sie nachfolgendes Formular aus<\/p>\n","protected":false},"author":2,"featured_media":1571,"parent":0,"menu_order":0,"comment_status":"closed","ping_status":"closed","template":"","meta":{"colormag_page_container_layout":"default_layout","colormag_page_sidebar_layout":"default_layout","advanced_seo_description":"","jetpack_seo_html_title":"","jetpack_seo_noindex":false,"jetpack_post_was_ever_published":false,"footnotes":""},"class_list":["post-863","page","type-page","status-publish","has-post-thumbnail","hentry"],"jetpack_shortlink":"https:\/\/wp.me\/P9stpK-dV","jetpack-related-posts":[{"id":868,"url":"https:\/\/www.freidenker.org\/?page_id=868","url_meta":{"origin":863,"position":0},"title":"Datenschutz","author":"Webmaster","date":"18. August 2016","format":false,"excerpt":"Dies ist die Datenschutzerkl\u00e4rung zur Nutzung unserer Online-Angebote.\u00a0 Zur Datenschutzerkl\u00e4rung zum Aufnahmeantrag siehe: https:\/\/www.freidenker.org\/?page_id=8221 Datenschutzerkl\u00e4rung Geltungsbereich Diese Datenschutzerkl\u00e4rung kl\u00e4rt Nutzer \u00fcber die Art, den Umfang und Zwecke der Erhebung und Verwendung personenbezogener Daten durch den verantwortlichen Anbieter Deutscher Freidenker-Verband e.V. und seiner\u00a0 Strukturen und Gliederungen\u00a0 (Kontaktm\u00f6glichkeiten siehe Impressum und Landesverb\u00e4nde)\u2026","rel":"","context":"\u00c4hnlicher Beitrag","block_context":{"text":"\u00c4hnlicher Beitrag","link":""},"img":{"alt_text":"","src":"https:\/\/i0.wp.com\/www.freidenker.org\/fw17\/wp-content\/uploads\/2016\/08\/binary-1922739_800x445.jpg?fit=800%2C445&ssl=1&resize=350%2C200","width":350,"height":200,"srcset":"https:\/\/i0.wp.com\/www.freidenker.org\/fw17\/wp-content\/uploads\/2016\/08\/binary-1922739_800x445.jpg?fit=800%2C445&ssl=1&resize=350%2C200 1x, https:\/\/i0.wp.com\/www.freidenker.org\/fw17\/wp-content\/uploads\/2016\/08\/binary-1922739_800x445.jpg?fit=800%2C445&ssl=1&resize=525%2C300 1.5x, https:\/\/i0.wp.com\/www.freidenker.org\/fw17\/wp-content\/uploads\/2016\/08\/binary-1922739_800x445.jpg?fit=800%2C445&ssl=1&resize=700%2C400 2x"},"classes":[]},{"id":2507,"url":"https:\/\/www.freidenker.org\/?page_id=2507","url_meta":{"origin":863,"position":1},"title":"Mitglied oder F\u00f6rdermitglied im Deutschen Freidenker-Verband e. V. werden","author":"Webredaktion","date":"9. Dezember 2017","format":false,"excerpt":"Freies Denken ist nicht nur Privatsache. Wer sich gegen Gehirnw\u00e4sche und Volksverdummung durch Medien, Geheimdienste, Milit\u00e4r, diversen Stiftungen, Kirchen usw. gemeinsam mit anderen zur Wehr setzen will, ist im Deutschen Freidenker-Verband willkommen. Aufnahmeantrag * (ca. 84 KB) f\u00fcr den Deutschen Freidenker-Verband e. V. auf dem Computer speichern, ausf\u00fcllen und per\u2026","rel":"","context":"\u00c4hnlicher Beitrag","block_context":{"text":"\u00c4hnlicher Beitrag","link":""},"img":{"alt_text":"","src":"https:\/\/i0.wp.com\/www.freidenker.org\/fw17\/wp-content\/uploads\/2017\/11\/Freidenker_Multilogo_grau.jpg?fit=800%2C445&ssl=1&resize=350%2C200","width":350,"height":200,"srcset":"https:\/\/i0.wp.com\/www.freidenker.org\/fw17\/wp-content\/uploads\/2017\/11\/Freidenker_Multilogo_grau.jpg?fit=800%2C445&ssl=1&resize=350%2C200 1x, https:\/\/i0.wp.com\/www.freidenker.org\/fw17\/wp-content\/uploads\/2017\/11\/Freidenker_Multilogo_grau.jpg?fit=800%2C445&ssl=1&resize=525%2C300 1.5x, https:\/\/i0.wp.com\/www.freidenker.org\/fw17\/wp-content\/uploads\/2017\/11\/Freidenker_Multilogo_grau.jpg?fit=800%2C445&ssl=1&resize=700%2C400 2x"},"classes":[]},{"id":1908,"url":"https:\/\/www.freidenker.org\/?page_id=1908","url_meta":{"origin":863,"position":2},"title":"Verbandsorgan FREIDENKER","author":"Webredaktion","date":"21. November 2017","format":false,"excerpt":"Der FREIDENKER ist das viertelj\u00e4hrlich erscheinende Verbandsorgan des Deutschen Freidenker-Verbandes e.V. Jedes Heft ist einem thematischen Schwerpunkt gewidmet und enth\u00e4lt au\u00dferdem die Rubriken Meldungen, Meinungen, Chronik, Aus den Landesverb\u00e4nden, Leserbriefe und B\u00fccher f\u00fcr Freidenker. Die Redaktion ist zu erreichen \u00fcber: Monique Broquard, Am Friedhof 10, 66280 Sulzbach, E-Mail: redaktion@freidenker.de Einen\u2026","rel":"","context":"\u00c4hnlicher Beitrag","block_context":{"text":"\u00c4hnlicher Beitrag","link":""},"img":{"alt_text":"","src":"https:\/\/i0.wp.com\/www.freidenker.org\/fw17\/wp-content\/uploads\/2016\/05\/FD_Komposition_800x445.jpg?fit=800%2C445&ssl=1&resize=350%2C200","width":350,"height":200,"srcset":"https:\/\/i0.wp.com\/www.freidenker.org\/fw17\/wp-content\/uploads\/2016\/05\/FD_Komposition_800x445.jpg?fit=800%2C445&ssl=1&resize=350%2C200 1x, https:\/\/i0.wp.com\/www.freidenker.org\/fw17\/wp-content\/uploads\/2016\/05\/FD_Komposition_800x445.jpg?fit=800%2C445&ssl=1&resize=525%2C300 1.5x, https:\/\/i0.wp.com\/www.freidenker.org\/fw17\/wp-content\/uploads\/2016\/05\/FD_Komposition_800x445.jpg?fit=800%2C445&ssl=1&resize=700%2C400 2x"},"classes":[]},{"id":74,"url":"https:\/\/www.freidenker.org\/?page_id=74","url_meta":{"origin":863,"position":3},"title":"Impressum","author":"Webmaster","date":"13. Mai 2016","format":false,"excerpt":"Herausgeber und Ansprechpartner Deutscher Freidenker-Verband e.V. c\/o Sebastian Bahlo Postfach 600721, D-60337 Frankfurt am Main Telefon +49 (0)69 46308639 kontakt@freidenker.de Der Deutsche Freidenker-Verband e.V. ist beim Amtsgericht Dortmund mit der Registernummer 1702 eingetragen. Webredaktion Sebastian Bahlo Klaus Hartmann Ralf Lux Jens Oldenburg Klaus von Raussendorff webredaktion@freidenker.org F\u00fcr unaufgefordert eingesandte Artikel,\u2026","rel":"","context":"\u00c4hnlicher Beitrag","block_context":{"text":"\u00c4hnlicher Beitrag","link":""},"img":{"alt_text":"","src":"https:\/\/i0.wp.com\/www.freidenker.org\/fw17\/wp-content\/uploads\/2016\/05\/imprint-2508606_800x445.jpg?fit=800%2C445&ssl=1&resize=350%2C200","width":350,"height":200,"srcset":"https:\/\/i0.wp.com\/www.freidenker.org\/fw17\/wp-content\/uploads\/2016\/05\/imprint-2508606_800x445.jpg?fit=800%2C445&ssl=1&resize=350%2C200 1x, https:\/\/i0.wp.com\/www.freidenker.org\/fw17\/wp-content\/uploads\/2016\/05\/imprint-2508606_800x445.jpg?fit=800%2C445&ssl=1&resize=525%2C300 1.5x, https:\/\/i0.wp.com\/www.freidenker.org\/fw17\/wp-content\/uploads\/2016\/05\/imprint-2508606_800x445.jpg?fit=800%2C445&ssl=1&resize=700%2C400 2x"},"classes":[]},{"id":77,"url":"https:\/\/www.freidenker.org\/?page_id=77","url_meta":{"origin":863,"position":4},"title":"Mitmachen","author":"Webmaster","date":"13. Mai 2016","format":false,"excerpt":"Freies Denken ist nicht nur Privatsache. Wer sich gegen Gehirnw\u00e4sche und Volksverdummung durch Medien, Geheimdienste, Milit\u00e4r, diversen Stiftungen, Kirchen usw. gemeinsam mit anderen zur Wehr setzen will, ist im Deutschen Freidenker-Verband willkommen. Mitglied oder F\u00f6rdermitglied im Deutschen Freidenker-Verband e. V. werden Mitgliedsantrag f\u00fcr den Deutschen Freidenker-Verband e. V. auf dem\u2026","rel":"","context":"\u00c4hnlicher Beitrag","block_context":{"text":"\u00c4hnlicher Beitrag","link":""},"img":{"alt_text":"","src":"https:\/\/i0.wp.com\/www.freidenker.org\/fw17\/wp-content\/uploads\/2017\/11\/Freidenker_Multilogo.jpg?fit=800%2C445&ssl=1&resize=350%2C200","width":350,"height":200,"srcset":"https:\/\/i0.wp.com\/www.freidenker.org\/fw17\/wp-content\/uploads\/2017\/11\/Freidenker_Multilogo.jpg?fit=800%2C445&ssl=1&resize=350%2C200 1x, https:\/\/i0.wp.com\/www.freidenker.org\/fw17\/wp-content\/uploads\/2017\/11\/Freidenker_Multilogo.jpg?fit=800%2C445&ssl=1&resize=525%2C300 1.5x, https:\/\/i0.wp.com\/www.freidenker.org\/fw17\/wp-content\/uploads\/2017\/11\/Freidenker_Multilogo.jpg?fit=800%2C445&ssl=1&resize=700%2C400 2x"},"classes":[]},{"id":99,"url":"https:\/\/www.freidenker.org\/?page_id=99","url_meta":{"origin":863,"position":5},"title":"Verbandsorgan FREIDENKER &#8211; Vertrieb","author":"Webmaster","date":"13. Mai 2016","format":false,"excerpt":"Verbandsorgan des Deutschen Freidenker-Verbandes e.V. abonnieren bzw. Einzelhefte bestellen Bestellformular * (ca. 93 KB) f\u00fcr den FREIDENKER auf Ihren Computer speichern, ausf\u00fcllen und per Post schicken an: Deutscher Freidenker-Verband e.V. FREIDENKER-Vertrieb Postfach 600721 60337 Frankfurt a.M. oder \u00fcber E-Mail an abo@freidenker.de bzw. vertrieb@freidenker.de senden. Bezugspreis j\u00e4hrlich: 10 \u20ac plus Versand\u2026","rel":"","context":"\u00c4hnlicher Beitrag","block_context":{"text":"\u00c4hnlicher Beitrag","link":""},"img":{"alt_text":"","src":"https:\/\/i0.wp.com\/www.freidenker.org\/fw17\/wp-content\/uploads\/2017\/11\/FD_Versand_v2.jpg?fit=800%2C445&ssl=1&resize=350%2C200","width":350,"height":200,"srcset":"https:\/\/i0.wp.com\/www.freidenker.org\/fw17\/wp-content\/uploads\/2017\/11\/FD_Versand_v2.jpg?fit=800%2C445&ssl=1&resize=350%2C200 1x, https:\/\/i0.wp.com\/www.freidenker.org\/fw17\/wp-content\/uploads\/2017\/11\/FD_Versand_v2.jpg?fit=800%2C445&ssl=1&resize=525%2C300 1.5x, https:\/\/i0.wp.com\/www.freidenker.org\/fw17\/wp-content\/uploads\/2017\/11\/FD_Versand_v2.jpg?fit=800%2C445&ssl=1&resize=700%2C400 2x"},"classes":[]}],"_links":{"self":[{"href":"https:\/\/www.freidenker.org\/index.php?rest_route=\/wp\/v2\/pages\/863","targetHints":{"allow":["GET"]}}],"collection":[{"href":"https:\/\/www.freidenker.org\/index.php?rest_route=\/wp\/v2\/pages"}],"about":[{"href":"https:\/\/www.freidenker.org\/index.php?rest_route=\/wp\/v2\/types\/page"}],"author":[{"embeddable":true,"href":"https:\/\/www.freidenker.org\/index.php?rest_route=\/wp\/v2\/users\/2"}],"replies":[{"embeddable":true,"href":"https:\/\/www.freidenker.org\/index.php?rest_route=%2Fwp%2Fv2%2Fcomments&post=863"}],"version-history":[{"count":0,"href":"https:\/\/www.freidenker.org\/index.php?rest_route=\/wp\/v2\/pages\/863\/revisions"}],"wp:featuredmedia":[{"embeddable":true,"href":"https:\/\/www.freidenker.org\/index.php?rest_route=\/wp\/v2\/media\/1571"}],"wp:attachment":[{"href":"https:\/\/www.freidenker.org\/index.php?rest_route=%2Fwp%2Fv2%2Fmedia&parent=863"}],"curies":[{"name":"wp","href":"https:\/\/api.w.org\/{rel}","templated":true}]}}