{"id":8221,"date":"2020-06-16T19:54:17","date_gmt":"2020-06-16T17:54:17","guid":{"rendered":"https:\/\/www.freidenker.org\/?page_id=8221"},"modified":"2020-06-16T20:00:17","modified_gmt":"2020-06-16T18:00:17","slug":"datenschutzerklaerung-zum-mitgliedschaftantrag","status":"publish","type":"page","link":"https:\/\/www.freidenker.org\/?page_id=8221","title":{"rendered":"Datenschutzerkl\u00e4rung zum Aufnahmeantrag"},"content":{"rendered":"<p><em>Dies ist die Datenschutzerkl\u00e4rung zum <a href=\"https:\/\/www.freidenker.org\/?page_id=2507\">Aufnahmeantrag<\/a>. Zur Datenschutzerkl\u00e4rung zur Nutzung unserer Online-Angebote siehe: <a href=\"https:\/\/www.freidenker.org\/?page_id=868\">https:\/\/www.freidenker.org\/?page_id=868<\/a><\/em><\/p>\n<p><strong>\u00a0<\/strong><\/p>\n<p>Der Deutsche Freidenker-Verband speichert die personenbezogenen Daten von Mitgliedern und F\u00f6rdermitgliedern zu administrativen Zwecken, zur Kommunikation mit den Mitgliedern, zur Beitragskassierung und zum Versand des Verbandsorgans. Die Daten werden in einer zentralen elektronischen Datenbank gespeichert. Die Daten jedes Mitglieds oder F\u00f6rdermitglieds k\u00f6nnen nur von Verantwortlichen auf den jeweils zust\u00e4ndigen Ebenen Orts-\/Kreisvorstand, Landesvorstand, gesch\u00e4ftsf\u00fchrender Bundesvorstand eingesehen und bearbeitet werden. Um den Versand des Verbandsorgans zu gew\u00e4hrleisten, m\u00fcssen Namen und Postanschriften von Mitgliedern, F\u00f6rdermitgliedern und Abonnenten an die jeweils beauftragte Druckerei und an den jeweils beauftragten Versanddienstleister weitergegeben werden, vorausgesetzt, dass diese sich ihrerseits zur rechtskonformen Behandlung der Datens\u00e4tze verpflichtet haben. Die Daten von Abonnenten, die nicht Mitglieder oder F\u00f6rdermitglieder sind, werden in der zentralen Datenbank gespeichert und k\u00f6nnen von Verantwortlichen auf Landes- und Bundesebene eingesehen und bearbeitet werden. Die personenbezogenen Daten von Menschen, die ihr Interesse an einem Kontakt mit dem Deutschen Freidenker-Verband bekundet haben, ohne Mitglieder, F\u00f6rdermitglieder oder Abonnenten zu sein, werden nur zu Kommunikationszwecken in der zentralen Datenbank gespeichert und nicht an Dritte weitergegeben, Speicherung und Verarbeitung sind wie bei Mitgliedern geregelt.<\/p>\n<p>In Papierform oder in elektronischen Nachrichten \u00fcbermittelte Datens\u00e4tze werden nach ihrer \u00dcbertragung in die zentrale elektronische Datenbank archiviert, solange das die Datenerhebung notwendig machende Verh\u00e4ltnis besteht. Nach dessen endg\u00fcltiger Beendigung werden alle damit in Verbindung stehenden Daten vernichtet.<\/p>\n<p>Die Verarbeitung und \u00dcbermittlung der Daten erfolgt nach Ma\u00dfgaben gr\u00f6\u00dftm\u00f6glicher Sicherheitsstandards. Eine Garantie f\u00fcr eventuelle Sicherheitsl\u00fccken in den \u00dcbertragungswegen kann jedoch nicht gegeben werden.<\/p>\n<p>Die Verarbeitung von personenbezogenen Daten zu anderen als den genannten Zwecken oder auf andere als die genannte Weise oder durch einen anderen als den beschriebenen Personenkreis findet nicht ohne ausdr\u00fcckliche Einwilligung der betroffenen Person statt.<\/p>\n<p>Personenbezogene Daten werden auf Antrag des Betroffenen umgehend in der Datenbank berichtigt oder gel\u00f6scht.<\/p>\n<p>Besteht ein Verdacht auf missbr\u00e4uchliche Nutzung der Daten, so kann jederzeit Beschwerde bei der zust\u00e4ndigen Aufsichtsbeh\u00f6rde (Die Landesbeauftragte f\u00fcr Datenschutz und Informationsfreiheit Nordrhein-Westfalen) gef\u00fchrt werden.<\/p>\n<p>Diese Information entspricht den Vorgaben in Art. 13 Abs. 1 und Abs. 2 der Datenschutz-Grundverordnung (DS-GVO).<\/p>\n<p>Mit meiner Unterschrift stimme ich der Speicherung und Verarbeitung meiner oben angegebenen personenbezogenen Daten zu. Ich kann die Einwilligung jederzeit widerrufen.<\/p>\n","protected":false},"excerpt":{"rendered":"<p>Dies ist die Datenschutzerkl\u00e4rung zum Aufnahmeantrag. Zur Datenschutzerkl\u00e4rung zur Nutzung unserer Online-Angebote siehe: https:\/\/www.freidenker.org\/?page_id=868 \u00a0 Der Deutsche Freidenker-Verband speichert die<\/p>\n","protected":false},"author":3,"featured_media":0,"parent":0,"menu_order":0,"comment_status":"closed","ping_status":"closed","template":"","meta":{"colormag_page_container_layout":"default_layout","colormag_page_sidebar_layout":"default_layout","advanced_seo_description":"","jetpack_seo_html_title":"","jetpack_seo_noindex":false,"jetpack_post_was_ever_published":false,"footnotes":""},"class_list":["post-8221","page","type-page","status-publish","hentry"],"jetpack_shortlink":"https:\/\/wp.me\/P9stpK-28B","jetpack-related-posts":[{"id":8959,"url":"https:\/\/www.freidenker.org\/?page_id=8959","url_meta":{"origin":8221,"position":0},"title":"Datenschutzordnung","author":"Webredaktion","date":"6. Dezember 2020","format":false,"excerpt":"\u00a0 Datenschutzordnung des Deutschen Freidenker-Verbandes e.V.\u00a0 im PDF-Format (ca. 41 KB) Deutscher Freidenker-Verband Verbandsvorstand \u00a0 Datenschutzordnung Letzte Fassung beschlossen am 3.10.2020 \u00a0 I Rechtsgrundlagen Diese Datenschutzordnung dient der Sicherstellung des rechtskonformen Umgangs mitpersonenbezogenen Daten durch die Organe des Deutschen Freidenker-Verbands (DFV), insbesondere im Sinne der EU-Datenschutzgrundverordnung (DSGVO) und des Bundesdatenschutzgesetzes\u2026","rel":"","context":"\u00c4hnlicher Beitrag","block_context":{"text":"\u00c4hnlicher Beitrag","link":""},"img":{"alt_text":"","src":"https:\/\/i0.wp.com\/www.freidenker.org\/fw17\/wp-content\/uploads\/2020\/12\/privacy-policy-2117996_800x450.jpg?fit=800%2C450&ssl=1&resize=350%2C200","width":350,"height":200,"srcset":"https:\/\/i0.wp.com\/www.freidenker.org\/fw17\/wp-content\/uploads\/2020\/12\/privacy-policy-2117996_800x450.jpg?fit=800%2C450&ssl=1&resize=350%2C200 1x, https:\/\/i0.wp.com\/www.freidenker.org\/fw17\/wp-content\/uploads\/2020\/12\/privacy-policy-2117996_800x450.jpg?fit=800%2C450&ssl=1&resize=525%2C300 1.5x, https:\/\/i0.wp.com\/www.freidenker.org\/fw17\/wp-content\/uploads\/2020\/12\/privacy-policy-2117996_800x450.jpg?fit=800%2C450&ssl=1&resize=700%2C400 2x"},"classes":[]},{"id":868,"url":"https:\/\/www.freidenker.org\/?page_id=868","url_meta":{"origin":8221,"position":1},"title":"Datenschutz","author":"Webmaster","date":"18. August 2016","format":false,"excerpt":"Dies ist die Datenschutzerkl\u00e4rung zur Nutzung unserer Online-Angebote.\u00a0 Zur Datenschutzerkl\u00e4rung zum Aufnahmeantrag siehe: https:\/\/www.freidenker.org\/?page_id=8221 Datenschutzerkl\u00e4rung Geltungsbereich Diese Datenschutzerkl\u00e4rung kl\u00e4rt Nutzer \u00fcber die Art, den Umfang und Zwecke der Erhebung und Verwendung personenbezogener Daten durch den verantwortlichen Anbieter Deutscher Freidenker-Verband e.V. und seiner\u00a0 Strukturen und Gliederungen\u00a0 (Kontaktm\u00f6glichkeiten siehe Impressum und Landesverb\u00e4nde)\u2026","rel":"","context":"\u00c4hnlicher Beitrag","block_context":{"text":"\u00c4hnlicher Beitrag","link":""},"img":{"alt_text":"","src":"https:\/\/i0.wp.com\/www.freidenker.org\/fw17\/wp-content\/uploads\/2016\/08\/binary-1922739_800x445.jpg?fit=800%2C445&ssl=1&resize=350%2C200","width":350,"height":200,"srcset":"https:\/\/i0.wp.com\/www.freidenker.org\/fw17\/wp-content\/uploads\/2016\/08\/binary-1922739_800x445.jpg?fit=800%2C445&ssl=1&resize=350%2C200 1x, https:\/\/i0.wp.com\/www.freidenker.org\/fw17\/wp-content\/uploads\/2016\/08\/binary-1922739_800x445.jpg?fit=800%2C445&ssl=1&resize=525%2C300 1.5x, https:\/\/i0.wp.com\/www.freidenker.org\/fw17\/wp-content\/uploads\/2016\/08\/binary-1922739_800x445.jpg?fit=800%2C445&ssl=1&resize=700%2C400 2x"},"classes":[]},{"id":74,"url":"https:\/\/www.freidenker.org\/?page_id=74","url_meta":{"origin":8221,"position":2},"title":"Impressum","author":"Webmaster","date":"13. Mai 2016","format":false,"excerpt":"Herausgeber und Ansprechpartner Deutscher Freidenker-Verband e.V. c\/o Sebastian Bahlo Postfach 600721, D-60337 Frankfurt am Main Telefon +49 (0)69 46308639 kontakt@freidenker.de Der Deutsche Freidenker-Verband e.V. ist beim Amtsgericht Dortmund mit der Registernummer 1702 eingetragen. Webredaktion Sebastian Bahlo Klaus Hartmann Ralf Lux Jens Oldenburg Klaus von Raussendorff webredaktion@freidenker.org F\u00fcr unaufgefordert eingesandte Artikel,\u2026","rel":"","context":"\u00c4hnlicher Beitrag","block_context":{"text":"\u00c4hnlicher Beitrag","link":""},"img":{"alt_text":"","src":"https:\/\/i0.wp.com\/www.freidenker.org\/fw17\/wp-content\/uploads\/2016\/05\/imprint-2508606_800x445.jpg?fit=800%2C445&ssl=1&resize=350%2C200","width":350,"height":200,"srcset":"https:\/\/i0.wp.com\/www.freidenker.org\/fw17\/wp-content\/uploads\/2016\/05\/imprint-2508606_800x445.jpg?fit=800%2C445&ssl=1&resize=350%2C200 1x, https:\/\/i0.wp.com\/www.freidenker.org\/fw17\/wp-content\/uploads\/2016\/05\/imprint-2508606_800x445.jpg?fit=800%2C445&ssl=1&resize=525%2C300 1.5x, https:\/\/i0.wp.com\/www.freidenker.org\/fw17\/wp-content\/uploads\/2016\/05\/imprint-2508606_800x445.jpg?fit=800%2C445&ssl=1&resize=700%2C400 2x"},"classes":[]},{"id":72,"url":"https:\/\/www.freidenker.org\/?page_id=72","url_meta":{"origin":8221,"position":3},"title":"Satzung des Deutschen Freidenker-Verbandes e.V.","author":"Webmaster","date":"13. Mai 2016","format":false,"excerpt":"Beschlossen vom Verbandstag am 1.\/2. Juni 1991 in Braunschweig, zuletzt ge\u00e4ndert vom Verbandstag am 26.\/27. Juni 2021 in Raunheim\/Main Die vollst\u00e4ndige Satzung kann hier als\u00a0 PDF-Dokument angesehen und heruntergeladen werden: \u00a0 Satzung des Deutschen Freidenker-Verbandes e.V.\u00a0 im PDF-Format (ca. 209 KB) Satzung des Deutschen Freidenker-Verbandes e.V. \u00a7 1 - Name\u2026","rel":"","context":"\u00c4hnlicher Beitrag","block_context":{"text":"\u00c4hnlicher Beitrag","link":""},"img":{"alt_text":"","src":"https:\/\/i0.wp.com\/www.freidenker.org\/fw17\/wp-content\/uploads\/2017\/11\/Freidenker_Multilogo_grau.jpg?fit=800%2C445&ssl=1&resize=350%2C200","width":350,"height":200,"srcset":"https:\/\/i0.wp.com\/www.freidenker.org\/fw17\/wp-content\/uploads\/2017\/11\/Freidenker_Multilogo_grau.jpg?fit=800%2C445&ssl=1&resize=350%2C200 1x, https:\/\/i0.wp.com\/www.freidenker.org\/fw17\/wp-content\/uploads\/2017\/11\/Freidenker_Multilogo_grau.jpg?fit=800%2C445&ssl=1&resize=525%2C300 1.5x, https:\/\/i0.wp.com\/www.freidenker.org\/fw17\/wp-content\/uploads\/2017\/11\/Freidenker_Multilogo_grau.jpg?fit=800%2C445&ssl=1&resize=700%2C400 2x"},"classes":[]},{"id":64,"url":"https:\/\/www.freidenker.org\/?page_id=64","url_meta":{"origin":8221,"position":4},"title":"Berliner Erkl\u00e4rung: &#8222;Wer sind die Freidenker und was wollen sie?&#8220;","author":"Webmaster","date":"13. Mai 2016","format":false,"excerpt":"Beschlossen vom Verbandstag am 4.\/5. Juni 1994 in Berlin Wer sind wir Freidenker? Seit dem 1. Juni 1991 sind die Freidenker wieder in einem gemeinsamen Deutschen Freidenker-Verband mit Sitz in Dortmund und Landesverb\u00e4nden in allen Bundesl\u00e4ndern vereinigt. Der Deutsche Freidenker-Verband ist Weltanschauungsgemeinschaft, Kulturorganisation und Interessenvertretung konfessionsfreier Menschen. Er steht in\u2026","rel":"","context":"\u00c4hnlicher Beitrag","block_context":{"text":"\u00c4hnlicher Beitrag","link":""},"img":{"alt_text":"","src":"https:\/\/i0.wp.com\/www.freidenker.org\/fw17\/wp-content\/uploads\/2017\/11\/FD_WG_IVKM_KO.jpg?fit=800%2C445&ssl=1&resize=350%2C200","width":350,"height":200,"srcset":"https:\/\/i0.wp.com\/www.freidenker.org\/fw17\/wp-content\/uploads\/2017\/11\/FD_WG_IVKM_KO.jpg?fit=800%2C445&ssl=1&resize=350%2C200 1x, https:\/\/i0.wp.com\/www.freidenker.org\/fw17\/wp-content\/uploads\/2017\/11\/FD_WG_IVKM_KO.jpg?fit=800%2C445&ssl=1&resize=525%2C300 1.5x, https:\/\/i0.wp.com\/www.freidenker.org\/fw17\/wp-content\/uploads\/2017\/11\/FD_WG_IVKM_KO.jpg?fit=800%2C445&ssl=1&resize=700%2C400 2x"},"classes":[]},{"id":68,"url":"https:\/\/www.freidenker.org\/?page_id=68","url_meta":{"origin":8221,"position":5},"title":"Tradition und Erbe","author":"Webmaster","date":"13. Mai 2016","format":false,"excerpt":"Aus der Geschichte der Freidenker Lange vor Beginn der organisierten Freidenker-Bewegung suchten Menschen nach einem freien geistigen Fundament f\u00fcr ein eigenverantwortlich gestaltetes Leben und Selbstverwirklichung. Zu den fr\u00fchesten Beispielen z\u00e4hlen Kaiserin Teje und ihr Sohn Echnaton im \u00c4gypten des 15. und 14. Jahrhunderts vor unserer Zeitrechnung sowie der chinesische Kaiser\u2026","rel":"","context":"\u00c4hnlicher Beitrag","block_context":{"text":"\u00c4hnlicher Beitrag","link":""},"img":{"alt_text":"","src":"https:\/\/i0.wp.com\/www.freidenker.org\/fw17\/wp-content\/uploads\/2016\/05\/Eugene_Delacroix_-_La_liberte_guidant_le_peuple_800x445.jpg?fit=800%2C445&ssl=1&resize=350%2C200","width":350,"height":200,"srcset":"https:\/\/i0.wp.com\/www.freidenker.org\/fw17\/wp-content\/uploads\/2016\/05\/Eugene_Delacroix_-_La_liberte_guidant_le_peuple_800x445.jpg?fit=800%2C445&ssl=1&resize=350%2C200 1x, https:\/\/i0.wp.com\/www.freidenker.org\/fw17\/wp-content\/uploads\/2016\/05\/Eugene_Delacroix_-_La_liberte_guidant_le_peuple_800x445.jpg?fit=800%2C445&ssl=1&resize=525%2C300 1.5x, https:\/\/i0.wp.com\/www.freidenker.org\/fw17\/wp-content\/uploads\/2016\/05\/Eugene_Delacroix_-_La_liberte_guidant_le_peuple_800x445.jpg?fit=800%2C445&ssl=1&resize=700%2C400 2x"},"classes":[]}],"_links":{"self":[{"href":"https:\/\/www.freidenker.org\/index.php?rest_route=\/wp\/v2\/pages\/8221","targetHints":{"allow":["GET"]}}],"collection":[{"href":"https:\/\/www.freidenker.org\/index.php?rest_route=\/wp\/v2\/pages"}],"about":[{"href":"https:\/\/www.freidenker.org\/index.php?rest_route=\/wp\/v2\/types\/page"}],"author":[{"embeddable":true,"href":"https:\/\/www.freidenker.org\/index.php?rest_route=\/wp\/v2\/users\/3"}],"replies":[{"embeddable":true,"href":"https:\/\/www.freidenker.org\/index.php?rest_route=%2Fwp%2Fv2%2Fcomments&post=8221"}],"version-history":[{"count":0,"href":"https:\/\/www.freidenker.org\/index.php?rest_route=\/wp\/v2\/pages\/8221\/revisions"}],"wp:attachment":[{"href":"https:\/\/www.freidenker.org\/index.php?rest_route=%2Fwp%2Fv2%2Fmedia&parent=8221"}],"curies":[{"name":"wp","href":"https:\/\/api.w.org\/{rel}","templated":true}]}}