{"id":77,"date":"2016-05-13T17:29:50","date_gmt":"2016-05-13T15:29:50","guid":{"rendered":"http:\/\/www.freidenker.org\/fw17\/?page_id=77"},"modified":"2024-08-10T12:56:57","modified_gmt":"2024-08-10T10:56:57","slug":"mitmachen","status":"publish","type":"page","link":"https:\/\/www.freidenker.org\/?page_id=77","title":{"rendered":"Mitmachen"},"content":{"rendered":"<p>Freies Denken ist nicht nur Privatsache. Wer sich gegen Gehirnw\u00e4sche und Volksverdummung durch Medien, Geheimdienste, Milit\u00e4r, diversen Stiftungen, Kirchen usw. gemeinsam mit anderen zur Wehr setzen will, ist im Deutschen Freidenker-Verband willkommen.<\/p>\n<hr \/>\n<h4>Mitglied oder F\u00f6rdermitglied im Deutschen Freidenker-Verband e. V. werden<\/h4>\n<p><strong><a href=\"https:\/\/www.freidenker.org\/?page_id=2507\" rel=\"noopener\">Mitgliedsantrag<\/a><\/strong> f\u00fcr den Deutschen Freidenker-Verband e. V. auf dem Computer speichern, ausf\u00fcllen und per Post schicken an: Deutscher Freidenker-Verband e.V., Postfach 600721, 60337 Frankfurt am Main,\u00a0<img data-recalc-dims=\"1\" loading=\"lazy\" decoding=\"async\" data-attachment-id=\"2511\" data-permalink=\"https:\/\/www.freidenker.org\/?attachment_id=2511\" data-orig-file=\"https:\/\/i0.wp.com\/www.freidenker.org\/fw17\/wp-content\/uploads\/2017\/12\/mail.gif?fit=17%2C11&amp;ssl=1\" data-orig-size=\"17,11\" data-comments-opened=\"0\" data-image-meta=\"{&quot;aperture&quot;:&quot;0&quot;,&quot;credit&quot;:&quot;&quot;,&quot;camera&quot;:&quot;&quot;,&quot;caption&quot;:&quot;&quot;,&quot;created_timestamp&quot;:&quot;0&quot;,&quot;copyright&quot;:&quot;&quot;,&quot;focal_length&quot;:&quot;0&quot;,&quot;iso&quot;:&quot;0&quot;,&quot;shutter_speed&quot;:&quot;0&quot;,&quot;title&quot;:&quot;&quot;,&quot;orientation&quot;:&quot;0&quot;}\" data-image-title=\"mail\" data-image-description=\"\" data-image-caption=\"\" data-large-file=\"https:\/\/i0.wp.com\/www.freidenker.org\/fw17\/wp-content\/uploads\/2017\/12\/mail.gif?fit=17%2C11&amp;ssl=1\" class=\"alignnone size-full wp-image-2511\" src=\"https:\/\/i0.wp.com\/www.freidenker.org\/fw17\/wp-content\/uploads\/2017\/12\/mail.gif?resize=17%2C11&#038;ssl=1\" alt=\"\" width=\"17\" height=\"11\" \/> E-Mail <a href=\"mailto:mitgliederverwaltung@freidenker.de\" target=\"_blank\" rel=\"noopener noreferrer\">mitgliederverwaltung@freidenker.de<\/a><\/p>\n<p>Bitte mindestens 5 \u20ac monatlich eintragen. Der Bezugspreis der Verbandszeitschrift \u201eFREIDENKER\u201c ist im Mitgliedsbeitrag enthalten<\/p>\n<hr \/>\n<h4>Das Verbandsorgan des Deutschen Freidenker-Verbandes e.V. abonnieren, Einzelhefte oder weitere Dokumentationen bestellen<\/h4>\n<p><strong><a href=\"https:\/\/www.freidenker.org\/?page_id=99\" rel=\"noopener\">Bestellformular<\/a><\/strong> f\u00fcr den \u201eFreidenker\u201c auf Ihren Computer speichern, ausf\u00fcllen und per Post schicken an: Deutscher Freidenker-Verband e.V., FREIDENKER-Vertrieb, Postfach 200107, 85509 Ottobrunn oder \u00fcber E-Mail an\u00a0<img data-recalc-dims=\"1\" loading=\"lazy\" decoding=\"async\" data-attachment-id=\"2511\" data-permalink=\"https:\/\/www.freidenker.org\/?attachment_id=2511\" data-orig-file=\"https:\/\/i0.wp.com\/www.freidenker.org\/fw17\/wp-content\/uploads\/2017\/12\/mail.gif?fit=17%2C11&amp;ssl=1\" data-orig-size=\"17,11\" data-comments-opened=\"0\" data-image-meta=\"{&quot;aperture&quot;:&quot;0&quot;,&quot;credit&quot;:&quot;&quot;,&quot;camera&quot;:&quot;&quot;,&quot;caption&quot;:&quot;&quot;,&quot;created_timestamp&quot;:&quot;0&quot;,&quot;copyright&quot;:&quot;&quot;,&quot;focal_length&quot;:&quot;0&quot;,&quot;iso&quot;:&quot;0&quot;,&quot;shutter_speed&quot;:&quot;0&quot;,&quot;title&quot;:&quot;&quot;,&quot;orientation&quot;:&quot;0&quot;}\" data-image-title=\"mail\" data-image-description=\"\" data-image-caption=\"\" data-large-file=\"https:\/\/i0.wp.com\/www.freidenker.org\/fw17\/wp-content\/uploads\/2017\/12\/mail.gif?fit=17%2C11&amp;ssl=1\" class=\"alignnone size-full wp-image-2511\" src=\"https:\/\/i0.wp.com\/www.freidenker.org\/fw17\/wp-content\/uploads\/2017\/12\/mail.gif?resize=17%2C11&#038;ssl=1\" alt=\"\" width=\"17\" height=\"11\" \/> <a href=\"mailto:vertrieb@freidenker.de\">vertrieb@freidenker.de<\/a> absenden. Telefonische Nachfragen sind auch \u00fcber\u00a008031-94 15 790 m\u00f6glich.<\/p>\n<p>Bezugspreis j\u00e4hrlich: 10 \u20ac plus Versand<br \/>\nEinzelheft: 2,50 \u20ac plus Versand<\/p>\n<hr \/>\n<h4>Freidenker-Brief abonnieren<\/h4>\n<p>Bleiben Sie aktuell! Jetzt den Freidenker-Brief abonnieren. Den Newsletter des Deutschen Freidenker-Verbandes e.V. gibt es hier: <strong><a href=\"https:\/\/www.freidenker-brief.de\" target=\"_blank\" rel=\"noopener noreferrer\">https:\/\/www.freidenker-brief.de<\/a><\/strong><\/p>\n<hr \/>\n<h4>Freidenker-ML<\/h4>\n<p>Diese\u00a0<a href=\"http:\/\/freidenker-ml.brandenburger-freidenker.org\/\" target=\"_blank\" rel=\"noopener noreferrer\"><strong>Mailingliste<\/strong><\/a>\u00a0ist ein <strong>Diskussionsangebot des Brandenburgischen Freidenker-Verbandes<\/strong> f\u00fcr Mitglieder des Deutschen Freidenker-Verbandes e.V. und \/ oder seiner Untergliederungen. Anmelden kann sich jedes Mitglied des Deutschen Freidenker-Verbandes e.V. \u00a0<em>\u00dcber die Teilnahme von G\u00e4sten entscheiden die Mailinglistenadministratoren individuell.<\/em>\u00a0 Erwartet werden tolerante Umgangsformen, unerw\u00fcnscht sind rassistische und diskriminierende Postings, sowie Werbem\u00fcll aller Art. Der Ein- bzw. Austrag erfolgt <a href=\"http:\/\/freidenker-ml.brandenburger-freidenker.org\/\" target=\"_blank\" rel=\"noopener noreferrer\"><strong>hier<\/strong><\/a>. Bitte beachtet unsere\u00a0<strong><a href=\"http:\/\/netiquette.brandenburger-freidenker.org\/\" rel=\"noopener\">Netiquette<\/a><\/strong>. Fragen oder Hinweise bitte an folgende E-Mail-Adresse richten:\u00a0<a href=\"mailto:webmaster@brandenburger-freidenker.de\" target=\"_blank\" rel=\"noopener noreferrer\">webmaster@brandenburger-freidenker.de<\/a>.<\/p>\n<hr \/>\n<h4>Unsere Facebook-Seite<\/h4>\n<p>Wir sind auf Facebook mit einer eigenen Seite vertreten. Dort k\u00f6nnt Ihr auch die neuesten Informationen rund um den Deutschen Freidenker-Verband e.V. erhalten. Sofern Ihr Mitglied bei Facebook seid, k\u00f6nnt Ihr unserer Seite als &#8222;Fan&#8220; beitreten bzw. den &#8222;Gef\u00e4llt mir&#8220;-Button anklicken. Folgt diesem Hyperlink: <a href=\"https:\/\/www.facebook.com\/freidenker.org\" target=\"_blank\" rel=\"noopener\">https:\/\/www.facebook.com\/freidenker.org<\/a><\/p>\n<p>Zur Information: Eine Diskussionsgruppe im Sozialen Netzwerk Facebook betreiben wir nicht.<\/p>\n","protected":false},"excerpt":{"rendered":"<p>Freies Denken ist nicht nur Privatsache. Wer sich gegen Gehirnw\u00e4sche und Volksverdummung durch Medien, Geheimdienste, Milit\u00e4r, diversen Stiftungen, Kirchen usw.<\/p>\n","protected":false},"author":2,"featured_media":1526,"parent":0,"menu_order":0,"comment_status":"closed","ping_status":"closed","template":"","meta":{"colormag_page_container_layout":"default_layout","colormag_page_sidebar_layout":"default_layout","advanced_seo_description":"","jetpack_seo_html_title":"","jetpack_seo_noindex":false,"jetpack_post_was_ever_published":false,"footnotes":""},"class_list":["post-77","page","type-page","status-publish","has-post-thumbnail","hentry"],"jetpack_shortlink":"https:\/\/wp.me\/P9stpK-1f","jetpack-related-posts":[{"id":2507,"url":"https:\/\/www.freidenker.org\/?page_id=2507","url_meta":{"origin":77,"position":0},"title":"Mitglied oder F\u00f6rdermitglied im Deutschen Freidenker-Verband e. V. werden","author":"Webredaktion","date":"9. Dezember 2017","format":false,"excerpt":"Freies Denken ist nicht nur Privatsache. Wer sich gegen Gehirnw\u00e4sche und Volksverdummung durch Medien, Geheimdienste, Milit\u00e4r, diversen Stiftungen, Kirchen usw. gemeinsam mit anderen zur Wehr setzen will, ist im Deutschen Freidenker-Verband willkommen. Aufnahmeantrag * (ca. 84 KB) f\u00fcr den Deutschen Freidenker-Verband e. V. auf dem Computer speichern, ausf\u00fcllen und per\u2026","rel":"","context":"\u00c4hnlicher Beitrag","block_context":{"text":"\u00c4hnlicher Beitrag","link":""},"img":{"alt_text":"","src":"https:\/\/i0.wp.com\/www.freidenker.org\/fw17\/wp-content\/uploads\/2017\/11\/Freidenker_Multilogo_grau.jpg?fit=800%2C445&ssl=1&resize=350%2C200","width":350,"height":200,"srcset":"https:\/\/i0.wp.com\/www.freidenker.org\/fw17\/wp-content\/uploads\/2017\/11\/Freidenker_Multilogo_grau.jpg?fit=800%2C445&ssl=1&resize=350%2C200 1x, https:\/\/i0.wp.com\/www.freidenker.org\/fw17\/wp-content\/uploads\/2017\/11\/Freidenker_Multilogo_grau.jpg?fit=800%2C445&ssl=1&resize=525%2C300 1.5x, https:\/\/i0.wp.com\/www.freidenker.org\/fw17\/wp-content\/uploads\/2017\/11\/Freidenker_Multilogo_grau.jpg?fit=800%2C445&ssl=1&resize=700%2C400 2x"},"classes":[]},{"id":1906,"url":"https:\/\/www.freidenker.org\/?page_id=1906","url_meta":{"origin":77,"position":1},"title":"Der Verband","author":"Webredaktion","date":"21. November 2017","format":false,"excerpt":"Der Deutsche Freidenker-Verband ist Weltanschauungsgemeinschaft, Kulturorganisation und Interessenvertretung konfessionsfreier Menschen. Hier finden Sie Informationen \u00fcber die Geschichte der Freidenkerbewegung, unsere Grundsatzdokumente (Berliner Erkl\u00e4rung, Satzung), wichtige Beschl\u00fcsse und Positionen, Kontaktadressen des Vorstandes und der Landesverb\u00e4nde sowie Links zu Partnerorganisationen. Im Einzelnen: \u00a0 Einen kurzen Abriss \u00fcber die Geschichte des Freien Denkens\u2026","rel":"","context":"\u00c4hnlicher Beitrag","block_context":{"text":"\u00c4hnlicher Beitrag","link":""},"img":{"alt_text":"","src":"https:\/\/i0.wp.com\/www.freidenker.org\/fw17\/wp-content\/uploads\/2017\/11\/FD_WG_IVKM_KO.jpg?fit=800%2C445&ssl=1&resize=350%2C200","width":350,"height":200,"srcset":"https:\/\/i0.wp.com\/www.freidenker.org\/fw17\/wp-content\/uploads\/2017\/11\/FD_WG_IVKM_KO.jpg?fit=800%2C445&ssl=1&resize=350%2C200 1x, https:\/\/i0.wp.com\/www.freidenker.org\/fw17\/wp-content\/uploads\/2017\/11\/FD_WG_IVKM_KO.jpg?fit=800%2C445&ssl=1&resize=525%2C300 1.5x, https:\/\/i0.wp.com\/www.freidenker.org\/fw17\/wp-content\/uploads\/2017\/11\/FD_WG_IVKM_KO.jpg?fit=800%2C445&ssl=1&resize=700%2C400 2x"},"classes":[]},{"id":8959,"url":"https:\/\/www.freidenker.org\/?page_id=8959","url_meta":{"origin":77,"position":2},"title":"Datenschutzordnung","author":"Webredaktion","date":"6. Dezember 2020","format":false,"excerpt":"\u00a0 Datenschutzordnung des Deutschen Freidenker-Verbandes e.V.\u00a0 im PDF-Format (ca. 41 KB) Deutscher Freidenker-Verband Verbandsvorstand \u00a0 Datenschutzordnung Letzte Fassung beschlossen am 3.10.2020 \u00a0 I Rechtsgrundlagen Diese Datenschutzordnung dient der Sicherstellung des rechtskonformen Umgangs mitpersonenbezogenen Daten durch die Organe des Deutschen Freidenker-Verbands (DFV), insbesondere im Sinne der EU-Datenschutzgrundverordnung (DSGVO) und des Bundesdatenschutzgesetzes\u2026","rel":"","context":"\u00c4hnlicher Beitrag","block_context":{"text":"\u00c4hnlicher Beitrag","link":""},"img":{"alt_text":"","src":"https:\/\/i0.wp.com\/www.freidenker.org\/fw17\/wp-content\/uploads\/2020\/12\/privacy-policy-2117996_800x450.jpg?fit=800%2C450&ssl=1&resize=350%2C200","width":350,"height":200,"srcset":"https:\/\/i0.wp.com\/www.freidenker.org\/fw17\/wp-content\/uploads\/2020\/12\/privacy-policy-2117996_800x450.jpg?fit=800%2C450&ssl=1&resize=350%2C200 1x, https:\/\/i0.wp.com\/www.freidenker.org\/fw17\/wp-content\/uploads\/2020\/12\/privacy-policy-2117996_800x450.jpg?fit=800%2C450&ssl=1&resize=525%2C300 1.5x, https:\/\/i0.wp.com\/www.freidenker.org\/fw17\/wp-content\/uploads\/2020\/12\/privacy-policy-2117996_800x450.jpg?fit=800%2C450&ssl=1&resize=700%2C400 2x"},"classes":[]},{"id":72,"url":"https:\/\/www.freidenker.org\/?page_id=72","url_meta":{"origin":77,"position":3},"title":"Satzung des Deutschen Freidenker-Verbandes e.V.","author":"Webmaster","date":"13. Mai 2016","format":false,"excerpt":"Beschlossen vom Verbandstag am 1.\/2. Juni 1991 in Braunschweig, zuletzt ge\u00e4ndert vom Verbandstag am 26.\/27. Juni 2021 in Raunheim\/Main Die vollst\u00e4ndige Satzung kann hier als\u00a0 PDF-Dokument angesehen und heruntergeladen werden: \u00a0 Satzung des Deutschen Freidenker-Verbandes e.V.\u00a0 im PDF-Format (ca. 209 KB) Satzung des Deutschen Freidenker-Verbandes e.V. \u00a7 1 - Name\u2026","rel":"","context":"\u00c4hnlicher Beitrag","block_context":{"text":"\u00c4hnlicher Beitrag","link":""},"img":{"alt_text":"","src":"https:\/\/i0.wp.com\/www.freidenker.org\/fw17\/wp-content\/uploads\/2017\/11\/Freidenker_Multilogo_grau.jpg?fit=800%2C445&ssl=1&resize=350%2C200","width":350,"height":200,"srcset":"https:\/\/i0.wp.com\/www.freidenker.org\/fw17\/wp-content\/uploads\/2017\/11\/Freidenker_Multilogo_grau.jpg?fit=800%2C445&ssl=1&resize=350%2C200 1x, https:\/\/i0.wp.com\/www.freidenker.org\/fw17\/wp-content\/uploads\/2017\/11\/Freidenker_Multilogo_grau.jpg?fit=800%2C445&ssl=1&resize=525%2C300 1.5x, https:\/\/i0.wp.com\/www.freidenker.org\/fw17\/wp-content\/uploads\/2017\/11\/Freidenker_Multilogo_grau.jpg?fit=800%2C445&ssl=1&resize=700%2C400 2x"},"classes":[]},{"id":68,"url":"https:\/\/www.freidenker.org\/?page_id=68","url_meta":{"origin":77,"position":4},"title":"Tradition und Erbe","author":"Webmaster","date":"13. Mai 2016","format":false,"excerpt":"Aus der Geschichte der Freidenker Lange vor Beginn der organisierten Freidenker-Bewegung suchten Menschen nach einem freien geistigen Fundament f\u00fcr ein eigenverantwortlich gestaltetes Leben und Selbstverwirklichung. Zu den fr\u00fchesten Beispielen z\u00e4hlen Kaiserin Teje und ihr Sohn Echnaton im \u00c4gypten des 15. und 14. Jahrhunderts vor unserer Zeitrechnung sowie der chinesische Kaiser\u2026","rel":"","context":"\u00c4hnlicher Beitrag","block_context":{"text":"\u00c4hnlicher Beitrag","link":""},"img":{"alt_text":"","src":"https:\/\/i0.wp.com\/www.freidenker.org\/fw17\/wp-content\/uploads\/2016\/05\/Eugene_Delacroix_-_La_liberte_guidant_le_peuple_800x445.jpg?fit=800%2C445&ssl=1&resize=350%2C200","width":350,"height":200,"srcset":"https:\/\/i0.wp.com\/www.freidenker.org\/fw17\/wp-content\/uploads\/2016\/05\/Eugene_Delacroix_-_La_liberte_guidant_le_peuple_800x445.jpg?fit=800%2C445&ssl=1&resize=350%2C200 1x, https:\/\/i0.wp.com\/www.freidenker.org\/fw17\/wp-content\/uploads\/2016\/05\/Eugene_Delacroix_-_La_liberte_guidant_le_peuple_800x445.jpg?fit=800%2C445&ssl=1&resize=525%2C300 1.5x, https:\/\/i0.wp.com\/www.freidenker.org\/fw17\/wp-content\/uploads\/2016\/05\/Eugene_Delacroix_-_La_liberte_guidant_le_peuple_800x445.jpg?fit=800%2C445&ssl=1&resize=700%2C400 2x"},"classes":[]},{"id":66,"url":"https:\/\/www.freidenker.org\/?page_id=66","url_meta":{"origin":77,"position":5},"title":"Gegen Volksverdummung und die Zerst\u00f6rung der Vernunft &#8211; F\u00fcr Aufkl\u00e4rung!","author":"Webmaster","date":"13. Mai 2016","format":false,"excerpt":"Beschlossen vom Verbandsvorstand am 31. Oktober \/ 1. November 2009 in Magdeburg im Auftrag des Verbandstages vom 22.\/23. Mai 2009 in Berlin Der Deutsche Freidenker-Verband als Weltanschauungsgemeinschaft und Kulturorganisation betrachtet Aufkl\u00e4rung als die Hauptaufgabe seiner weltanschaulichen T\u00e4tigkeit. Die Aufkl\u00e4rungsbewegung des 18. Jahrhunderts diente mit ihrer Kritik der feudalen Ideologie und\u2026","rel":"","context":"\u00c4hnlicher Beitrag","block_context":{"text":"\u00c4hnlicher Beitrag","link":""},"img":{"alt_text":"","src":"https:\/\/i0.wp.com\/www.freidenker.org\/fw17\/wp-content\/uploads\/2017\/12\/FD_2009-03_Titel_mR.jpg?fit=800%2C445&ssl=1&resize=350%2C200","width":350,"height":200,"srcset":"https:\/\/i0.wp.com\/www.freidenker.org\/fw17\/wp-content\/uploads\/2017\/12\/FD_2009-03_Titel_mR.jpg?fit=800%2C445&ssl=1&resize=350%2C200 1x, https:\/\/i0.wp.com\/www.freidenker.org\/fw17\/wp-content\/uploads\/2017\/12\/FD_2009-03_Titel_mR.jpg?fit=800%2C445&ssl=1&resize=525%2C300 1.5x, https:\/\/i0.wp.com\/www.freidenker.org\/fw17\/wp-content\/uploads\/2017\/12\/FD_2009-03_Titel_mR.jpg?fit=800%2C445&ssl=1&resize=700%2C400 2x"},"classes":[]}],"_links":{"self":[{"href":"https:\/\/www.freidenker.org\/index.php?rest_route=\/wp\/v2\/pages\/77","targetHints":{"allow":["GET"]}}],"collection":[{"href":"https:\/\/www.freidenker.org\/index.php?rest_route=\/wp\/v2\/pages"}],"about":[{"href":"https:\/\/www.freidenker.org\/index.php?rest_route=\/wp\/v2\/types\/page"}],"author":[{"embeddable":true,"href":"https:\/\/www.freidenker.org\/index.php?rest_route=\/wp\/v2\/users\/2"}],"replies":[{"embeddable":true,"href":"https:\/\/www.freidenker.org\/index.php?rest_route=%2Fwp%2Fv2%2Fcomments&post=77"}],"version-history":[{"count":0,"href":"https:\/\/www.freidenker.org\/index.php?rest_route=\/wp\/v2\/pages\/77\/revisions"}],"wp:featuredmedia":[{"embeddable":true,"href":"https:\/\/www.freidenker.org\/index.php?rest_route=\/wp\/v2\/media\/1526"}],"wp:attachment":[{"href":"https:\/\/www.freidenker.org\/index.php?rest_route=%2Fwp%2Fv2%2Fmedia&parent=77"}],"curies":[{"name":"wp","href":"https:\/\/api.w.org\/{rel}","templated":true}]}}