{"id":74,"date":"2016-05-13T17:28:35","date_gmt":"2016-05-13T15:28:35","guid":{"rendered":"http:\/\/www.freidenker.org\/fw17\/?page_id=74"},"modified":"2025-08-12T00:06:53","modified_gmt":"2025-08-11T22:06:53","slug":"impressum","status":"publish","type":"page","link":"https:\/\/www.freidenker.org\/?page_id=74","title":{"rendered":"Impressum"},"content":{"rendered":"<p align=\"left\"><strong>Herausgeber und Ansprechpartner<br \/>\n<\/strong>Deutscher Freidenker-Verband e.V.<br \/>\nc\/o Sebastian Bahlo<br \/>\nPostfach 600721, D-60337 Frankfurt am Main<strong><br \/>\n<\/strong>Telefon +49 (0)69 46308639<br \/>\n<a href=\"mailto:kontakt@freidenker.de\">kontakt@freidenker.de<\/a><\/p>\n<p align=\"left\">Der Deutsche Freidenker-Verband e.V. ist beim Amtsgericht Dortmund mit der Registernummer 1702 eingetragen.<\/p>\n<p><strong>Webredaktion<br \/>\n<\/strong>Sebastian Bahlo<br \/>\nKlaus Hartmann<br \/>\nRalf Lux<br \/>\nJens Oldenburg<br \/>\nKlaus von Raussendorff<\/p>\n<p><a href=\"mailto:webredaktion@freidenker.org\" target=\"_blank\" rel=\"noopener noreferrer\">webredaktion@freidenker.org<\/a><\/p>\n<p>F\u00fcr unaufgefordert eingesandte Artikel, Manuskripte, Unterlagen und Fotos keine Gew\u00e4hr. Die Webredaktion beh\u00e4lt sich bei Ver\u00f6ffentlichungen von Zuschriften das Recht zur K\u00fcrzung vor. Dar\u00fcber hinaus beh\u00e4lt sich die Webredaktion bei unverlangt zugeschickten Artikeln, Manuskripten, Unterlagen und Fotos das Recht vor, diese ohne Angaben von Gr\u00fcnden nicht zu ver\u00f6ffentlichen.<\/p>\n<p><strong>Datenschutz (<a href=\"https:\/\/www.freidenker.org\/?page_id=868\">Datenschutzerkl\u00e4rung<\/a>)<\/strong><br \/>\n<a href=\"mailto:datenschutz@freidenker.org\">datenschutz@freidenker.org<\/a><\/p>\n<p><strong>Webmaster<\/strong><br \/>\nJens Oldenburg<br \/>\n<a href=\"mailto:webmaster@freidenker.org\">webmaster@freidenker.org<\/a><\/p>\n<p><strong>PGP- bzw. GPG-verschl\u00fcsselte Nachrichten<\/strong> k\u00f6nnen an die Adresse des <a href=\"mailto:webmaster@freidenker.org\">Webmaster<\/a> (<a href=\"https:\/\/freidenker.org\/ablage\/keys\/dfv-webmaster_0x20E6F576F098A78B_public.asc\" target=\"_blank\" rel=\"noopener\">\u00d6ffentlicher GPG-Schl\u00fcssel<\/a>, Fingerprint CFEA 6BE2 E972 6034 64E9 AAA1 20E6 F576 F098 A78B, g\u00fcltig ab 11.08.2025 bis 10.08.2028) geschickt werden.<\/p>\n<p align=\"left\"><strong>Webdesign<br \/>\nFirstmediabase<br \/>\n<\/strong><a href=\"http:\/\/www.firstmediabase.com\" target=\"_blank\" rel=\"noopener noreferrer\">www.firstmediabase.com<\/a><\/p>\n<hr \/>\n<p><strong>Haftung f\u00fcr Inhalte<\/strong><\/p>\n<p>Die Inhalte unserer Seiten wurden mit gr\u00f6\u00dfter Sorgfalt erstellt. F\u00fcr die Richtigkeit, Vollst\u00e4ndigkeit und Aktualit\u00e4t der Inhalte k\u00f6nnen wir jedoch keine Gew\u00e4hr \u00fcbernehmen. Als Diensteanbieter sind wir gem\u00e4\u00df \u00a7 7 Abs.1 TMG f\u00fcr eigene Inhalte auf diesen Seiten nach den allgemeinen Gesetzen verantwortlich. Nach \u00a7\u00a7 8 bis 10 TMG sind wir als Diensteanbieter jedoch nicht verpflichtet, \u00fcbermittelte oder gespeicherte fremde Informationen zu \u00fcberwachen oder nach Umst\u00e4nden zu forschen, die auf eine rechtswidrige T\u00e4tigkeit hinweisen. Verpflichtungen zur Entfernung oder Sperrung der Nutzung von Informationen nach den allgemeinen Gesetzen bleiben hiervon unber\u00fchrt. Eine diesbez\u00fcgliche Haftung ist jedoch erst ab dem Zeitpunkt der Kenntnis einer konkreten Rechtsverletzung m\u00f6glich. Bei Bekanntwerden von entsprechenden Rechtsverletzungen werden wir diese Inhalte umgehend entfernen.<\/p>\n<p><strong>Haftung f\u00fcr Links<\/strong><\/p>\n<p>Unser Angebot enth\u00e4lt Links zu externen Webseiten Dritter, auf deren Inhalte wir keinen Einfluss haben. Deshalb k\u00f6nnen wir f\u00fcr diese fremden Inhalte auch keine Gew\u00e4hr \u00fcbernehmen. F\u00fcr die Inhalte der verlinkten Seiten ist stets der jeweilige Anbieter oder Betreiber der Seiten verantwortlich. Die verlinkten Seiten wurden zum Zeitpunkt der Verlinkung auf m\u00f6gliche Rechtsverst\u00f6\u00dfe \u00fcberpr\u00fcft. Rechtswidrige Inhalte waren zum Zeitpunkt der Verlinkung nicht erkennbar. Eine permanente inhaltliche Kontrolle der verlinkten Seiten ist jedoch ohne konkrete Anhaltspunkte einer Rechtsverletzung nicht zumutbar. Bei Bekanntwerden von Rechtsverletzungen werden wir derartige Links umgehend entfernen.<\/p>\n<p><strong>Urheberrecht<\/strong><\/p>\n<p>Die durch die Seitenbetreiber erstellten Inhalte und Werke auf diesen Seiten unterliegen dem deutschen Urheberrecht. Die Vervielf\u00e4ltigung, Bearbeitung, Verbreitung und jede Art der Verwertung au\u00dferhalb der Grenzen des Urheberrechtes bed\u00fcrfen der schriftlichen Zustimmung des jeweiligen Autors bzw. Erstellers. Downloads und Kopien dieser Seite sind nur f\u00fcr den privaten, nicht kommerziellen Gebrauch gestattet. Soweit die Inhalte auf dieser Seite nicht vom Betreiber erstellt wurden, werden die Urheberrechte Dritter beachtet. Insbesondere werden Inhalte Dritter als solche gekennzeichnet. Sollten Sie trotzdem auf eine Urheberrechtsverletzung aufmerksam werden, bitten wir um einen entsprechenden Hinweis. Bei Bekanntwerden von Rechtsverletzungen werden wir derartige Inhalte umgehend entfernen.<\/p>\n<p><strong>Datenschutz<\/strong><\/p>\n<p>Die Nutzung unserer Webseite ist in der Regel ohne Angabe personenbezogener Daten m\u00f6glich. Soweit auf unseren Seiten personenbezogene Daten (beispielsweise Name, Anschrift oder eMail-Adressen) erhoben werden, erfolgt dies, soweit m\u00f6glich, stets auf freiwilliger Basis. Diese Daten werden ohne Ihre ausdr\u00fcckliche Zustimmung nicht an Dritte weitergegeben.<\/p>\n<p>Wir weisen darauf hin, dass die Daten\u00fcbertragung im Internet (z.B. bei der Kommunikation per E-Mail) Sicherheitsl\u00fccken aufweisen kann. Ein l\u00fcckenloser Schutz der Daten vor dem Zugriff durch Dritte ist nicht m\u00f6glich.<\/p>\n<p>Der Nutzung von im Rahmen der Impressumspflicht ver\u00f6ffentlichten Kontaktdaten durch Dritte zur \u00dcbersendung von nicht ausdr\u00fccklich angeforderter Werbung und Informationsmaterialien wird hiermit ausdr\u00fccklich widersprochen. Die Betreiber der Seiten behalten sich ausdr\u00fccklich rechtliche Schritte im Falle der unverlangten Zusendung von Werbeinformationen, etwa durch Spam-Mails, vor.<\/p>\n<p><em>Quellen: <a href=\"http:\/\/www.e-recht24.de\/muster-disclaimer.htm\" target=\"_blank\" rel=\"noopener noreferrer\">Disclaimer eRecht24<\/a><\/em><\/p>\n<hr \/>\n<p>Bitte beachten Sie unsere <a href=\"https:\/\/www.freidenker.org\/?page_id=868\" target=\"_blank\" rel=\"noopener noreferrer\">Datenschutzerkl\u00e4rung<\/a>.<\/p>\n","protected":false},"excerpt":{"rendered":"<p>Herausgeber und Ansprechpartner Deutscher Freidenker-Verband e.V. c\/o Sebastian Bahlo Postfach 600721, D-60337 Frankfurt am Main Telefon +49 (0)69 46308639 kontakt@freidenker.de<\/p>\n","protected":false},"author":2,"featured_media":1567,"parent":0,"menu_order":0,"comment_status":"closed","ping_status":"closed","template":"","meta":{"colormag_page_container_layout":"default_layout","colormag_page_sidebar_layout":"default_layout","advanced_seo_description":"","jetpack_seo_html_title":"","jetpack_seo_noindex":false,"jetpack_post_was_ever_published":false,"footnotes":""},"class_list":["post-74","page","type-page","status-publish","has-post-thumbnail","hentry"],"jetpack_shortlink":"https:\/\/wp.me\/P9stpK-1c","jetpack-related-posts":[{"id":594,"url":"https:\/\/www.freidenker.org\/?page_id=594","url_meta":{"origin":74,"position":0},"title":"Verbandsvorstand","author":"Webmaster","date":"9. August 2016","format":false,"excerpt":"Gesch\u00e4ftsf\u00fchrender Verbandsvorstand der Freidenker (v.l.): Monique Broquard (Sulzbach\/Saar), Organisations- und Kulturarbeit; Bundesvorsitzender Sebastian Bahlo (Frankfurt\/Main); Kassiererin Regina Silbermann (Chemnitz), Ralf Lux (Potsdam), Interessenvertretung Konfessionsfreier; Stellvertretender Vorsitzender Klaus Hartmann (Offenbach\/Main); Schriftf\u00fchrerin Anke Wittkopp (Hannover).. Kontakt: Deutscher Freidenker-Verband e.V., c\/o Sebastian Bahlo, Postfach 600721, D-60337 Frankfurt am Main, Telefon +49 (0)69 46308639\u2026","rel":"","context":"\u00c4hnlicher Beitrag","block_context":{"text":"\u00c4hnlicher Beitrag","link":""},"img":{"alt_text":"","src":"https:\/\/i0.wp.com\/www.freidenker.org\/fw17\/wp-content\/uploads\/2025\/06\/20250601_1111322_bea_rlx.jpg?fit=1200%2C675&ssl=1&resize=350%2C200","width":350,"height":200,"srcset":"https:\/\/i0.wp.com\/www.freidenker.org\/fw17\/wp-content\/uploads\/2025\/06\/20250601_1111322_bea_rlx.jpg?fit=1200%2C675&ssl=1&resize=350%2C200 1x, https:\/\/i0.wp.com\/www.freidenker.org\/fw17\/wp-content\/uploads\/2025\/06\/20250601_1111322_bea_rlx.jpg?fit=1200%2C675&ssl=1&resize=525%2C300 1.5x, https:\/\/i0.wp.com\/www.freidenker.org\/fw17\/wp-content\/uploads\/2025\/06\/20250601_1111322_bea_rlx.jpg?fit=1200%2C675&ssl=1&resize=700%2C400 2x, https:\/\/i0.wp.com\/www.freidenker.org\/fw17\/wp-content\/uploads\/2025\/06\/20250601_1111322_bea_rlx.jpg?fit=1200%2C675&ssl=1&resize=1050%2C600 3x"},"classes":[]},{"id":62,"url":"https:\/\/www.freidenker.org\/?page_id=62","url_meta":{"origin":74,"position":1},"title":"Aufgaben der Aufkl\u00e4rung: &#8222;Die Richtigstellung der Begriffe\u201c","author":"Webmaster","date":"13. Mai 2016","format":false,"excerpt":"Der Verbandstag am 02. und 03.06.2012 in N\u00fcrnberg beschloss den Entwurf eines Hauptdokumentes mit dem Titel \u00bbDie Richtigstellung der Begriffe\u00ab, das die Frage aufwirft, \u00bbwie lange die Herrschenden noch in der Lage sind, die Menschen dazu zu bringen, ihrer eigenen Disziplinierung, Ausbeutung und Unterdr\u00fcckung freiwillig zuzustimmen\u00ab. Begriffe wie Internationalismus, Menschenrechte,\u2026","rel":"","context":"\u00c4hnlicher Beitrag","block_context":{"text":"\u00c4hnlicher Beitrag","link":""},"img":{"alt_text":"","src":"https:\/\/i0.wp.com\/www.freidenker.org\/fw17\/wp-content\/uploads\/2016\/05\/experience-407738_800x445.jpg?fit=800%2C445&ssl=1&resize=350%2C200","width":350,"height":200,"srcset":"https:\/\/i0.wp.com\/www.freidenker.org\/fw17\/wp-content\/uploads\/2016\/05\/experience-407738_800x445.jpg?fit=800%2C445&ssl=1&resize=350%2C200 1x, https:\/\/i0.wp.com\/www.freidenker.org\/fw17\/wp-content\/uploads\/2016\/05\/experience-407738_800x445.jpg?fit=800%2C445&ssl=1&resize=525%2C300 1.5x, https:\/\/i0.wp.com\/www.freidenker.org\/fw17\/wp-content\/uploads\/2016\/05\/experience-407738_800x445.jpg?fit=800%2C445&ssl=1&resize=700%2C400 2x"},"classes":[]},{"id":77,"url":"https:\/\/www.freidenker.org\/?page_id=77","url_meta":{"origin":74,"position":2},"title":"Mitmachen","author":"Webmaster","date":"13. Mai 2016","format":false,"excerpt":"Freies Denken ist nicht nur Privatsache. Wer sich gegen Gehirnw\u00e4sche und Volksverdummung durch Medien, Geheimdienste, Milit\u00e4r, diversen Stiftungen, Kirchen usw. gemeinsam mit anderen zur Wehr setzen will, ist im Deutschen Freidenker-Verband willkommen. Mitglied oder F\u00f6rdermitglied im Deutschen Freidenker-Verband e. V. werden Mitgliedsantrag f\u00fcr den Deutschen Freidenker-Verband e. V. auf dem\u2026","rel":"","context":"\u00c4hnlicher Beitrag","block_context":{"text":"\u00c4hnlicher Beitrag","link":""},"img":{"alt_text":"","src":"https:\/\/i0.wp.com\/www.freidenker.org\/fw17\/wp-content\/uploads\/2017\/11\/Freidenker_Multilogo.jpg?fit=800%2C445&ssl=1&resize=350%2C200","width":350,"height":200,"srcset":"https:\/\/i0.wp.com\/www.freidenker.org\/fw17\/wp-content\/uploads\/2017\/11\/Freidenker_Multilogo.jpg?fit=800%2C445&ssl=1&resize=350%2C200 1x, https:\/\/i0.wp.com\/www.freidenker.org\/fw17\/wp-content\/uploads\/2017\/11\/Freidenker_Multilogo.jpg?fit=800%2C445&ssl=1&resize=525%2C300 1.5x, https:\/\/i0.wp.com\/www.freidenker.org\/fw17\/wp-content\/uploads\/2017\/11\/Freidenker_Multilogo.jpg?fit=800%2C445&ssl=1&resize=700%2C400 2x"},"classes":[]},{"id":2507,"url":"https:\/\/www.freidenker.org\/?page_id=2507","url_meta":{"origin":74,"position":3},"title":"Mitglied oder F\u00f6rdermitglied im Deutschen Freidenker-Verband e. V. werden","author":"Webredaktion","date":"9. Dezember 2017","format":false,"excerpt":"Freies Denken ist nicht nur Privatsache. Wer sich gegen Gehirnw\u00e4sche und Volksverdummung durch Medien, Geheimdienste, Milit\u00e4r, diversen Stiftungen, Kirchen usw. gemeinsam mit anderen zur Wehr setzen will, ist im Deutschen Freidenker-Verband willkommen. Aufnahmeantrag * (ca. 84 KB) f\u00fcr den Deutschen Freidenker-Verband e. V. auf dem Computer speichern, ausf\u00fcllen und per\u2026","rel":"","context":"\u00c4hnlicher Beitrag","block_context":{"text":"\u00c4hnlicher Beitrag","link":""},"img":{"alt_text":"","src":"https:\/\/i0.wp.com\/www.freidenker.org\/fw17\/wp-content\/uploads\/2017\/11\/Freidenker_Multilogo_grau.jpg?fit=800%2C445&ssl=1&resize=350%2C200","width":350,"height":200,"srcset":"https:\/\/i0.wp.com\/www.freidenker.org\/fw17\/wp-content\/uploads\/2017\/11\/Freidenker_Multilogo_grau.jpg?fit=800%2C445&ssl=1&resize=350%2C200 1x, https:\/\/i0.wp.com\/www.freidenker.org\/fw17\/wp-content\/uploads\/2017\/11\/Freidenker_Multilogo_grau.jpg?fit=800%2C445&ssl=1&resize=525%2C300 1.5x, https:\/\/i0.wp.com\/www.freidenker.org\/fw17\/wp-content\/uploads\/2017\/11\/Freidenker_Multilogo_grau.jpg?fit=800%2C445&ssl=1&resize=700%2C400 2x"},"classes":[]},{"id":72,"url":"https:\/\/www.freidenker.org\/?page_id=72","url_meta":{"origin":74,"position":4},"title":"Satzung des Deutschen Freidenker-Verbandes e.V.","author":"Webmaster","date":"13. Mai 2016","format":false,"excerpt":"Beschlossen vom Verbandstag am 1.\/2. Juni 1991 in Braunschweig, zuletzt ge\u00e4ndert vom Verbandstag am 26.\/27. Juni 2021 in Raunheim\/Main Die vollst\u00e4ndige Satzung kann hier als\u00a0 PDF-Dokument angesehen und heruntergeladen werden: \u00a0 Satzung des Deutschen Freidenker-Verbandes e.V.\u00a0 im PDF-Format (ca. 209 KB) Satzung des Deutschen Freidenker-Verbandes e.V. \u00a7 1 - Name\u2026","rel":"","context":"\u00c4hnlicher Beitrag","block_context":{"text":"\u00c4hnlicher Beitrag","link":""},"img":{"alt_text":"","src":"https:\/\/i0.wp.com\/www.freidenker.org\/fw17\/wp-content\/uploads\/2017\/11\/Freidenker_Multilogo_grau.jpg?fit=800%2C445&ssl=1&resize=350%2C200","width":350,"height":200,"srcset":"https:\/\/i0.wp.com\/www.freidenker.org\/fw17\/wp-content\/uploads\/2017\/11\/Freidenker_Multilogo_grau.jpg?fit=800%2C445&ssl=1&resize=350%2C200 1x, https:\/\/i0.wp.com\/www.freidenker.org\/fw17\/wp-content\/uploads\/2017\/11\/Freidenker_Multilogo_grau.jpg?fit=800%2C445&ssl=1&resize=525%2C300 1.5x, https:\/\/i0.wp.com\/www.freidenker.org\/fw17\/wp-content\/uploads\/2017\/11\/Freidenker_Multilogo_grau.jpg?fit=800%2C445&ssl=1&resize=700%2C400 2x"},"classes":[]},{"id":1910,"url":"https:\/\/www.freidenker.org\/?page_id=1910","url_meta":{"origin":74,"position":5},"title":"Jugendweihe &#038; Jugendfeier","author":"Webredaktion","date":"21. November 2017","format":false,"excerpt":"Die Jugendweihe bzw. Jugendfeier ist eine festliche Aufnahme in die Welt des Erwachsenseins. Sie ist eine nichtkirchliche Alternative zur Konfirmation der evangelischen Kirchen und zur Firmung in der katholischen Kirche. Das Fest wird seit 1890 in der Freidenkerbewegung regelm\u00e4\u00dfig begangen. In der Weimarer Republik (1918\u20131933) erlebte die Jugendweihe einen gro\u00dfen\u2026","rel":"","context":"\u00c4hnlicher Beitrag","block_context":{"text":"\u00c4hnlicher Beitrag","link":""},"img":{"alt_text":"","src":"https:\/\/i0.wp.com\/www.freidenker.org\/fw17\/wp-content\/uploads\/2017\/11\/Jugendfeier_Hessen_2017.jpg?fit=800%2C445&ssl=1&resize=350%2C200","width":350,"height":200,"srcset":"https:\/\/i0.wp.com\/www.freidenker.org\/fw17\/wp-content\/uploads\/2017\/11\/Jugendfeier_Hessen_2017.jpg?fit=800%2C445&ssl=1&resize=350%2C200 1x, https:\/\/i0.wp.com\/www.freidenker.org\/fw17\/wp-content\/uploads\/2017\/11\/Jugendfeier_Hessen_2017.jpg?fit=800%2C445&ssl=1&resize=525%2C300 1.5x, https:\/\/i0.wp.com\/www.freidenker.org\/fw17\/wp-content\/uploads\/2017\/11\/Jugendfeier_Hessen_2017.jpg?fit=800%2C445&ssl=1&resize=700%2C400 2x"},"classes":[]}],"_links":{"self":[{"href":"https:\/\/www.freidenker.org\/index.php?rest_route=\/wp\/v2\/pages\/74","targetHints":{"allow":["GET"]}}],"collection":[{"href":"https:\/\/www.freidenker.org\/index.php?rest_route=\/wp\/v2\/pages"}],"about":[{"href":"https:\/\/www.freidenker.org\/index.php?rest_route=\/wp\/v2\/types\/page"}],"author":[{"embeddable":true,"href":"https:\/\/www.freidenker.org\/index.php?rest_route=\/wp\/v2\/users\/2"}],"replies":[{"embeddable":true,"href":"https:\/\/www.freidenker.org\/index.php?rest_route=%2Fwp%2Fv2%2Fcomments&post=74"}],"version-history":[{"count":2,"href":"https:\/\/www.freidenker.org\/index.php?rest_route=\/wp\/v2\/pages\/74\/revisions"}],"predecessor-version":[{"id":22602,"href":"https:\/\/www.freidenker.org\/index.php?rest_route=\/wp\/v2\/pages\/74\/revisions\/22602"}],"wp:featuredmedia":[{"embeddable":true,"href":"https:\/\/www.freidenker.org\/index.php?rest_route=\/wp\/v2\/media\/1567"}],"wp:attachment":[{"href":"https:\/\/www.freidenker.org\/index.php?rest_route=%2Fwp%2Fv2%2Fmedia&parent=74"}],"curies":[{"name":"wp","href":"https:\/\/api.w.org\/{rel}","templated":true}]}}