{"id":68,"date":"2016-05-13T17:19:30","date_gmt":"2016-05-13T15:19:30","guid":{"rendered":"http:\/\/www.freidenker.org\/fw17\/?page_id=68"},"modified":"2017-11-29T23:00:38","modified_gmt":"2017-11-29T22:00:38","slug":"geschichte","status":"publish","type":"page","link":"https:\/\/www.freidenker.org\/?page_id=68","title":{"rendered":"Tradition und Erbe"},"content":{"rendered":"<p><strong>Aus der Geschichte der Freidenker<\/strong><\/p>\n<p>Lange vor Beginn der organisierten Freidenker-Bewegung suchten Menschen nach einem freien geistigen Fundament f\u00fcr ein eigenverantwortlich gestaltetes Leben und Selbstverwirklichung.<\/p>\n<p>Zu den fr\u00fchesten Beispielen z\u00e4hlen Kaiserin Teje und ihr Sohn Echnaton im \u00c4gypten des 15. und 14. Jahrhunderts vor unserer Zeitrechnung sowie der chinesische Kaiser Wu im 12.-11. Jahrhundert v. u. Z., die jeweils gegen den Einfluss der Priesterschaft vorgingen, f\u00fcr Liebe zu den Menschen statt zu den G\u00f6ttern eintraten, und naturwissenschaftliche Erkenntnis f\u00f6rderten.<\/p>\n<p>Die indischen Philosophen Braspati und Carvaka im 7. Jh. v. u. Z. lehnten die Annahme eines &#8218;Jenseits&#8216; ab, sahen in der geistigen Unabh\u00e4ngigkeit und dem eigenverantwortlichen Bewusstsein das h\u00f6chste Gut des Menschen und begr\u00fcndeten die Lehre, da\u00df die Materie die einzige Wirklichkeit ist und die Natur alles ohne Wirken h\u00f6herer M\u00e4chte aus sich selbst hervorbringt.<\/p>\n<p>Die Entwicklung des freien Denkens ist fortan eng verbunden mit der Geschichte der Philosophie, ihre materialistische Richtung entwickelte sich in Gegnerschaft zu idealistischen Auffassungen, wie sie von allen Religionen vertreten werden, die einen &#8218;geistigen Ursprung&#8216; der Welt annehmen.<\/p>\n<p>Im antiken Griechenland f\u00fchrte das Wirken von Thales, Anaximander und Heraklit, Demokrit und Epikur zur Weiterentwicklung eines materalistisch-monistischen, naturwissenschaftlich begr\u00fcndeten freien Denkens.<br \/>\n\u00dcber weite geschichtliche Zeitr\u00e4ume, besonders im Mittelalter, gerieten Bestrebungen, frei zu denken, immer wieder in Konflikt mit der &#8222;Ehe&#8220; von weltlicher Macht und Kirche.<\/p>\n<p>Die Inanspruchnahme von Religion zur Legitimierung von Unterdr\u00fcckung und Ausbeutung zeugte geistige Str\u00f6mungen und Protestbewegungen, die sich gegen &#8218;Verf\u00e4lschung und Missbrauch der Religion&#8216; wandten.<\/p>\n<p>Katharer, Albigenser und Waldenser, Bewegungen wie die Br\u00fcder und Schwestern vom freien Geist im 13. Jahrhundert sowie die Hussiten und sp\u00e4ter die Wiedert\u00e4ufer sind Beispiele religi\u00f6s-sozialer Proteststr\u00f6mungen, die als Ketzer denunziert und grausam verfolgt wurden. Der &#8222;Heiligen Inquisition&#8220; mit ihren Hexenverbrennungen fielen unz\u00e4hlige Menschen zum Opfer.<br \/>\nInnerkirchlich entwickelten sich die Averroisten, die nominalistische Richtung der Scholastik und der Humanismus der Renaissance zu Bewegungen, die teilweise materialistische Tendenzen vertraten und das Dogmengeb\u00e4ude der Kirche ersch\u00fctterten.<\/p>\n<p>Besonders machtvoll zeigte sich der Protest gegen das Feudalsystem und die Papstkirche als seine wichtigste geistige St\u00fctze in der Reformation, die die Bauernkriege, die Entwicklung zweier politisch-konfessioneller Lager und die Gegenreformation im Gefolge hatten.<\/p>\n<p>Mit der Verbreitung der Schriftlichkeit wurde das klerikale Bildungsmonopol gebrochen, die Manufakturproduktion bewirkte wirtschaftlichen Aufschwung.<\/p>\n<p>Das Wirken von Kopernikus, Galileo Galilei und Giordano Bruno befreite die Naturwissenschaften und das wissenschaftliche Denken \u00fcberhaupt von dogmatischer Bevormundung, sie f\u00fchrten das Erbe der materialistischen naturwissenschaftlichen Denker fort.<\/p>\n<p>Im 17. und 18. Jahrhundert entstanden breite religionskritische geistig-philosophische Str\u00f6mungen, repr\u00e4sentiert z. B. durch Descartes, Spinoza, Voltaire, Rousseau, Lessing, Diderot und d&#8217;Alembert.<\/p>\n<p><strong>Namensgebung<\/strong><\/p>\n<p>Der Name &#8222;Freidenker&#8220; entstand in dieser Zeit und wurde erstmals f\u00fcr den irischen Philosophen John Toland gebraucht, dessen religionskritisches Buch &#8222;Christentum ohne Geheimnis&#8220; 1696 nach einem Beschluss des Parlaments in Dublin \u00f6ffentlich verbrannt wurde. Sp\u00e4testens seit der 1713 in London erschienenen &#8220; Abhandlung \u00fcber Freidenken und Freidenkertum&#8220; von Anthony Collins wurde der begriff allgemein gebr\u00e4uchlich zun\u00e4chst f\u00fcr jene, die sich kirchlicher Lehrautorit\u00e4t widersetzten, schlie\u00dflich f\u00fcr diejenigen, die einen Gottesglauben generell ablehnen.<\/p>\n<p>Der Deutsche Freidenker-Verband hat diese Tradition aufgenommen und sieht insbesondere im Denken der europ\u00e4ischen Aufkl\u00e4rung, des Atheismus und philosophischen Materialismus, der klassischen deutschen b\u00fcrgerlichen Philosophie bis zur marxistischen Religionsphilosophie wichtiges geistiges, philosophisches Erbe.<\/p>\n<p>Religionskritik und Toleranzidee waren in Frankreich entscheidende geistige Hebel der Gro\u00dfen Revolution von 1789-1799. Sie markierte einen wichtigen Schritt zur &#8222;Verweltlichung&#8220;, der Befreiung der Menschheit von religi\u00f6ser Mystifikation. Die sie tragenden Ideale Freiheit, Gleichheit, Br\u00fcderlichkeit wirkten fort, inspirierten die demokratische Bewegung in Deutschland in der ersten H\u00e4lfte des 19. Jahrhunderts und sie behalten auch heute ihre prinzipielle Bedeutung als zu verwirklichende Ideale.<\/p>\n<figure id=\"attachment_1557\" aria-describedby=\"caption-attachment-1557\" style=\"width: 800px\" class=\"wp-caption alignnone\"><img data-recalc-dims=\"1\" loading=\"lazy\" decoding=\"async\" data-attachment-id=\"1557\" data-permalink=\"https:\/\/www.freidenker.org\/?attachment_id=1557\" data-orig-file=\"https:\/\/i0.wp.com\/www.freidenker.org\/fw17\/wp-content\/uploads\/2016\/05\/Eugene_Delacroix_-_La_liberte_guidant_le_peuple_800x633.jpg?fit=800%2C633&amp;ssl=1\" data-orig-size=\"800,633\" data-comments-opened=\"0\" data-image-meta=\"{&quot;aperture&quot;:&quot;0&quot;,&quot;credit&quot;:&quot;&quot;,&quot;camera&quot;:&quot;&quot;,&quot;caption&quot;:&quot;&quot;,&quot;created_timestamp&quot;:&quot;0&quot;,&quot;copyright&quot;:&quot;&quot;,&quot;focal_length&quot;:&quot;0&quot;,&quot;iso&quot;:&quot;0&quot;,&quot;shutter_speed&quot;:&quot;0&quot;,&quot;title&quot;:&quot;&quot;,&quot;orientation&quot;:&quot;0&quot;}\" data-image-title=\"Eugene_Delacroix_-_La_liberte_guidant_le_peuple_800x633\" data-image-description=\"\" data-image-caption=\"\" data-large-file=\"https:\/\/i0.wp.com\/www.freidenker.org\/fw17\/wp-content\/uploads\/2016\/05\/Eugene_Delacroix_-_La_liberte_guidant_le_peuple_800x633.jpg?fit=800%2C633&amp;ssl=1\" class=\"wp-image-1557 size-full\" src=\"https:\/\/i0.wp.com\/www.freidenker.org\/fw17\/wp-content\/uploads\/2016\/05\/Eugene_Delacroix_-_La_liberte_guidant_le_peuple_800x633.jpg?resize=800%2C633&#038;ssl=1\" alt=\"\" width=\"800\" height=\"633\" srcset=\"https:\/\/i0.wp.com\/www.freidenker.org\/fw17\/wp-content\/uploads\/2016\/05\/Eugene_Delacroix_-_La_liberte_guidant_le_peuple_800x633.jpg?w=800&amp;ssl=1 800w, https:\/\/i0.wp.com\/www.freidenker.org\/fw17\/wp-content\/uploads\/2016\/05\/Eugene_Delacroix_-_La_liberte_guidant_le_peuple_800x633.jpg?resize=300%2C237&amp;ssl=1 300w, https:\/\/i0.wp.com\/www.freidenker.org\/fw17\/wp-content\/uploads\/2016\/05\/Eugene_Delacroix_-_La_liberte_guidant_le_peuple_800x633.jpg?resize=768%2C608&amp;ssl=1 768w\" sizes=\"auto, (max-width: 800px) 100vw, 800px\" \/><figcaption id=\"caption-attachment-1557\" class=\"wp-caption-text\">Eug\u00e8ne Delacroix &#8211; Die Freiheit f\u00fchrt das Volk, 1830 Quelle: https:\/\/commons.wikimedia.org\/w\/index.php?curid=38989<\/figcaption><\/figure>\n<p>In der Zeit der Weberaufst\u00e4nde bildeten Pfarrer beider christlicher Konfessionen freie Gemeinden in Opposition zu der mit der Obrigkeit paktierenden Amtskirche. Nach dem Scheitern der b\u00fcrgerlichen Revolution 1848 waren diese oppositionellen Str\u00f6mungen erheblicher Verfolgung ausgesetzt, 1859 erfolgte der Zusammenschluss zum &#8222;Bund freireligi\u00f6ser Gemeinden&#8220;.<\/p>\n<p>Mit dem Erstarken der Arbeiterbewegung wuchs zugleich das Bestreben, nicht nur &#8222;frei in der Religion&#8220;, sondern g\u00e4nzlich &#8222;frei von Religion&#8220; zu sein. Schulentlassungsfeier und Jugendweihen als Alternative zur Konfirmation werden durchgef\u00fchrt, sie \u00fcberwanden zunehmend religi\u00f6se Formen und Inhalte.<\/p>\n<p>Nachdem 1880 in Br\u00fcssel der &#8222;Internationale Freidenkerbund&#8220; gebildet worden war, beginnt am 10. April 1881 in Frankfurt am Main die Geschichte der organisierten deutschen Freidenkerbewegung mit der Gr\u00fcndung des &#8222;Deutschen Freidenkerbundes&#8220;, zu dessen Gr\u00fcndern Ludwig B\u00fcchner und Wilhelm Liebknecht geh\u00f6rten.<\/p>\n<p>Die Organisation wurde als &#8222;b\u00fcrgerlich&#8220; bezeichnet, da sie, wie das B\u00fcrgertum fr\u00fcher, den Schwerpunkt auf die Aufkl\u00e4rung und Bildungsarbeit legte. Gleiches gilt f\u00fcr den 1906 von Ernst Haeckel gegr\u00fcndeten &#8222;Deutschen Monistenbund&#8220;, der f\u00fcr eine freigeistige Weltanschauung auf naturwissenschaftlicher Grundlage eintrat.<\/p>\n<p>Nach dem Freidenker-Weltkongress in Rom 1904 bildeten im Februar 1905 zw\u00f6lf Sozialdemokraten in Berlin den &#8222;Verein der Freidenker f\u00fcr Feuerbestattung&#8220;. Im September 1908 wurde in Eisenach der &#8222;Zentralverband Deutscher Freidenker&#8220; gegr\u00fcndet, der sich ab 1911 &#8222;Zentralverband proletarischer Freidenker&#8220;, und ab 1922 &#8222;Gemeinschaft Proletarischer Freidenker&#8220; nannte.<\/p>\n<p>Die 1905 und 1908 entstandenen Freidenker-Verb\u00e4nde verstanden sich beide als sozialistische, der Arbeiterbewegung verbundene Organisationen. Im Unterschied zu den b\u00fcrgerlichen Atheisten sahen sie nicht im Gottesglauben den Hemmschuh f\u00fcr den Fortschritt, sondern in der auf Unterdr\u00fcckung beruhenden Klassengesellschaft.<\/p>\n<p>Sie folgerten daraus, den Kampf gegen Religion und Kirche nicht allein und in erster Linie im Reich der Gedanken, sondern vor allem gesellschaftspolitisch zu f\u00fchren. Beide Verb\u00e4nde konnten nach dem Ersten Weltkrieg einen enormen Mitgliederzuwachs verzeichnen.<\/p>\n<p><strong>Freidenker f\u00fcr Feuerbestattung<\/strong><br \/>\nDie &#8222;Freidenker f\u00fcr Feuerbestattung&#8220; hatten ihren organisationspolitischen Schwerpunkt in Berlin, neben der Propagierung der Feuerbestattung boten sie eine Sterbeversicherung an und erf\u00fcllten damit neben einem kulturellen zugleich ein weitverbreitetes soziales Bed\u00fcrfnis, besonders in der Arbeiterschaft.<\/p>\n<p><strong>Proletarischen Freidenker<\/strong><br \/>\nDie &#8222;Proletarischen Freidenker&#8220; wirkten haupts\u00e4chlich in den \u00fcbrigen Teilen Deutschlands, ihre Hauptaufgaben sahen sie in der Entwicklung einer alternativen &#8222;Gemeinschafts- und Feierkultur&#8220;, sowie im politisch-weltanschaulichen Kampf gegen den Einflu\u00df der Kirche und religi\u00f6se Anschauungen.<\/p>\n<p><strong>Gemeinsam f\u00fcr die Trennung von Staat und Kirche<br \/>\n<\/strong>1922 bildeten beide Verb\u00e4nde mit dem Monistenbund, den im &#8222;Volksbund f\u00fcr Geistesfreiheit&#8220; zusammenwirkenden Freidenkerbund und Bund Freireligi\u00f6ser Gemeinden sowie weiteren freigeistigen Organisationen die &#8222;Reichsarbeitsgemeinschaft freigeistiger Verb\u00e4nde&#8220;, um gemeinsam f\u00fcr die Trennung von Staat und Kirche einzutreten.<\/p>\n<p>Seit 1925 gaben die &#8222;Freidenker f\u00fcr Feuerbestattung&#8220; das Verbandsorgan &#8222;Der Freidenker&#8220; heraus, sie wandten sich damit st\u00e4rker der Propagierung der weltanschaulichen und kulturpolitischen Vorstellungen des Freidenkertums zu, und schufen so wichtige Voraussetzungen f\u00fcr die Vereinigung mit den &#8222;Proletarischen Freidenkern&#8220;<\/p>\n<p><strong>1927-1944<\/strong><br \/>\n1927 fand der Zusammenschluss zum &#8222;Verband f\u00fcr Freidenkertum und Feuerbestattung&#8220; statt, 1930 gab sich die Organisation den heutigen Namen &#8222;Deutscher Freidenker-Verband&#8220; und w\u00e4hlte Max Sievers zum Vorsitzenden. Der vereinigte Verband wurde Mitglied der 1925 gegr\u00fcndeten &#8218;Internationale Proletarischer Freidenker&#8220;. Die 1905 gegr\u00fcndete Zeitschrift &#8222;Der Atheist&#8220; wurde zum Organ der Internationale.<\/p>\n<p>Wichtige Programmpunkte der Freidenker waren die Weltlichkeit des Schulwesens und die Abschaffung des Religionsunterrichts, die Abschaffung des religi\u00f6sen Zwangseides an den Gerichten und die Beseitigung der Strafbarkeit von Abtreibungen.<\/p>\n<p>Die parteipolitische Spaltung der Arbeiterbewegung in der Weimarer Republik f\u00fchrte auch zu negativen Auseinandersetzungen im DFV. 1929 rief die KPD ihre Mitglieder zu Gr\u00fcndung eines &#8222;Verbandes proletarischer Freidenker Deutschlands&#8220; auf. Er wurde im Mai 1932, nunmehr 170 000 Mitglieder z\u00e4hlend, von der Reichsregierung Br\u00fcning verboten, da er &#8222;Religion und Sittlichkeit abschaffen&#8220; wolle.<\/p>\n<p>Unmittelbar danach, im Juni 1932, stellte die NSDAP einen Verbotsantrag gegen den 650 000 Mitglieder starken DFV. Am 17. M\u00e4rz 1933 st\u00fcrmte die SA das Berliner Freidenkerhaus, das Verm\u00f6gen wurde geraubt, die T\u00e4tigkeit des Verbandes verboten.<\/p>\n<p>Max Sievers gelang im April 1933 gemeinsam mit dem DFV-Generalsekret\u00e4r Hermann Graul die Flucht ins Ausland. 1943 wurde Max Sievers von den Nazis in Frankreich verhaftet, am 17. 11. 1943 vom &#8222;Volksgerichtshof&#8216; unter Vorsitz von Roland Freisler wegen &#8222;Verrat am deutschen Volke&#8220; zum Tode verurteilt und am 17. 1. 1944 von den Faschisten im Zuchthaus Brandenburg-G\u00f6rden hingerichtet.<\/p>\n<p><strong>Nach der Befreiung vom Faschismus<\/strong><br \/>\nNach der Befreiung vom Faschismus war das Bem\u00fchen um Wiedergr\u00fcndung des Deutschen Freidenker-Verbandes von der gleichen Erkenntnis getragen, wie sie die Gewerkschaftsbewegung als geschichtliche Lehre zog: Eine parteipolitisch motivierte Zersplitterung muss vermieden, die parteipolitische Unabh\u00e4ngigkeit strikt verteidigt werden.<\/p>\n<p>Neugr\u00fcndungen konnten zun\u00e4chst nur lokal stattfinden, da die Westalliierten in den Kirchen und sich religi\u00f6s nennenden Gemeinschaften zuverl\u00e4ssigere Partner f\u00fcr den Aufbau der Demokratie sahen, in der sowjetischen Zone konnte generell keine neue Freidenkerorganisation entstehen.<\/p>\n<p>Ende 1945 gr\u00fcndete sich der DFV in Hamburg wieder, 1949 entstanden Landesverb\u00e4nde in Bayern, Berlin (West), Hessen und Niedersachsen, 1950 in Nordrhein-Westfalen. Daraufhin fand am 17. 3. 1951 eine erste &#8222;Generalversammlung&#8220; in Braunschweig statt, die den Gesamtverband f\u00fcr das Gebiet der Bundesrepublik Deutschland neukonstituierte und den 1949 aus dem Exil zur\u00fcckgekehrten ehemaligen Generalsekret\u00e4r Hermann Graul zum 1. Vorsitzenden w\u00e4hlte. Der Landesverband Berlin (West) blieb aufgrund der politischen Situation in Deutschland selbst\u00e4ndig, gemeinsam bem\u00fchte man sich um die Wiederherstellung des 1933 von den Nazis verbotenen Verbandes und die Herausgabe des geraubten Verm\u00f6gens, was nach langwierigen Prozessen, die bis in die siebziger Jahre gef\u00fchrt wurden, scheiterte.<\/p>\n<p>1952 trat der DFV der Weltunion der Freidenker bei.<\/p>\n<p>Nach dem Tode von Hermann Graul wurde auf der au\u00dferordentlichen Generalversammlung am 17. 4. 1954 der Sitz des Verbandes von Braunschweig nach Dortmund verlegt. In allen Bundesl\u00e4ndern der BRD gr\u00fcndeten sich DFV-Landesverb\u00e4nde, w\u00e4hrend entsprechende Bem\u00fchungen in der DDR wegen des Monopolanspruchs der SED in Weltanschauungsfragen erfolglos blieben.<\/p>\n<p>Als jedoch 1989 von der SED-F\u00fchrung die Gr\u00fcndung eines Freidenker-Verbandes mit dem Ziel eingeleitet wurde, den sich abzeichnenden gesellschaftlichen Konflikten entgegenzuwirken, zeigte sich schnell, da\u00df die Mehrheit der Mitglieder freies Denken, freie Diskussion und Hilfe in allen Lebensfragen suchten, jedoch keine Reglementierung von oben.<\/p>\n<p><strong>Gemeinsamer Deutscher Freidenker-Verband 1991<\/strong><br \/>\nAm 1. Juni 1991 schlossen sich die Freidenker aus Ost und West, wiederum in Braunschweig, zu einem gemeinsamen Deutschen Freidenker-Verband zusammen.<\/p>\n","protected":false},"excerpt":{"rendered":"<p>Aus der Geschichte der Freidenker Lange vor Beginn der organisierten Freidenker-Bewegung suchten Menschen nach einem freien geistigen Fundament f\u00fcr ein<\/p>\n","protected":false},"author":2,"featured_media":1555,"parent":1906,"menu_order":1,"comment_status":"closed","ping_status":"closed","template":"","meta":{"colormag_page_container_layout":"default_layout","colormag_page_sidebar_layout":"default_layout","advanced_seo_description":"","jetpack_seo_html_title":"","jetpack_seo_noindex":false,"jetpack_post_was_ever_published":false,"footnotes":""},"class_list":["post-68","page","type-page","status-publish","has-post-thumbnail","hentry"],"jetpack_shortlink":"https:\/\/wp.me\/P9stpK-16","jetpack-related-posts":[{"id":64,"url":"https:\/\/www.freidenker.org\/?page_id=64","url_meta":{"origin":68,"position":0},"title":"Berliner Erkl\u00e4rung: &#8222;Wer sind die Freidenker und was wollen sie?&#8220;","author":"Webmaster","date":"13. Mai 2016","format":false,"excerpt":"Beschlossen vom Verbandstag am 4.\/5. Juni 1994 in Berlin Wer sind wir Freidenker? Seit dem 1. Juni 1991 sind die Freidenker wieder in einem gemeinsamen Deutschen Freidenker-Verband mit Sitz in Dortmund und Landesverb\u00e4nden in allen Bundesl\u00e4ndern vereinigt. Der Deutsche Freidenker-Verband ist Weltanschauungsgemeinschaft, Kulturorganisation und Interessenvertretung konfessionsfreier Menschen. Er steht in\u2026","rel":"","context":"\u00c4hnlicher Beitrag","block_context":{"text":"\u00c4hnlicher Beitrag","link":""},"img":{"alt_text":"","src":"https:\/\/i0.wp.com\/www.freidenker.org\/fw17\/wp-content\/uploads\/2017\/11\/FD_WG_IVKM_KO.jpg?fit=800%2C445&ssl=1&resize=350%2C200","width":350,"height":200,"srcset":"https:\/\/i0.wp.com\/www.freidenker.org\/fw17\/wp-content\/uploads\/2017\/11\/FD_WG_IVKM_KO.jpg?fit=800%2C445&ssl=1&resize=350%2C200 1x, https:\/\/i0.wp.com\/www.freidenker.org\/fw17\/wp-content\/uploads\/2017\/11\/FD_WG_IVKM_KO.jpg?fit=800%2C445&ssl=1&resize=525%2C300 1.5x, https:\/\/i0.wp.com\/www.freidenker.org\/fw17\/wp-content\/uploads\/2017\/11\/FD_WG_IVKM_KO.jpg?fit=800%2C445&ssl=1&resize=700%2C400 2x"},"classes":[]},{"id":66,"url":"https:\/\/www.freidenker.org\/?page_id=66","url_meta":{"origin":68,"position":1},"title":"Gegen Volksverdummung und die Zerst\u00f6rung der Vernunft &#8211; F\u00fcr Aufkl\u00e4rung!","author":"Webmaster","date":"13. Mai 2016","format":false,"excerpt":"Beschlossen vom Verbandsvorstand am 31. Oktober \/ 1. November 2009 in Magdeburg im Auftrag des Verbandstages vom 22.\/23. Mai 2009 in Berlin Der Deutsche Freidenker-Verband als Weltanschauungsgemeinschaft und Kulturorganisation betrachtet Aufkl\u00e4rung als die Hauptaufgabe seiner weltanschaulichen T\u00e4tigkeit. Die Aufkl\u00e4rungsbewegung des 18. Jahrhunderts diente mit ihrer Kritik der feudalen Ideologie und\u2026","rel":"","context":"\u00c4hnlicher Beitrag","block_context":{"text":"\u00c4hnlicher Beitrag","link":""},"img":{"alt_text":"","src":"https:\/\/i0.wp.com\/www.freidenker.org\/fw17\/wp-content\/uploads\/2017\/12\/FD_2009-03_Titel_mR.jpg?fit=800%2C445&ssl=1&resize=350%2C200","width":350,"height":200,"srcset":"https:\/\/i0.wp.com\/www.freidenker.org\/fw17\/wp-content\/uploads\/2017\/12\/FD_2009-03_Titel_mR.jpg?fit=800%2C445&ssl=1&resize=350%2C200 1x, https:\/\/i0.wp.com\/www.freidenker.org\/fw17\/wp-content\/uploads\/2017\/12\/FD_2009-03_Titel_mR.jpg?fit=800%2C445&ssl=1&resize=525%2C300 1.5x, https:\/\/i0.wp.com\/www.freidenker.org\/fw17\/wp-content\/uploads\/2017\/12\/FD_2009-03_Titel_mR.jpg?fit=800%2C445&ssl=1&resize=700%2C400 2x"},"classes":[]},{"id":1906,"url":"https:\/\/www.freidenker.org\/?page_id=1906","url_meta":{"origin":68,"position":2},"title":"Der Verband","author":"Webredaktion","date":"21. November 2017","format":false,"excerpt":"Der Deutsche Freidenker-Verband ist Weltanschauungsgemeinschaft, Kulturorganisation und Interessenvertretung konfessionsfreier Menschen. Hier finden Sie Informationen \u00fcber die Geschichte der Freidenkerbewegung, unsere Grundsatzdokumente (Berliner Erkl\u00e4rung, Satzung), wichtige Beschl\u00fcsse und Positionen, Kontaktadressen des Vorstandes und der Landesverb\u00e4nde sowie Links zu Partnerorganisationen. Im Einzelnen: \u00a0 Einen kurzen Abriss \u00fcber die Geschichte des Freien Denkens\u2026","rel":"","context":"\u00c4hnlicher Beitrag","block_context":{"text":"\u00c4hnlicher Beitrag","link":""},"img":{"alt_text":"","src":"https:\/\/i0.wp.com\/www.freidenker.org\/fw17\/wp-content\/uploads\/2017\/11\/FD_WG_IVKM_KO.jpg?fit=800%2C445&ssl=1&resize=350%2C200","width":350,"height":200,"srcset":"https:\/\/i0.wp.com\/www.freidenker.org\/fw17\/wp-content\/uploads\/2017\/11\/FD_WG_IVKM_KO.jpg?fit=800%2C445&ssl=1&resize=350%2C200 1x, https:\/\/i0.wp.com\/www.freidenker.org\/fw17\/wp-content\/uploads\/2017\/11\/FD_WG_IVKM_KO.jpg?fit=800%2C445&ssl=1&resize=525%2C300 1.5x, https:\/\/i0.wp.com\/www.freidenker.org\/fw17\/wp-content\/uploads\/2017\/11\/FD_WG_IVKM_KO.jpg?fit=800%2C445&ssl=1&resize=700%2C400 2x"},"classes":[]},{"id":72,"url":"https:\/\/www.freidenker.org\/?page_id=72","url_meta":{"origin":68,"position":3},"title":"Satzung des Deutschen Freidenker-Verbandes e.V.","author":"Webmaster","date":"13. Mai 2016","format":false,"excerpt":"Beschlossen vom Verbandstag am 1.\/2. Juni 1991 in Braunschweig, zuletzt ge\u00e4ndert vom Verbandstag am 26.\/27. Juni 2021 in Raunheim\/Main Die vollst\u00e4ndige Satzung kann hier als\u00a0 PDF-Dokument angesehen und heruntergeladen werden: \u00a0 Satzung des Deutschen Freidenker-Verbandes e.V.\u00a0 im PDF-Format (ca. 209 KB) Satzung des Deutschen Freidenker-Verbandes e.V. \u00a7 1 - Name\u2026","rel":"","context":"\u00c4hnlicher Beitrag","block_context":{"text":"\u00c4hnlicher Beitrag","link":""},"img":{"alt_text":"","src":"https:\/\/i0.wp.com\/www.freidenker.org\/fw17\/wp-content\/uploads\/2017\/11\/Freidenker_Multilogo_grau.jpg?fit=800%2C445&ssl=1&resize=350%2C200","width":350,"height":200,"srcset":"https:\/\/i0.wp.com\/www.freidenker.org\/fw17\/wp-content\/uploads\/2017\/11\/Freidenker_Multilogo_grau.jpg?fit=800%2C445&ssl=1&resize=350%2C200 1x, https:\/\/i0.wp.com\/www.freidenker.org\/fw17\/wp-content\/uploads\/2017\/11\/Freidenker_Multilogo_grau.jpg?fit=800%2C445&ssl=1&resize=525%2C300 1.5x, https:\/\/i0.wp.com\/www.freidenker.org\/fw17\/wp-content\/uploads\/2017\/11\/Freidenker_Multilogo_grau.jpg?fit=800%2C445&ssl=1&resize=700%2C400 2x"},"classes":[]},{"id":62,"url":"https:\/\/www.freidenker.org\/?page_id=62","url_meta":{"origin":68,"position":4},"title":"Aufgaben der Aufkl\u00e4rung: &#8222;Die Richtigstellung der Begriffe\u201c","author":"Webmaster","date":"13. Mai 2016","format":false,"excerpt":"Der Verbandstag am 02. und 03.06.2012 in N\u00fcrnberg beschloss den Entwurf eines Hauptdokumentes mit dem Titel \u00bbDie Richtigstellung der Begriffe\u00ab, das die Frage aufwirft, \u00bbwie lange die Herrschenden noch in der Lage sind, die Menschen dazu zu bringen, ihrer eigenen Disziplinierung, Ausbeutung und Unterdr\u00fcckung freiwillig zuzustimmen\u00ab. Begriffe wie Internationalismus, Menschenrechte,\u2026","rel":"","context":"\u00c4hnlicher Beitrag","block_context":{"text":"\u00c4hnlicher Beitrag","link":""},"img":{"alt_text":"","src":"https:\/\/i0.wp.com\/www.freidenker.org\/fw17\/wp-content\/uploads\/2016\/05\/experience-407738_800x445.jpg?fit=800%2C445&ssl=1&resize=350%2C200","width":350,"height":200,"srcset":"https:\/\/i0.wp.com\/www.freidenker.org\/fw17\/wp-content\/uploads\/2016\/05\/experience-407738_800x445.jpg?fit=800%2C445&ssl=1&resize=350%2C200 1x, https:\/\/i0.wp.com\/www.freidenker.org\/fw17\/wp-content\/uploads\/2016\/05\/experience-407738_800x445.jpg?fit=800%2C445&ssl=1&resize=525%2C300 1.5x, https:\/\/i0.wp.com\/www.freidenker.org\/fw17\/wp-content\/uploads\/2016\/05\/experience-407738_800x445.jpg?fit=800%2C445&ssl=1&resize=700%2C400 2x"},"classes":[]},{"id":8959,"url":"https:\/\/www.freidenker.org\/?page_id=8959","url_meta":{"origin":68,"position":5},"title":"Datenschutzordnung","author":"Webredaktion","date":"6. Dezember 2020","format":false,"excerpt":"\u00a0 Datenschutzordnung des Deutschen Freidenker-Verbandes e.V.\u00a0 im PDF-Format (ca. 41 KB) Deutscher Freidenker-Verband Verbandsvorstand \u00a0 Datenschutzordnung Letzte Fassung beschlossen am 3.10.2020 \u00a0 I Rechtsgrundlagen Diese Datenschutzordnung dient der Sicherstellung des rechtskonformen Umgangs mitpersonenbezogenen Daten durch die Organe des Deutschen Freidenker-Verbands (DFV), insbesondere im Sinne der EU-Datenschutzgrundverordnung (DSGVO) und des Bundesdatenschutzgesetzes\u2026","rel":"","context":"\u00c4hnlicher Beitrag","block_context":{"text":"\u00c4hnlicher Beitrag","link":""},"img":{"alt_text":"","src":"https:\/\/i0.wp.com\/www.freidenker.org\/fw17\/wp-content\/uploads\/2020\/12\/privacy-policy-2117996_800x450.jpg?fit=800%2C450&ssl=1&resize=350%2C200","width":350,"height":200,"srcset":"https:\/\/i0.wp.com\/www.freidenker.org\/fw17\/wp-content\/uploads\/2020\/12\/privacy-policy-2117996_800x450.jpg?fit=800%2C450&ssl=1&resize=350%2C200 1x, https:\/\/i0.wp.com\/www.freidenker.org\/fw17\/wp-content\/uploads\/2020\/12\/privacy-policy-2117996_800x450.jpg?fit=800%2C450&ssl=1&resize=525%2C300 1.5x, https:\/\/i0.wp.com\/www.freidenker.org\/fw17\/wp-content\/uploads\/2020\/12\/privacy-policy-2117996_800x450.jpg?fit=800%2C450&ssl=1&resize=700%2C400 2x"},"classes":[]}],"_links":{"self":[{"href":"https:\/\/www.freidenker.org\/index.php?rest_route=\/wp\/v2\/pages\/68","targetHints":{"allow":["GET"]}}],"collection":[{"href":"https:\/\/www.freidenker.org\/index.php?rest_route=\/wp\/v2\/pages"}],"about":[{"href":"https:\/\/www.freidenker.org\/index.php?rest_route=\/wp\/v2\/types\/page"}],"author":[{"embeddable":true,"href":"https:\/\/www.freidenker.org\/index.php?rest_route=\/wp\/v2\/users\/2"}],"replies":[{"embeddable":true,"href":"https:\/\/www.freidenker.org\/index.php?rest_route=%2Fwp%2Fv2%2Fcomments&post=68"}],"version-history":[{"count":0,"href":"https:\/\/www.freidenker.org\/index.php?rest_route=\/wp\/v2\/pages\/68\/revisions"}],"up":[{"embeddable":true,"href":"https:\/\/www.freidenker.org\/index.php?rest_route=\/wp\/v2\/pages\/1906"}],"wp:featuredmedia":[{"embeddable":true,"href":"https:\/\/www.freidenker.org\/index.php?rest_route=\/wp\/v2\/media\/1555"}],"wp:attachment":[{"href":"https:\/\/www.freidenker.org\/index.php?rest_route=%2Fwp%2Fv2%2Fmedia&parent=68"}],"curies":[{"name":"wp","href":"https:\/\/api.w.org\/{rel}","templated":true}]}}