{"id":594,"date":"2016-08-09T17:46:18","date_gmt":"2016-08-09T15:46:18","guid":{"rendered":"http:\/\/www.freidenker.org\/fw17\/?page_id=594"},"modified":"2025-06-06T23:23:21","modified_gmt":"2025-06-06T21:23:21","slug":"verbandsvorstand","status":"publish","type":"page","link":"https:\/\/www.freidenker.org\/?page_id=594","title":{"rendered":"Verbandsvorstand"},"content":{"rendered":"<p><img data-recalc-dims=\"1\" loading=\"lazy\" decoding=\"async\" data-attachment-id=\"21990\" data-permalink=\"https:\/\/www.freidenker.org\/?attachment_id=21990\" data-orig-file=\"https:\/\/i0.wp.com\/www.freidenker.org\/fw17\/wp-content\/uploads\/2025\/06\/VT_2025_Vorstand_v2.jpg?fit=1385%2C651&amp;ssl=1\" data-orig-size=\"1385,651\" data-comments-opened=\"0\" data-image-meta=\"{&quot;aperture&quot;:&quot;0&quot;,&quot;credit&quot;:&quot;&quot;,&quot;camera&quot;:&quot;&quot;,&quot;caption&quot;:&quot;&quot;,&quot;created_timestamp&quot;:&quot;0&quot;,&quot;copyright&quot;:&quot;&quot;,&quot;focal_length&quot;:&quot;0&quot;,&quot;iso&quot;:&quot;0&quot;,&quot;shutter_speed&quot;:&quot;0&quot;,&quot;title&quot;:&quot;&quot;,&quot;orientation&quot;:&quot;1&quot;}\" data-image-title=\"VT_2025_Vorstand_v2\" data-image-description=\"\" data-image-caption=\"\" data-large-file=\"https:\/\/i0.wp.com\/www.freidenker.org\/fw17\/wp-content\/uploads\/2025\/06\/VT_2025_Vorstand_v2.jpg?fit=800%2C376&amp;ssl=1\" class=\"alignnone wp-image-21990 size-large\" src=\"https:\/\/i0.wp.com\/www.freidenker.org\/fw17\/wp-content\/uploads\/2025\/06\/VT_2025_Vorstand_v2.jpg?resize=800%2C376&#038;ssl=1\" alt=\"\" width=\"800\" height=\"376\" srcset=\"https:\/\/i0.wp.com\/www.freidenker.org\/fw17\/wp-content\/uploads\/2025\/06\/VT_2025_Vorstand_v2.jpg?resize=1024%2C481&amp;ssl=1 1024w, https:\/\/i0.wp.com\/www.freidenker.org\/fw17\/wp-content\/uploads\/2025\/06\/VT_2025_Vorstand_v2.jpg?resize=300%2C141&amp;ssl=1 300w, https:\/\/i0.wp.com\/www.freidenker.org\/fw17\/wp-content\/uploads\/2025\/06\/VT_2025_Vorstand_v2.jpg?resize=768%2C361&amp;ssl=1 768w, https:\/\/i0.wp.com\/www.freidenker.org\/fw17\/wp-content\/uploads\/2025\/06\/VT_2025_Vorstand_v2.jpg?w=1385&amp;ssl=1 1385w\" sizes=\"auto, (max-width: 800px) 100vw, 800px\" \/><\/p>\n<p><span style=\"font-size: 10pt;\">Gesch\u00e4ftsf\u00fchrender Verbandsvorstand der Freidenker (v.l.): Monique Broquard (Sulzbach\/Saar), Organisations- und Kulturarbeit; Bundesvorsitzender Sebastian Bahlo (Frankfurt\/Main); Kassiererin Regina Silbermann (Chemnitz), Ralf Lux (Potsdam), Interessenvertretung Konfessionsfreier; Stellvertretender Vorsitzender Klaus Hartmann (Offenbach\/Main); Schriftf\u00fchrerin Anke Wittkopp (Hannover)..<\/span><\/p>\n<p><strong>Kontakt:<\/strong> Deutscher Freidenker-Verband e.V., c\/o Sebastian Bahlo, Postfach 600721, D-60337 Frankfurt am Main, Telefon +49 (0)69 46308639<br \/>\n<a href=\"mailto:kontakt@freidenker.de\">kontakt@freidenker.de<\/a>, <strong>Web<\/strong> <a href=\"https:\/\/www.freidenker.org\" rel=\"noopener noreferrer\">https:\/\/www.freidenker.org<\/a>.<\/p>\n<p><strong>Bankverbindung und Spendenkonto:<\/strong><br \/>\nIBAN: DE45 7015 0000 0045 1070 75 &#8211; BIC: SSKMDEMM &#8211; Bankinstitut: Stadtsparkasse M\u00fcnchen<\/p>\n<p>Die<strong> Redaktion der Zeitschrift &#8218;FREIDENKER&#8216;<\/strong> ist \u00fcber die E-Mail-Adresse<br \/>\n<a href=\"mailto:redaktion@freidenker.de\">redaktion@freidenker.de<\/a> erreichbar.<\/p>\n<p><strong>&#8218;Freidenker&#8216;-Vertrieb, Abonnements und Heftbestellungen <\/strong>sind \u00fcber die E-Mail-Adresse <a href=\"mailto:abo@freidenker.de\">abo@freidenker.de<\/a> bzw. <a href=\"mailto:vertrieb@freidenker.de\">vertrieb@freidenker.de<\/a>,\u00a0direkter Kontakt \u00fcber <strong>Monique Broquard<\/strong>, Am Friedhof 10, D-66280 Sulzbach, Telefon +49 (0)6897 2446 m\u00f6glich.<\/p>\n<hr \/>\n<p><strong>Sebastian Bahlo<br \/>\nVorsitzender<br \/>\n<\/strong>Postfach 600721, D-60337 Frankfurt am Main<strong><br \/>\n<\/strong>Telefon +49 (0)69 46308639<br \/>\nE-Mail\u00a0<a href=\"mailto:s.bahlo@freidenker.de\">s.bahlo@freidenker.de<\/a><\/p>\n<hr \/>\n<p><strong>Klaus Hartmann<br \/>\nstellvertretender Vorsitzender<\/strong><br \/>\nSchillstra\u00dfe 7, D-63067 Offenbach<br \/>\nTelefon \/ Telefax +49 (0)69 835850<br \/>\nE-Mail\u00a0<a href=\"mailto:k.hartmann@freidenker.de\">k.hartmann@freidenker.de<\/a><\/p>\n<hr \/>\n<p><strong>Regina Silbermann<br \/>\n<\/strong><strong>Kasse \/ Finanzen<br \/>\n<\/strong>Chemnitz<\/p>\n<hr \/>\n<p><strong>Anke Wittkopp<\/strong><br \/>\n<strong>Schriftf\u00fchrung<\/strong><br \/>\nHannover<\/p>\n<hr \/>\n<p><strong>Monique Broquard<br \/>\nOrganisations- und Kulturarbeit<\/strong><br \/>\nAm Friedhof 10, D-66280 Sulzbach<br \/>\nTelefon +49 (0)6897 2446<br \/>\nMobil +49 (0)152 53190992<br \/>\nE-Mail\u00a0<a href=\"mailto:m.broquard@freidenker.de\">m.broquard@freidenker.de<\/a><\/p>\n<hr \/>\n<p><strong><span class=\"Stil2\">Ralf Lux<br \/>\nInteressenvertretung konfessionsfreier Menschen<br \/>\n<\/span><\/strong><span class=\"basis_fett Stil2\">Suse-Ahlgrimm-Str. 7, <\/span><span class=\"Stil2\">D-14473 Potsdam<br \/>\nTelefon +49 (0)331 610565<br \/>\nE-Mail\u00a0<a href=\"mailto:ralf.lux@freidenker.de\">ralf.lux@freidenker.de<\/a><\/span><\/p>\n<hr \/>\n<ul>\n<li>&#8230; zu den <a href=\"https:\/\/www.freidenker.org\/?page_id=604\">Referenten des Verbandes<\/a><\/li>\n<li>&#8230; zu den <a href=\"https:\/\/www.freidenker.org\/?page_id=608\">Landesverb\u00e4nden<\/a><\/li>\n<\/ul>\n<p>&nbsp;<\/p>\n","protected":false},"excerpt":{"rendered":"<p>Gesch\u00e4ftsf\u00fchrender Verbandsvorstand der Freidenker (v.l.): Monique Broquard (Sulzbach\/Saar), Organisations- und Kulturarbeit; Bundesvorsitzender Sebastian Bahlo (Frankfurt\/Main); Kassiererin Regina Silbermann (Chemnitz), Ralf<\/p>\n","protected":false},"author":2,"featured_media":22050,"parent":1906,"menu_order":7,"comment_status":"closed","ping_status":"closed","template":"","meta":{"colormag_page_container_layout":"default_layout","colormag_page_sidebar_layout":"default_layout","advanced_seo_description":"","jetpack_seo_html_title":"","jetpack_seo_noindex":false,"jetpack_post_was_ever_published":false,"footnotes":""},"class_list":["post-594","page","type-page","status-publish","has-post-thumbnail","hentry"],"jetpack_shortlink":"https:\/\/wp.me\/P9stpK-9A","jetpack-related-posts":[{"id":74,"url":"https:\/\/www.freidenker.org\/?page_id=74","url_meta":{"origin":594,"position":0},"title":"Impressum","author":"Webmaster","date":"13. Mai 2016","format":false,"excerpt":"Herausgeber und Ansprechpartner Deutscher Freidenker-Verband e.V. c\/o Sebastian Bahlo Postfach 600721, D-60337 Frankfurt am Main Telefon +49 (0)69 46308639 kontakt@freidenker.de Der Deutsche Freidenker-Verband e.V. ist beim Amtsgericht Dortmund mit der Registernummer 1702 eingetragen. Webredaktion Sebastian Bahlo Klaus Hartmann Ralf Lux Jens Oldenburg Klaus von Raussendorff webredaktion@freidenker.org F\u00fcr unaufgefordert eingesandte Artikel,\u2026","rel":"","context":"\u00c4hnlicher Beitrag","block_context":{"text":"\u00c4hnlicher Beitrag","link":""},"img":{"alt_text":"","src":"https:\/\/i0.wp.com\/www.freidenker.org\/fw17\/wp-content\/uploads\/2016\/05\/imprint-2508606_800x445.jpg?fit=800%2C445&ssl=1&resize=350%2C200","width":350,"height":200,"srcset":"https:\/\/i0.wp.com\/www.freidenker.org\/fw17\/wp-content\/uploads\/2016\/05\/imprint-2508606_800x445.jpg?fit=800%2C445&ssl=1&resize=350%2C200 1x, https:\/\/i0.wp.com\/www.freidenker.org\/fw17\/wp-content\/uploads\/2016\/05\/imprint-2508606_800x445.jpg?fit=800%2C445&ssl=1&resize=525%2C300 1.5x, https:\/\/i0.wp.com\/www.freidenker.org\/fw17\/wp-content\/uploads\/2016\/05\/imprint-2508606_800x445.jpg?fit=800%2C445&ssl=1&resize=700%2C400 2x"},"classes":[]},{"id":62,"url":"https:\/\/www.freidenker.org\/?page_id=62","url_meta":{"origin":594,"position":1},"title":"Aufgaben der Aufkl\u00e4rung: &#8222;Die Richtigstellung der Begriffe\u201c","author":"Webmaster","date":"13. Mai 2016","format":false,"excerpt":"Der Verbandstag am 02. und 03.06.2012 in N\u00fcrnberg beschloss den Entwurf eines Hauptdokumentes mit dem Titel \u00bbDie Richtigstellung der Begriffe\u00ab, das die Frage aufwirft, \u00bbwie lange die Herrschenden noch in der Lage sind, die Menschen dazu zu bringen, ihrer eigenen Disziplinierung, Ausbeutung und Unterdr\u00fcckung freiwillig zuzustimmen\u00ab. Begriffe wie Internationalismus, Menschenrechte,\u2026","rel":"","context":"\u00c4hnlicher Beitrag","block_context":{"text":"\u00c4hnlicher Beitrag","link":""},"img":{"alt_text":"","src":"https:\/\/i0.wp.com\/www.freidenker.org\/fw17\/wp-content\/uploads\/2016\/05\/experience-407738_800x445.jpg?fit=800%2C445&ssl=1&resize=350%2C200","width":350,"height":200,"srcset":"https:\/\/i0.wp.com\/www.freidenker.org\/fw17\/wp-content\/uploads\/2016\/05\/experience-407738_800x445.jpg?fit=800%2C445&ssl=1&resize=350%2C200 1x, https:\/\/i0.wp.com\/www.freidenker.org\/fw17\/wp-content\/uploads\/2016\/05\/experience-407738_800x445.jpg?fit=800%2C445&ssl=1&resize=525%2C300 1.5x, https:\/\/i0.wp.com\/www.freidenker.org\/fw17\/wp-content\/uploads\/2016\/05\/experience-407738_800x445.jpg?fit=800%2C445&ssl=1&resize=700%2C400 2x"},"classes":[]},{"id":72,"url":"https:\/\/www.freidenker.org\/?page_id=72","url_meta":{"origin":594,"position":2},"title":"Satzung des Deutschen Freidenker-Verbandes e.V.","author":"Webmaster","date":"13. Mai 2016","format":false,"excerpt":"Beschlossen vom Verbandstag am 1.\/2. Juni 1991 in Braunschweig, zuletzt ge\u00e4ndert vom Verbandstag am 26.\/27. Juni 2021 in Raunheim\/Main Die vollst\u00e4ndige Satzung kann hier als\u00a0 PDF-Dokument angesehen und heruntergeladen werden: \u00a0 Satzung des Deutschen Freidenker-Verbandes e.V.\u00a0 im PDF-Format (ca. 209 KB) Satzung des Deutschen Freidenker-Verbandes e.V. \u00a7 1 - Name\u2026","rel":"","context":"\u00c4hnlicher Beitrag","block_context":{"text":"\u00c4hnlicher Beitrag","link":""},"img":{"alt_text":"","src":"https:\/\/i0.wp.com\/www.freidenker.org\/fw17\/wp-content\/uploads\/2017\/11\/Freidenker_Multilogo_grau.jpg?fit=800%2C445&ssl=1&resize=350%2C200","width":350,"height":200,"srcset":"https:\/\/i0.wp.com\/www.freidenker.org\/fw17\/wp-content\/uploads\/2017\/11\/Freidenker_Multilogo_grau.jpg?fit=800%2C445&ssl=1&resize=350%2C200 1x, https:\/\/i0.wp.com\/www.freidenker.org\/fw17\/wp-content\/uploads\/2017\/11\/Freidenker_Multilogo_grau.jpg?fit=800%2C445&ssl=1&resize=525%2C300 1.5x, https:\/\/i0.wp.com\/www.freidenker.org\/fw17\/wp-content\/uploads\/2017\/11\/Freidenker_Multilogo_grau.jpg?fit=800%2C445&ssl=1&resize=700%2C400 2x"},"classes":[]},{"id":2507,"url":"https:\/\/www.freidenker.org\/?page_id=2507","url_meta":{"origin":594,"position":3},"title":"Mitglied oder F\u00f6rdermitglied im Deutschen Freidenker-Verband e. V. werden","author":"Webredaktion","date":"9. Dezember 2017","format":false,"excerpt":"Freies Denken ist nicht nur Privatsache. Wer sich gegen Gehirnw\u00e4sche und Volksverdummung durch Medien, Geheimdienste, Milit\u00e4r, diversen Stiftungen, Kirchen usw. gemeinsam mit anderen zur Wehr setzen will, ist im Deutschen Freidenker-Verband willkommen. Aufnahmeantrag * (ca. 84 KB) f\u00fcr den Deutschen Freidenker-Verband e. V. auf dem Computer speichern, ausf\u00fcllen und per\u2026","rel":"","context":"\u00c4hnlicher Beitrag","block_context":{"text":"\u00c4hnlicher Beitrag","link":""},"img":{"alt_text":"","src":"https:\/\/i0.wp.com\/www.freidenker.org\/fw17\/wp-content\/uploads\/2017\/11\/Freidenker_Multilogo_grau.jpg?fit=800%2C445&ssl=1&resize=350%2C200","width":350,"height":200,"srcset":"https:\/\/i0.wp.com\/www.freidenker.org\/fw17\/wp-content\/uploads\/2017\/11\/Freidenker_Multilogo_grau.jpg?fit=800%2C445&ssl=1&resize=350%2C200 1x, https:\/\/i0.wp.com\/www.freidenker.org\/fw17\/wp-content\/uploads\/2017\/11\/Freidenker_Multilogo_grau.jpg?fit=800%2C445&ssl=1&resize=525%2C300 1.5x, https:\/\/i0.wp.com\/www.freidenker.org\/fw17\/wp-content\/uploads\/2017\/11\/Freidenker_Multilogo_grau.jpg?fit=800%2C445&ssl=1&resize=700%2C400 2x"},"classes":[]},{"id":1906,"url":"https:\/\/www.freidenker.org\/?page_id=1906","url_meta":{"origin":594,"position":4},"title":"Der Verband","author":"Webredaktion","date":"21. November 2017","format":false,"excerpt":"Der Deutsche Freidenker-Verband ist Weltanschauungsgemeinschaft, Kulturorganisation und Interessenvertretung konfessionsfreier Menschen. Hier finden Sie Informationen \u00fcber die Geschichte der Freidenkerbewegung, unsere Grundsatzdokumente (Berliner Erkl\u00e4rung, Satzung), wichtige Beschl\u00fcsse und Positionen, Kontaktadressen des Vorstandes und der Landesverb\u00e4nde sowie Links zu Partnerorganisationen. Im Einzelnen: \u00a0 Einen kurzen Abriss \u00fcber die Geschichte des Freien Denkens\u2026","rel":"","context":"\u00c4hnlicher Beitrag","block_context":{"text":"\u00c4hnlicher Beitrag","link":""},"img":{"alt_text":"","src":"https:\/\/i0.wp.com\/www.freidenker.org\/fw17\/wp-content\/uploads\/2017\/11\/FD_WG_IVKM_KO.jpg?fit=800%2C445&ssl=1&resize=350%2C200","width":350,"height":200,"srcset":"https:\/\/i0.wp.com\/www.freidenker.org\/fw17\/wp-content\/uploads\/2017\/11\/FD_WG_IVKM_KO.jpg?fit=800%2C445&ssl=1&resize=350%2C200 1x, https:\/\/i0.wp.com\/www.freidenker.org\/fw17\/wp-content\/uploads\/2017\/11\/FD_WG_IVKM_KO.jpg?fit=800%2C445&ssl=1&resize=525%2C300 1.5x, https:\/\/i0.wp.com\/www.freidenker.org\/fw17\/wp-content\/uploads\/2017\/11\/FD_WG_IVKM_KO.jpg?fit=800%2C445&ssl=1&resize=700%2C400 2x"},"classes":[]},{"id":77,"url":"https:\/\/www.freidenker.org\/?page_id=77","url_meta":{"origin":594,"position":5},"title":"Mitmachen","author":"Webmaster","date":"13. Mai 2016","format":false,"excerpt":"Freies Denken ist nicht nur Privatsache. Wer sich gegen Gehirnw\u00e4sche und Volksverdummung durch Medien, Geheimdienste, Milit\u00e4r, diversen Stiftungen, Kirchen usw. gemeinsam mit anderen zur Wehr setzen will, ist im Deutschen Freidenker-Verband willkommen. Mitglied oder F\u00f6rdermitglied im Deutschen Freidenker-Verband e. V. werden Mitgliedsantrag f\u00fcr den Deutschen Freidenker-Verband e. V. auf dem\u2026","rel":"","context":"\u00c4hnlicher Beitrag","block_context":{"text":"\u00c4hnlicher Beitrag","link":""},"img":{"alt_text":"","src":"https:\/\/i0.wp.com\/www.freidenker.org\/fw17\/wp-content\/uploads\/2017\/11\/Freidenker_Multilogo.jpg?fit=800%2C445&ssl=1&resize=350%2C200","width":350,"height":200,"srcset":"https:\/\/i0.wp.com\/www.freidenker.org\/fw17\/wp-content\/uploads\/2017\/11\/Freidenker_Multilogo.jpg?fit=800%2C445&ssl=1&resize=350%2C200 1x, https:\/\/i0.wp.com\/www.freidenker.org\/fw17\/wp-content\/uploads\/2017\/11\/Freidenker_Multilogo.jpg?fit=800%2C445&ssl=1&resize=525%2C300 1.5x, https:\/\/i0.wp.com\/www.freidenker.org\/fw17\/wp-content\/uploads\/2017\/11\/Freidenker_Multilogo.jpg?fit=800%2C445&ssl=1&resize=700%2C400 2x"},"classes":[]}],"_links":{"self":[{"href":"https:\/\/www.freidenker.org\/index.php?rest_route=\/wp\/v2\/pages\/594","targetHints":{"allow":["GET"]}}],"collection":[{"href":"https:\/\/www.freidenker.org\/index.php?rest_route=\/wp\/v2\/pages"}],"about":[{"href":"https:\/\/www.freidenker.org\/index.php?rest_route=\/wp\/v2\/types\/page"}],"author":[{"embeddable":true,"href":"https:\/\/www.freidenker.org\/index.php?rest_route=\/wp\/v2\/users\/2"}],"replies":[{"embeddable":true,"href":"https:\/\/www.freidenker.org\/index.php?rest_route=%2Fwp%2Fv2%2Fcomments&post=594"}],"version-history":[{"count":2,"href":"https:\/\/www.freidenker.org\/index.php?rest_route=\/wp\/v2\/pages\/594\/revisions"}],"predecessor-version":[{"id":22092,"href":"https:\/\/www.freidenker.org\/index.php?rest_route=\/wp\/v2\/pages\/594\/revisions\/22092"}],"up":[{"embeddable":true,"href":"https:\/\/www.freidenker.org\/index.php?rest_route=\/wp\/v2\/pages\/1906"}],"wp:featuredmedia":[{"embeddable":true,"href":"https:\/\/www.freidenker.org\/index.php?rest_route=\/wp\/v2\/media\/22050"}],"wp:attachment":[{"href":"https:\/\/www.freidenker.org\/index.php?rest_route=%2Fwp%2Fv2%2Fmedia&parent=594"}],"curies":[{"name":"wp","href":"https:\/\/api.w.org\/{rel}","templated":true}]}}