{"id":1910,"date":"2017-11-21T02:03:08","date_gmt":"2017-11-21T01:03:08","guid":{"rendered":"http:\/\/www.freidenker.org\/fw17\/?page_id=1910"},"modified":"2017-12-10T00:35:17","modified_gmt":"2017-12-09T23:35:17","slug":"jugendweihe-jugendfeier","status":"publish","type":"page","link":"https:\/\/www.freidenker.org\/?page_id=1910","title":{"rendered":"Jugendweihe &#038; Jugendfeier"},"content":{"rendered":"<p><strong>Die Jugendweihe bzw. Jugendfeier ist eine festliche Aufnahme in die Welt des Erwachsenseins. Sie ist eine nichtkirchliche Alternative zur Konfirmation der evangelischen Kirchen und zur Firmung in der katholischen Kirche.<\/strong><\/p>\n<p>Das Fest wird seit 1890 in der Freidenkerbewegung regelm\u00e4\u00dfig begangen. In der Weimarer Republik (1918\u20131933) erlebte die Jugendweihe einen gro\u00dfen Aufschwung in den Organisationen der Freidenker und der Arbeiterbewegung. Nach dem Ende der Verfolgung durch die Nazi-Diktatur entwickelte sich die Jugendweihe in den beiden deutschen Staaten unterschiedlich. In der DDR wurde die Jugendweihe zur staatlich gef\u00f6rderten Feier am Ende des 8. Schuljahres, an der die \u00fcberwiegende Mehrheit der Jugendlichen teilnahm. In der BRD konnte die Jugendweihe die alte Bedeutung und Gr\u00f6\u00dfe nicht erreichen. Hier waren es\u00a0 die freidenkerischen Organisationen, welche die Tradition der Jugendweihe \u00fcbernahmen und weiterentwickelten. Die Jugendweihe \/ Jugendfeier ist ein bedeutendes Kulturereignis der Freidenker, das sich bis in die heutige Zeit erhalten hat.<\/p>\n<p>Heute stellt sich f\u00fcr immer mehr Jugendliche die Frage: Hat es Sinn, ohne religi\u00f6se \u00dcberzeugung an der kirchlichen Feier zum Erwachsenwerden teilzunehmen? Der immer gr\u00f6\u00dfer werdenden Zahl von Kirchenaustritten der Erwachsenen muss nicht das weltanschauliche Nichts f\u00fcr die Kinder folgen. Au\u00dfer religi\u00f6sen Ansichten gibt es zumindest noch die Ansicht, dass das Leben vor dem Tode stattfindet. Das richtige Leben! Und dass dieses Leben von den Menschen gestaltet werden kann \u2013 und muss! Die Freidenker wollen dazu anregen, sich \u00fcber die Probleme der Welt einen eigenen Kopf zu machen. Dazu gibt es Diskussionsrunden: Von Religion und Aberglauben, bis zu Philosophie und Liebe. Und zu guter Letzt: Eine gro\u00dfe Feier mit kulturellen Beitr\u00e4gen und einer sch\u00f6nen Rede \u2013 die Jugendfeier.<\/p>\n<p>Hier erfahren Sie, an wen Sie sich wenden k\u00f6nnen, wenn Sie Interesse an einer vom Deutschen Freidenker-Verband organisierten Jugendweihe haben:<\/p>\n<ul>\n<li><a href=\"https:\/\/www.freidenker.org\/?page_id=95\">Jugendweihe &amp; Jugendfeier &#8211; Kontakte<\/a><\/li>\n<\/ul>\n<p>Informationen und Artikel zur Geschichte der Jugendweihe und Berichte von aktuellen Jugendweihe-Feiern finden Sie hier:<\/p>\n<ul>\n<li><a href=\"https:\/\/www.freidenker.org\/?cat=14\">Jugendweihe &amp; Jugendfeier &#8211; Beitr\u00e4ge<\/a><\/li>\n<\/ul>\n<p>&nbsp;<\/p>\n<p><img data-recalc-dims=\"1\" loading=\"lazy\" decoding=\"async\" data-attachment-id=\"2458\" data-permalink=\"https:\/\/www.freidenker.org\/?attachment_id=2458\" data-orig-file=\"https:\/\/i0.wp.com\/www.freidenker.org\/fw17\/wp-content\/uploads\/2017\/11\/Jugendfeier_Hessen_2017.jpg?fit=800%2C445&amp;ssl=1\" data-orig-size=\"800,445\" data-comments-opened=\"0\" data-image-meta=\"{&quot;aperture&quot;:&quot;0&quot;,&quot;credit&quot;:&quot;&quot;,&quot;camera&quot;:&quot;&quot;,&quot;caption&quot;:&quot;&quot;,&quot;created_timestamp&quot;:&quot;0&quot;,&quot;copyright&quot;:&quot;&quot;,&quot;focal_length&quot;:&quot;0&quot;,&quot;iso&quot;:&quot;0&quot;,&quot;shutter_speed&quot;:&quot;0&quot;,&quot;title&quot;:&quot;&quot;,&quot;orientation&quot;:&quot;1&quot;}\" data-image-title=\"Jugendfeier_Hessen_2017\" data-image-description=\"\" data-image-caption=\"\" data-large-file=\"https:\/\/i0.wp.com\/www.freidenker.org\/fw17\/wp-content\/uploads\/2017\/11\/Jugendfeier_Hessen_2017.jpg?fit=800%2C445&amp;ssl=1\" class=\"alignnone size-full wp-image-2458\" src=\"https:\/\/i0.wp.com\/www.freidenker.org\/fw17\/wp-content\/uploads\/2017\/11\/Jugendfeier_Hessen_2017.jpg?resize=800%2C445&#038;ssl=1\" alt=\"\" width=\"800\" height=\"445\" srcset=\"https:\/\/i0.wp.com\/www.freidenker.org\/fw17\/wp-content\/uploads\/2017\/11\/Jugendfeier_Hessen_2017.jpg?w=800&amp;ssl=1 800w, https:\/\/i0.wp.com\/www.freidenker.org\/fw17\/wp-content\/uploads\/2017\/11\/Jugendfeier_Hessen_2017.jpg?resize=300%2C167&amp;ssl=1 300w, https:\/\/i0.wp.com\/www.freidenker.org\/fw17\/wp-content\/uploads\/2017\/11\/Jugendfeier_Hessen_2017.jpg?resize=768%2C427&amp;ssl=1 768w\" sizes=\"auto, (max-width: 800px) 100vw, 800px\" \/><\/p>\n<p>&nbsp;<\/p>\n","protected":false},"excerpt":{"rendered":"<p>Die Jugendweihe bzw. Jugendfeier ist eine festliche Aufnahme in die Welt des Erwachsenseins. Sie ist eine nichtkirchliche Alternative zur Konfirmation<\/p>\n","protected":false},"author":3,"featured_media":2458,"parent":0,"menu_order":0,"comment_status":"closed","ping_status":"closed","template":"","meta":{"colormag_page_container_layout":"default_layout","colormag_page_sidebar_layout":"default_layout","advanced_seo_description":"","jetpack_seo_html_title":"","jetpack_seo_noindex":false,"jetpack_post_was_ever_published":false,"footnotes":""},"class_list":["post-1910","page","type-page","status-publish","has-post-thumbnail","hentry"],"jetpack_shortlink":"https:\/\/wp.me\/P9stpK-uO","jetpack-related-posts":[{"id":95,"url":"https:\/\/www.freidenker.org\/?page_id=95","url_meta":{"origin":1910,"position":0},"title":"Jugendweihe &#038; Jugendfeier &#8211; Kontakte","author":"Webmaster","date":"13. Mai 2016","format":false,"excerpt":"Wie erreiche ich in den Landesverb\u00e4nden die Ansprechpartner f\u00fcr die Jugendweihen? Die Organisation der Jugendweihen und Jugendfeiern obliegt den Landesverb\u00e4nden des Deutschen Freidenker-Verbandes. Zu Terminen, Anmeldungen, Planung und Gestaltung der Jugendfeiern beachtet bitte folgende Webseiten: Bayern Franken \u00fcber die Jugendfeier-Webseite des DFV Franken N\u00fcrnberg \u00fcber die Jugendfeier-Webseite des DFV N\u00fcrnberg\u2026","rel":"","context":"\u00c4hnlicher Beitrag","block_context":{"text":"\u00c4hnlicher Beitrag","link":""},"img":{"alt_text":"","src":"https:\/\/i0.wp.com\/www.freidenker.org\/fw17\/wp-content\/uploads\/2016\/05\/Menschen_Treppe.jpg?fit=800%2C445&ssl=1&resize=350%2C200","width":350,"height":200,"srcset":"https:\/\/i0.wp.com\/www.freidenker.org\/fw17\/wp-content\/uploads\/2016\/05\/Menschen_Treppe.jpg?fit=800%2C445&ssl=1&resize=350%2C200 1x, https:\/\/i0.wp.com\/www.freidenker.org\/fw17\/wp-content\/uploads\/2016\/05\/Menschen_Treppe.jpg?fit=800%2C445&ssl=1&resize=525%2C300 1.5x, https:\/\/i0.wp.com\/www.freidenker.org\/fw17\/wp-content\/uploads\/2016\/05\/Menschen_Treppe.jpg?fit=800%2C445&ssl=1&resize=700%2C400 2x"},"classes":[]},{"id":64,"url":"https:\/\/www.freidenker.org\/?page_id=64","url_meta":{"origin":1910,"position":1},"title":"Berliner Erkl\u00e4rung: &#8222;Wer sind die Freidenker und was wollen sie?&#8220;","author":"Webmaster","date":"13. Mai 2016","format":false,"excerpt":"Beschlossen vom Verbandstag am 4.\/5. Juni 1994 in Berlin Wer sind wir Freidenker? Seit dem 1. Juni 1991 sind die Freidenker wieder in einem gemeinsamen Deutschen Freidenker-Verband mit Sitz in Dortmund und Landesverb\u00e4nden in allen Bundesl\u00e4ndern vereinigt. Der Deutsche Freidenker-Verband ist Weltanschauungsgemeinschaft, Kulturorganisation und Interessenvertretung konfessionsfreier Menschen. Er steht in\u2026","rel":"","context":"\u00c4hnlicher Beitrag","block_context":{"text":"\u00c4hnlicher Beitrag","link":""},"img":{"alt_text":"","src":"https:\/\/i0.wp.com\/www.freidenker.org\/fw17\/wp-content\/uploads\/2017\/11\/FD_WG_IVKM_KO.jpg?fit=800%2C445&ssl=1&resize=350%2C200","width":350,"height":200,"srcset":"https:\/\/i0.wp.com\/www.freidenker.org\/fw17\/wp-content\/uploads\/2017\/11\/FD_WG_IVKM_KO.jpg?fit=800%2C445&ssl=1&resize=350%2C200 1x, https:\/\/i0.wp.com\/www.freidenker.org\/fw17\/wp-content\/uploads\/2017\/11\/FD_WG_IVKM_KO.jpg?fit=800%2C445&ssl=1&resize=525%2C300 1.5x, https:\/\/i0.wp.com\/www.freidenker.org\/fw17\/wp-content\/uploads\/2017\/11\/FD_WG_IVKM_KO.jpg?fit=800%2C445&ssl=1&resize=700%2C400 2x"},"classes":[]},{"id":72,"url":"https:\/\/www.freidenker.org\/?page_id=72","url_meta":{"origin":1910,"position":2},"title":"Satzung des Deutschen Freidenker-Verbandes e.V.","author":"Webmaster","date":"13. Mai 2016","format":false,"excerpt":"Beschlossen vom Verbandstag am 1.\/2. Juni 1991 in Braunschweig, zuletzt ge\u00e4ndert vom Verbandstag am 26.\/27. Juni 2021 in Raunheim\/Main Die vollst\u00e4ndige Satzung kann hier als\u00a0 PDF-Dokument angesehen und heruntergeladen werden: \u00a0 Satzung des Deutschen Freidenker-Verbandes e.V.\u00a0 im PDF-Format (ca. 209 KB) Satzung des Deutschen Freidenker-Verbandes e.V. \u00a7 1 - Name\u2026","rel":"","context":"\u00c4hnlicher Beitrag","block_context":{"text":"\u00c4hnlicher Beitrag","link":""},"img":{"alt_text":"","src":"https:\/\/i0.wp.com\/www.freidenker.org\/fw17\/wp-content\/uploads\/2017\/11\/Freidenker_Multilogo_grau.jpg?fit=800%2C445&ssl=1&resize=350%2C200","width":350,"height":200,"srcset":"https:\/\/i0.wp.com\/www.freidenker.org\/fw17\/wp-content\/uploads\/2017\/11\/Freidenker_Multilogo_grau.jpg?fit=800%2C445&ssl=1&resize=350%2C200 1x, https:\/\/i0.wp.com\/www.freidenker.org\/fw17\/wp-content\/uploads\/2017\/11\/Freidenker_Multilogo_grau.jpg?fit=800%2C445&ssl=1&resize=525%2C300 1.5x, https:\/\/i0.wp.com\/www.freidenker.org\/fw17\/wp-content\/uploads\/2017\/11\/Freidenker_Multilogo_grau.jpg?fit=800%2C445&ssl=1&resize=700%2C400 2x"},"classes":[]},{"id":8959,"url":"https:\/\/www.freidenker.org\/?page_id=8959","url_meta":{"origin":1910,"position":3},"title":"Datenschutzordnung","author":"Webredaktion","date":"6. Dezember 2020","format":false,"excerpt":"\u00a0 Datenschutzordnung des Deutschen Freidenker-Verbandes e.V.\u00a0 im PDF-Format (ca. 41 KB) Deutscher Freidenker-Verband Verbandsvorstand \u00a0 Datenschutzordnung Letzte Fassung beschlossen am 3.10.2020 \u00a0 I Rechtsgrundlagen Diese Datenschutzordnung dient der Sicherstellung des rechtskonformen Umgangs mitpersonenbezogenen Daten durch die Organe des Deutschen Freidenker-Verbands (DFV), insbesondere im Sinne der EU-Datenschutzgrundverordnung (DSGVO) und des Bundesdatenschutzgesetzes\u2026","rel":"","context":"\u00c4hnlicher Beitrag","block_context":{"text":"\u00c4hnlicher Beitrag","link":""},"img":{"alt_text":"","src":"https:\/\/i0.wp.com\/www.freidenker.org\/fw17\/wp-content\/uploads\/2020\/12\/privacy-policy-2117996_800x450.jpg?fit=800%2C450&ssl=1&resize=350%2C200","width":350,"height":200,"srcset":"https:\/\/i0.wp.com\/www.freidenker.org\/fw17\/wp-content\/uploads\/2020\/12\/privacy-policy-2117996_800x450.jpg?fit=800%2C450&ssl=1&resize=350%2C200 1x, https:\/\/i0.wp.com\/www.freidenker.org\/fw17\/wp-content\/uploads\/2020\/12\/privacy-policy-2117996_800x450.jpg?fit=800%2C450&ssl=1&resize=525%2C300 1.5x, https:\/\/i0.wp.com\/www.freidenker.org\/fw17\/wp-content\/uploads\/2020\/12\/privacy-policy-2117996_800x450.jpg?fit=800%2C450&ssl=1&resize=700%2C400 2x"},"classes":[]},{"id":68,"url":"https:\/\/www.freidenker.org\/?page_id=68","url_meta":{"origin":1910,"position":4},"title":"Tradition und Erbe","author":"Webmaster","date":"13. Mai 2016","format":false,"excerpt":"Aus der Geschichte der Freidenker Lange vor Beginn der organisierten Freidenker-Bewegung suchten Menschen nach einem freien geistigen Fundament f\u00fcr ein eigenverantwortlich gestaltetes Leben und Selbstverwirklichung. Zu den fr\u00fchesten Beispielen z\u00e4hlen Kaiserin Teje und ihr Sohn Echnaton im \u00c4gypten des 15. und 14. Jahrhunderts vor unserer Zeitrechnung sowie der chinesische Kaiser\u2026","rel":"","context":"\u00c4hnlicher Beitrag","block_context":{"text":"\u00c4hnlicher Beitrag","link":""},"img":{"alt_text":"","src":"https:\/\/i0.wp.com\/www.freidenker.org\/fw17\/wp-content\/uploads\/2016\/05\/Eugene_Delacroix_-_La_liberte_guidant_le_peuple_800x445.jpg?fit=800%2C445&ssl=1&resize=350%2C200","width":350,"height":200,"srcset":"https:\/\/i0.wp.com\/www.freidenker.org\/fw17\/wp-content\/uploads\/2016\/05\/Eugene_Delacroix_-_La_liberte_guidant_le_peuple_800x445.jpg?fit=800%2C445&ssl=1&resize=350%2C200 1x, https:\/\/i0.wp.com\/www.freidenker.org\/fw17\/wp-content\/uploads\/2016\/05\/Eugene_Delacroix_-_La_liberte_guidant_le_peuple_800x445.jpg?fit=800%2C445&ssl=1&resize=525%2C300 1.5x, https:\/\/i0.wp.com\/www.freidenker.org\/fw17\/wp-content\/uploads\/2016\/05\/Eugene_Delacroix_-_La_liberte_guidant_le_peuple_800x445.jpg?fit=800%2C445&ssl=1&resize=700%2C400 2x"},"classes":[]},{"id":62,"url":"https:\/\/www.freidenker.org\/?page_id=62","url_meta":{"origin":1910,"position":5},"title":"Aufgaben der Aufkl\u00e4rung: &#8222;Die Richtigstellung der Begriffe\u201c","author":"Webmaster","date":"13. Mai 2016","format":false,"excerpt":"Der Verbandstag am 02. und 03.06.2012 in N\u00fcrnberg beschloss den Entwurf eines Hauptdokumentes mit dem Titel \u00bbDie Richtigstellung der Begriffe\u00ab, das die Frage aufwirft, \u00bbwie lange die Herrschenden noch in der Lage sind, die Menschen dazu zu bringen, ihrer eigenen Disziplinierung, Ausbeutung und Unterdr\u00fcckung freiwillig zuzustimmen\u00ab. Begriffe wie Internationalismus, Menschenrechte,\u2026","rel":"","context":"\u00c4hnlicher Beitrag","block_context":{"text":"\u00c4hnlicher Beitrag","link":""},"img":{"alt_text":"","src":"https:\/\/i0.wp.com\/www.freidenker.org\/fw17\/wp-content\/uploads\/2016\/05\/experience-407738_800x445.jpg?fit=800%2C445&ssl=1&resize=350%2C200","width":350,"height":200,"srcset":"https:\/\/i0.wp.com\/www.freidenker.org\/fw17\/wp-content\/uploads\/2016\/05\/experience-407738_800x445.jpg?fit=800%2C445&ssl=1&resize=350%2C200 1x, https:\/\/i0.wp.com\/www.freidenker.org\/fw17\/wp-content\/uploads\/2016\/05\/experience-407738_800x445.jpg?fit=800%2C445&ssl=1&resize=525%2C300 1.5x, https:\/\/i0.wp.com\/www.freidenker.org\/fw17\/wp-content\/uploads\/2016\/05\/experience-407738_800x445.jpg?fit=800%2C445&ssl=1&resize=700%2C400 2x"},"classes":[]}],"_links":{"self":[{"href":"https:\/\/www.freidenker.org\/index.php?rest_route=\/wp\/v2\/pages\/1910","targetHints":{"allow":["GET"]}}],"collection":[{"href":"https:\/\/www.freidenker.org\/index.php?rest_route=\/wp\/v2\/pages"}],"about":[{"href":"https:\/\/www.freidenker.org\/index.php?rest_route=\/wp\/v2\/types\/page"}],"author":[{"embeddable":true,"href":"https:\/\/www.freidenker.org\/index.php?rest_route=\/wp\/v2\/users\/3"}],"replies":[{"embeddable":true,"href":"https:\/\/www.freidenker.org\/index.php?rest_route=%2Fwp%2Fv2%2Fcomments&post=1910"}],"version-history":[{"count":0,"href":"https:\/\/www.freidenker.org\/index.php?rest_route=\/wp\/v2\/pages\/1910\/revisions"}],"wp:featuredmedia":[{"embeddable":true,"href":"https:\/\/www.freidenker.org\/index.php?rest_route=\/wp\/v2\/media\/2458"}],"wp:attachment":[{"href":"https:\/\/www.freidenker.org\/index.php?rest_route=%2Fwp%2Fv2%2Fmedia&parent=1910"}],"curies":[{"name":"wp","href":"https:\/\/api.w.org\/{rel}","templated":true}]}}