{"id":1908,"date":"2017-11-21T02:01:47","date_gmt":"2017-11-21T01:01:47","guid":{"rendered":"http:\/\/www.freidenker.org\/fw17\/?page_id=1908"},"modified":"2018-02-21T17:20:40","modified_gmt":"2018-02-21T16:20:40","slug":"verbandsorgan-freidenker","status":"publish","type":"page","link":"https:\/\/www.freidenker.org\/?page_id=1908","title":{"rendered":"Verbandsorgan FREIDENKER"},"content":{"rendered":"<p>Der FREIDENKER ist das viertelj\u00e4hrlich erscheinende Verbandsorgan des Deutschen Freidenker-Verbandes e.V. Jedes Heft ist einem thematischen Schwerpunkt gewidmet und enth\u00e4lt au\u00dferdem die Rubriken Meldungen, Meinungen, Chronik, Aus den Landesverb\u00e4nden, Leserbriefe und B\u00fccher f\u00fcr Freidenker.<\/p>\n<p>Die Redaktion ist zu erreichen \u00fcber: Monique Broquard, Am Friedhof 10, 66280 Sulzbach, E-Mail: <a href=\"mailto:redaktion@freidenker.de\" target=\"_blank\" rel=\"noopener\">redaktion@freidenker.de<\/a><\/p>\n<p>Einen \u00dcberblick \u00fcber die Inhalte der Hefte seit 2007 finden Sie hier:<\/p>\n<ul>\n<li><a href=\"https:\/\/www.freidenker.org\/?cat=8\">Verbandsorgan FREIDENKER &#8211; Hefte<\/a><\/li>\n<\/ul>\n<p>Beginnend ab Dezember 2016 werden die Hefte &#8211; mit einem Jahr Verz\u00f6gerung &#8211; vollst\u00e4ndig als kostenlose Online-Ausgaben im PDF-Format zur Verf\u00fcgung gestellt. Welche Hefte zur Verf\u00fcgung stehen, erfahren Sie hier:<\/p>\n<ul>\n<li><a href=\"https:\/\/www.freidenker.org\/?page_id=1682\">Verbandsorgan FREIDENKER &#8211; online<\/a><\/li>\n<\/ul>\n<p>Wenn Sie den FREIDENKER abonnieren oder einzelne Hefte bestellen m\u00f6chten, informieren Sie sich bitte hier:<\/p>\n<ul>\n<li><a href=\"https:\/\/www.freidenker.org\/?page_id=99\">Verbandsorgan FREIDENKER &#8211; Vertrieb<\/a><\/li>\n<\/ul>\n<p>&nbsp;<\/p>\n<p><img data-recalc-dims=\"1\" loading=\"lazy\" decoding=\"async\" data-attachment-id=\"1523\" data-permalink=\"https:\/\/www.freidenker.org\/?attachment_id=1523\" data-orig-file=\"https:\/\/i0.wp.com\/www.freidenker.org\/fw17\/wp-content\/uploads\/2016\/05\/FD_Komposition_800x445.jpg?fit=800%2C445&amp;ssl=1\" data-orig-size=\"800,445\" data-comments-opened=\"0\" data-image-meta=\"{&quot;aperture&quot;:&quot;0&quot;,&quot;credit&quot;:&quot;&quot;,&quot;camera&quot;:&quot;&quot;,&quot;caption&quot;:&quot;&quot;,&quot;created_timestamp&quot;:&quot;0&quot;,&quot;copyright&quot;:&quot;&quot;,&quot;focal_length&quot;:&quot;0&quot;,&quot;iso&quot;:&quot;0&quot;,&quot;shutter_speed&quot;:&quot;0&quot;,&quot;title&quot;:&quot;&quot;,&quot;orientation&quot;:&quot;1&quot;}\" data-image-title=\"FD_Komposition_800x445\" data-image-description=\"\" data-image-caption=\"\" data-large-file=\"https:\/\/i0.wp.com\/www.freidenker.org\/fw17\/wp-content\/uploads\/2016\/05\/FD_Komposition_800x445.jpg?fit=800%2C445&amp;ssl=1\" class=\"alignnone size-full wp-image-1523\" src=\"https:\/\/i0.wp.com\/www.freidenker.org\/fw17\/wp-content\/uploads\/2016\/05\/FD_Komposition_800x445.jpg?resize=800%2C445&#038;ssl=1\" alt=\"\" width=\"800\" height=\"445\" srcset=\"https:\/\/i0.wp.com\/www.freidenker.org\/fw17\/wp-content\/uploads\/2016\/05\/FD_Komposition_800x445.jpg?w=800&amp;ssl=1 800w, https:\/\/i0.wp.com\/www.freidenker.org\/fw17\/wp-content\/uploads\/2016\/05\/FD_Komposition_800x445.jpg?resize=300%2C167&amp;ssl=1 300w, https:\/\/i0.wp.com\/www.freidenker.org\/fw17\/wp-content\/uploads\/2016\/05\/FD_Komposition_800x445.jpg?resize=768%2C427&amp;ssl=1 768w\" sizes=\"auto, (max-width: 800px) 100vw, 800px\" \/><br \/>\n<span style=\"font-size: 10pt;\">Collage: Ralf Lux<\/span><\/p>\n<p>&nbsp;<\/p>\n","protected":false},"excerpt":{"rendered":"<p>Der FREIDENKER ist das viertelj\u00e4hrlich erscheinende Verbandsorgan des Deutschen Freidenker-Verbandes e.V. Jedes Heft ist einem thematischen Schwerpunkt gewidmet und enth\u00e4lt<\/p>\n","protected":false},"author":3,"featured_media":1523,"parent":0,"menu_order":0,"comment_status":"closed","ping_status":"closed","template":"","meta":{"colormag_page_container_layout":"default_layout","colormag_page_sidebar_layout":"default_layout","advanced_seo_description":"","jetpack_seo_html_title":"","jetpack_seo_noindex":false,"footnotes":""},"class_list":["post-1908","page","type-page","status-publish","has-post-thumbnail","hentry"],"jetpack_shortlink":"https:\/\/wp.me\/P9stpK-uM","jetpack-related-posts":[{"id":99,"url":"https:\/\/www.freidenker.org\/?page_id=99","url_meta":{"origin":1908,"position":0},"title":"Verbandsorgan FREIDENKER &#8211; Vertrieb","author":"Webmaster","date":"13. Mai 2016","format":false,"excerpt":"Verbandsorgan des Deutschen Freidenker-Verbandes e.V. abonnieren bzw. Einzelhefte bestellen Bestellformular * (ca. 93 KB) f\u00fcr den FREIDENKER auf Ihren Computer speichern, ausf\u00fcllen und per Post schicken an: Deutscher Freidenker-Verband e.V. FREIDENKER-Vertrieb Postfach 600721 60337 Frankfurt a.M. oder \u00fcber E-Mail an abo@freidenker.de bzw. vertrieb@freidenker.de senden. Bezugspreis j\u00e4hrlich: 10 \u20ac plus Versand\u2026","rel":"","context":"\u00c4hnlicher Beitrag","block_context":{"text":"\u00c4hnlicher Beitrag","link":""},"img":{"alt_text":"","src":"https:\/\/i0.wp.com\/www.freidenker.org\/fw17\/wp-content\/uploads\/2017\/11\/FD_Versand_v2.jpg?fit=800%2C445&ssl=1&resize=350%2C200","width":350,"height":200,"srcset":"https:\/\/i0.wp.com\/www.freidenker.org\/fw17\/wp-content\/uploads\/2017\/11\/FD_Versand_v2.jpg?fit=800%2C445&ssl=1&resize=350%2C200 1x, https:\/\/i0.wp.com\/www.freidenker.org\/fw17\/wp-content\/uploads\/2017\/11\/FD_Versand_v2.jpg?fit=800%2C445&ssl=1&resize=525%2C300 1.5x, https:\/\/i0.wp.com\/www.freidenker.org\/fw17\/wp-content\/uploads\/2017\/11\/FD_Versand_v2.jpg?fit=800%2C445&ssl=1&resize=700%2C400 2x"},"classes":[]},{"id":1682,"url":"https:\/\/www.freidenker.org\/?page_id=1682","url_meta":{"origin":1908,"position":1},"title":"Verbandsorgan FREIDENKER &#8211; online","author":"Webredaktion","date":"12. November 2017","format":false,"excerpt":"Das Verbandsorgan FREIDENKER erscheint viermal j\u00e4hrlich als Printausgabe. Seit Ende 2016 werden ein Jahr nach dem Erscheinen die kompletten Hefte hier als Online-Ausgabe kostenlos zur Verf\u00fcgung gestellt. (Zum Download klicken Sie mit der rechten Maustaste auf den\u00a0 jeweiligen Download-Link neben dem PDF-Symbol und w\u00e4hlen Sie im Kontextmen\u00fc \"Ziel speichern unter\"\u2026","rel":"","context":"\u00c4hnlicher Beitrag","block_context":{"text":"\u00c4hnlicher Beitrag","link":""},"img":{"alt_text":"","src":"https:\/\/i0.wp.com\/www.freidenker.org\/fw17\/wp-content\/uploads\/2017\/11\/FD-Online_800x445.jpg?fit=800%2C445&ssl=1&resize=350%2C200","width":350,"height":200,"srcset":"https:\/\/i0.wp.com\/www.freidenker.org\/fw17\/wp-content\/uploads\/2017\/11\/FD-Online_800x445.jpg?fit=800%2C445&ssl=1&resize=350%2C200 1x, https:\/\/i0.wp.com\/www.freidenker.org\/fw17\/wp-content\/uploads\/2017\/11\/FD-Online_800x445.jpg?fit=800%2C445&ssl=1&resize=525%2C300 1.5x, https:\/\/i0.wp.com\/www.freidenker.org\/fw17\/wp-content\/uploads\/2017\/11\/FD-Online_800x445.jpg?fit=800%2C445&ssl=1&resize=700%2C400 2x"},"classes":[]},{"id":77,"url":"https:\/\/www.freidenker.org\/?page_id=77","url_meta":{"origin":1908,"position":2},"title":"Mitmachen","author":"Webmaster","date":"13. Mai 2016","format":false,"excerpt":"Freies Denken ist nicht nur Privatsache. Wer sich gegen Gehirnw\u00e4sche und Volksverdummung durch Medien, Geheimdienste, Milit\u00e4r, diversen Stiftungen, Kirchen usw. gemeinsam mit anderen zur Wehr setzen will, ist im Deutschen Freidenker-Verband willkommen. Mitglied oder F\u00f6rdermitglied im Deutschen Freidenker-Verband e. V. werden Mitgliedsantrag f\u00fcr den Deutschen Freidenker-Verband e. V. auf dem\u2026","rel":"","context":"\u00c4hnlicher Beitrag","block_context":{"text":"\u00c4hnlicher Beitrag","link":""},"img":{"alt_text":"","src":"https:\/\/i0.wp.com\/www.freidenker.org\/fw17\/wp-content\/uploads\/2017\/11\/Freidenker_Multilogo.jpg?fit=800%2C445&ssl=1&resize=350%2C200","width":350,"height":200,"srcset":"https:\/\/i0.wp.com\/www.freidenker.org\/fw17\/wp-content\/uploads\/2017\/11\/Freidenker_Multilogo.jpg?fit=800%2C445&ssl=1&resize=350%2C200 1x, https:\/\/i0.wp.com\/www.freidenker.org\/fw17\/wp-content\/uploads\/2017\/11\/Freidenker_Multilogo.jpg?fit=800%2C445&ssl=1&resize=525%2C300 1.5x, https:\/\/i0.wp.com\/www.freidenker.org\/fw17\/wp-content\/uploads\/2017\/11\/Freidenker_Multilogo.jpg?fit=800%2C445&ssl=1&resize=700%2C400 2x"},"classes":[]},{"id":8959,"url":"https:\/\/www.freidenker.org\/?page_id=8959","url_meta":{"origin":1908,"position":3},"title":"Datenschutzordnung","author":"Webredaktion","date":"6. Dezember 2020","format":false,"excerpt":"\u00a0 Datenschutzordnung des Deutschen Freidenker-Verbandes e.V.\u00a0 im PDF-Format (ca. 41 KB) Deutscher Freidenker-Verband Verbandsvorstand \u00a0 Datenschutzordnung Letzte Fassung beschlossen am 3.10.2020 \u00a0 I Rechtsgrundlagen Diese Datenschutzordnung dient der Sicherstellung des rechtskonformen Umgangs mitpersonenbezogenen Daten durch die Organe des Deutschen Freidenker-Verbands (DFV), insbesondere im Sinne der EU-Datenschutzgrundverordnung (DSGVO) und des Bundesdatenschutzgesetzes\u2026","rel":"","context":"\u00c4hnlicher Beitrag","block_context":{"text":"\u00c4hnlicher Beitrag","link":""},"img":{"alt_text":"","src":"https:\/\/i0.wp.com\/www.freidenker.org\/fw17\/wp-content\/uploads\/2020\/12\/privacy-policy-2117996_800x450.jpg?fit=800%2C450&ssl=1&resize=350%2C200","width":350,"height":200,"srcset":"https:\/\/i0.wp.com\/www.freidenker.org\/fw17\/wp-content\/uploads\/2020\/12\/privacy-policy-2117996_800x450.jpg?fit=800%2C450&ssl=1&resize=350%2C200 1x, https:\/\/i0.wp.com\/www.freidenker.org\/fw17\/wp-content\/uploads\/2020\/12\/privacy-policy-2117996_800x450.jpg?fit=800%2C450&ssl=1&resize=525%2C300 1.5x, https:\/\/i0.wp.com\/www.freidenker.org\/fw17\/wp-content\/uploads\/2020\/12\/privacy-policy-2117996_800x450.jpg?fit=800%2C450&ssl=1&resize=700%2C400 2x"},"classes":[]},{"id":62,"url":"https:\/\/www.freidenker.org\/?page_id=62","url_meta":{"origin":1908,"position":4},"title":"Aufgaben der Aufkl\u00e4rung: &#8222;Die Richtigstellung der Begriffe\u201c","author":"Webmaster","date":"13. Mai 2016","format":false,"excerpt":"Der Verbandstag am 02. und 03.06.2012 in N\u00fcrnberg beschloss den Entwurf eines Hauptdokumentes mit dem Titel \u00bbDie Richtigstellung der Begriffe\u00ab, das die Frage aufwirft, \u00bbwie lange die Herrschenden noch in der Lage sind, die Menschen dazu zu bringen, ihrer eigenen Disziplinierung, Ausbeutung und Unterdr\u00fcckung freiwillig zuzustimmen\u00ab. Begriffe wie Internationalismus, Menschenrechte,\u2026","rel":"","context":"\u00c4hnlicher Beitrag","block_context":{"text":"\u00c4hnlicher Beitrag","link":""},"img":{"alt_text":"","src":"https:\/\/i0.wp.com\/www.freidenker.org\/fw17\/wp-content\/uploads\/2016\/05\/experience-407738_800x445.jpg?fit=800%2C445&ssl=1&resize=350%2C200","width":350,"height":200,"srcset":"https:\/\/i0.wp.com\/www.freidenker.org\/fw17\/wp-content\/uploads\/2016\/05\/experience-407738_800x445.jpg?fit=800%2C445&ssl=1&resize=350%2C200 1x, https:\/\/i0.wp.com\/www.freidenker.org\/fw17\/wp-content\/uploads\/2016\/05\/experience-407738_800x445.jpg?fit=800%2C445&ssl=1&resize=525%2C300 1.5x, https:\/\/i0.wp.com\/www.freidenker.org\/fw17\/wp-content\/uploads\/2016\/05\/experience-407738_800x445.jpg?fit=800%2C445&ssl=1&resize=700%2C400 2x"},"classes":[]},{"id":72,"url":"https:\/\/www.freidenker.org\/?page_id=72","url_meta":{"origin":1908,"position":5},"title":"Satzung des Deutschen Freidenker-Verbandes e.V.","author":"Webmaster","date":"13. Mai 2016","format":false,"excerpt":"Beschlossen vom Verbandstag am 1.\/2. Juni 1991 in Braunschweig, zuletzt ge\u00e4ndert vom Verbandstag am 26.\/27. Juni 2021 in Raunheim\/Main Die vollst\u00e4ndige Satzung kann hier als\u00a0 PDF-Dokument angesehen und heruntergeladen werden: \u00a0 Satzung des Deutschen Freidenker-Verbandes e.V.\u00a0 im PDF-Format (ca. 209 KB) Satzung des Deutschen Freidenker-Verbandes e.V. \u00a7 1 - Name\u2026","rel":"","context":"\u00c4hnlicher Beitrag","block_context":{"text":"\u00c4hnlicher Beitrag","link":""},"img":{"alt_text":"","src":"https:\/\/i0.wp.com\/www.freidenker.org\/fw17\/wp-content\/uploads\/2017\/11\/Freidenker_Multilogo_grau.jpg?fit=800%2C445&ssl=1&resize=350%2C200","width":350,"height":200,"srcset":"https:\/\/i0.wp.com\/www.freidenker.org\/fw17\/wp-content\/uploads\/2017\/11\/Freidenker_Multilogo_grau.jpg?fit=800%2C445&ssl=1&resize=350%2C200 1x, https:\/\/i0.wp.com\/www.freidenker.org\/fw17\/wp-content\/uploads\/2017\/11\/Freidenker_Multilogo_grau.jpg?fit=800%2C445&ssl=1&resize=525%2C300 1.5x, https:\/\/i0.wp.com\/www.freidenker.org\/fw17\/wp-content\/uploads\/2017\/11\/Freidenker_Multilogo_grau.jpg?fit=800%2C445&ssl=1&resize=700%2C400 2x"},"classes":[]}],"_links":{"self":[{"href":"https:\/\/www.freidenker.org\/index.php?rest_route=\/wp\/v2\/pages\/1908","targetHints":{"allow":["GET"]}}],"collection":[{"href":"https:\/\/www.freidenker.org\/index.php?rest_route=\/wp\/v2\/pages"}],"about":[{"href":"https:\/\/www.freidenker.org\/index.php?rest_route=\/wp\/v2\/types\/page"}],"author":[{"embeddable":true,"href":"https:\/\/www.freidenker.org\/index.php?rest_route=\/wp\/v2\/users\/3"}],"replies":[{"embeddable":true,"href":"https:\/\/www.freidenker.org\/index.php?rest_route=%2Fwp%2Fv2%2Fcomments&post=1908"}],"version-history":[{"count":0,"href":"https:\/\/www.freidenker.org\/index.php?rest_route=\/wp\/v2\/pages\/1908\/revisions"}],"wp:featuredmedia":[{"embeddable":true,"href":"https:\/\/www.freidenker.org\/index.php?rest_route=\/wp\/v2\/media\/1523"}],"wp:attachment":[{"href":"https:\/\/www.freidenker.org\/index.php?rest_route=%2Fwp%2Fv2%2Fmedia&parent=1908"}],"curies":[{"name":"wp","href":"https:\/\/api.w.org\/{rel}","templated":true}]}}