{"id":1906,"date":"2017-11-21T02:00:30","date_gmt":"2017-11-21T01:00:30","guid":{"rendered":"http:\/\/www.freidenker.org\/fw17\/?page_id=1906"},"modified":"2017-12-09T23:43:00","modified_gmt":"2017-12-09T22:43:00","slug":"der-verband-2","status":"publish","type":"page","link":"https:\/\/www.freidenker.org\/?page_id=1906","title":{"rendered":"Der Verband"},"content":{"rendered":"<p><strong>Der Deutsche Freidenker-Verband ist Weltanschauungsgemeinschaft, Kulturorganisation und Interessenvertretung konfessionsfreier Menschen.<\/strong><\/p>\n<p>Hier finden Sie Informationen \u00fcber die Geschichte der Freidenkerbewegung, unsere Grundsatzdokumente (Berliner Erkl\u00e4rung, Satzung), wichtige Beschl\u00fcsse und Positionen, Kontaktadressen des Vorstandes und der Landesverb\u00e4nde sowie Links zu Partnerorganisationen. Im Einzelnen:<\/p>\n<p>&nbsp;<\/p>\n<p>Einen kurzen Abriss \u00fcber die Geschichte des Freien Denkens und die Entwicklung der Freidenker-Bewegung in Deutschland:<\/p>\n<ul>\n<li style=\"text-align: left;\"><a href=\"https:\/\/www.freidenker.org\/?page_id=68\">Tradition und Erbe &#8211; Aus der Geschichte der Freidenker<\/a><\/li>\n<\/ul>\n<p>Die &#8222;Berliner Erkl\u00e4rung&#8220;\u00a0 ist die grunds\u00e4tzliche Programmatische Erkl\u00e4rung des Deutschen Freidenker-Verbandes, die in einem intensiven Dialog auf allen Verbandsebenen zwischen 1991 und 1994 erarbeitet und vom Verbandstag am 4.\/5. Juni 1994 in Berlin beschlossen wurde und die bis heute nichts von ihrer Aktualit\u00e4t eingeb\u00fc\u00dft hat:<\/p>\n<ul>\n<li><a href=\"https:\/\/www.freidenker.org\/?page_id=64\">Berliner Erkl\u00e4rung: &#8222;Wer sind die Freidenker und was wollen sie?&#8220;<\/a><\/li>\n<\/ul>\n<p>Der Beschluss des Verbandsvorstandes vom November 2009\u00a0 im Auftrag des Verbandstages vom 21.\/22. Mai 2009 in Berlin definierte die Aufkl\u00e4rung als die Hauptaufgabe der weltanschaulichen T\u00e4tigkeit des Verbandes:<\/p>\n<ul>\n<li><a href=\"https:\/\/www.freidenker.org\/?page_id=66\">Gegen Volksverdummung und die Zerst\u00f6rung der Vernunft &#8211; F\u00fcr Aufkl\u00e4rung!<\/a><\/li>\n<\/ul>\n<p>Ein weiterer Beschluss des Verbandsvorstandes vom Oktober 2012 im Auftrag des Verbandtages vom 02.\/03. Juni 2012 in N\u00fcrnberg sieht das Ziel der historischen Aufkl\u00e4rungsbewegung, die Durchsetzung der Vernunft im geistigen und wissenschaftlichen Leben, f\u00fcr nicht erreicht an, und daher in der Fortsetzung der Aufkl\u00e4rung eine zentrale Aufgabe.<\/p>\n<ul>\n<li><a href=\"https:\/\/www.freidenker.org\/?page_id=62\">Aufgaben der Aufkl\u00e4rung: &#8222;Die Richtigstellung der Begriffe\u201c<\/a><\/li>\n<\/ul>\n<p>Die Satzung des Deutschen Freidenker-Verbandes:<\/p>\n<ul>\n<li><a href=\"https:\/\/www.freidenker.org\/?page_id=72\">Satzung<\/a><\/li>\n<\/ul>\n<p>Einige grunds\u00e4tzliche Reden, Appelle, Aufrufe der letzten Jahre:<\/p>\n<ul>\n<li><a href=\"https:\/\/www.freidenker.org\/?cat=210\">Positionen<\/a><\/li>\n<\/ul>\n<p>Namen und Adressen des Verbandsvorstandes:<\/p>\n<ul>\n<li><a href=\"https:\/\/www.freidenker.org\/?page_id=594\">Verbandsvorstand<\/a><\/li>\n<\/ul>\n<p>Informationen zu den Referenten des Verbandsvorstandes:<\/p>\n<ul>\n<li><a href=\"https:\/\/www.freidenker.org\/?page_id=604\">Referenten<\/a><\/li>\n<\/ul>\n<p>Die Kontaktdaten unserer Landesverb\u00e4nde:<\/p>\n<ul>\n<li><a href=\"https:\/\/www.freidenker.org\/?page_id=608\">Landesverb\u00e4nde<\/a><\/li>\n<\/ul>\n<p>Weblinks zu einigen wichtigen Partnerorganisationen des DFV:<\/p>\n<ul>\n<li><a href=\"https:\/\/www.freidenker.org\/?page_id=1627\">Partnerorganisationen<\/a><\/li>\n<\/ul>\n<p>&nbsp;<\/p>\n<p><img data-recalc-dims=\"1\" loading=\"lazy\" decoding=\"async\" data-attachment-id=\"2054\" data-permalink=\"https:\/\/www.freidenker.org\/?attachment_id=2054\" data-orig-file=\"https:\/\/i0.wp.com\/www.freidenker.org\/fw17\/wp-content\/uploads\/2017\/11\/FD_WG_IVKM_KO.jpg?fit=800%2C445&amp;ssl=1\" data-orig-size=\"800,445\" data-comments-opened=\"0\" data-image-meta=\"{&quot;aperture&quot;:&quot;0&quot;,&quot;credit&quot;:&quot;&quot;,&quot;camera&quot;:&quot;&quot;,&quot;caption&quot;:&quot;&quot;,&quot;created_timestamp&quot;:&quot;0&quot;,&quot;copyright&quot;:&quot;&quot;,&quot;focal_length&quot;:&quot;0&quot;,&quot;iso&quot;:&quot;0&quot;,&quot;shutter_speed&quot;:&quot;0&quot;,&quot;title&quot;:&quot;&quot;,&quot;orientation&quot;:&quot;0&quot;}\" data-image-title=\"FD_WG_IVKM_KO\" data-image-description=\"\" data-image-caption=\"\" data-large-file=\"https:\/\/i0.wp.com\/www.freidenker.org\/fw17\/wp-content\/uploads\/2017\/11\/FD_WG_IVKM_KO.jpg?fit=800%2C445&amp;ssl=1\" class=\"alignnone size-full wp-image-2054\" src=\"https:\/\/i0.wp.com\/www.freidenker.org\/fw17\/wp-content\/uploads\/2017\/11\/FD_WG_IVKM_KO.jpg?resize=800%2C445&#038;ssl=1\" alt=\"\" width=\"800\" height=\"445\" srcset=\"https:\/\/i0.wp.com\/www.freidenker.org\/fw17\/wp-content\/uploads\/2017\/11\/FD_WG_IVKM_KO.jpg?w=800&amp;ssl=1 800w, https:\/\/i0.wp.com\/www.freidenker.org\/fw17\/wp-content\/uploads\/2017\/11\/FD_WG_IVKM_KO.jpg?resize=300%2C167&amp;ssl=1 300w, https:\/\/i0.wp.com\/www.freidenker.org\/fw17\/wp-content\/uploads\/2017\/11\/FD_WG_IVKM_KO.jpg?resize=768%2C427&amp;ssl=1 768w\" sizes=\"auto, (max-width: 800px) 100vw, 800px\" \/><\/p>\n","protected":false},"excerpt":{"rendered":"<p>Der Deutsche Freidenker-Verband ist Weltanschauungsgemeinschaft, Kulturorganisation und Interessenvertretung konfessionsfreier Menschen. Hier finden Sie Informationen \u00fcber die Geschichte der Freidenkerbewegung, unsere<\/p>\n","protected":false},"author":3,"featured_media":2054,"parent":0,"menu_order":0,"comment_status":"closed","ping_status":"closed","template":"","meta":{"colormag_page_container_layout":"default_layout","colormag_page_sidebar_layout":"default_layout","advanced_seo_description":"","jetpack_seo_html_title":"","jetpack_seo_noindex":false,"jetpack_post_was_ever_published":false,"footnotes":""},"class_list":["post-1906","page","type-page","status-publish","has-post-thumbnail","hentry"],"jetpack_shortlink":"https:\/\/wp.me\/P9stpK-uK","jetpack-related-posts":[{"id":66,"url":"https:\/\/www.freidenker.org\/?page_id=66","url_meta":{"origin":1906,"position":0},"title":"Gegen Volksverdummung und die Zerst\u00f6rung der Vernunft &#8211; F\u00fcr Aufkl\u00e4rung!","author":"Webmaster","date":"13. Mai 2016","format":false,"excerpt":"Beschlossen vom Verbandsvorstand am 31. Oktober \/ 1. November 2009 in Magdeburg im Auftrag des Verbandstages vom 22.\/23. Mai 2009 in Berlin Der Deutsche Freidenker-Verband als Weltanschauungsgemeinschaft und Kulturorganisation betrachtet Aufkl\u00e4rung als die Hauptaufgabe seiner weltanschaulichen T\u00e4tigkeit. Die Aufkl\u00e4rungsbewegung des 18. Jahrhunderts diente mit ihrer Kritik der feudalen Ideologie und\u2026","rel":"","context":"\u00c4hnlicher Beitrag","block_context":{"text":"\u00c4hnlicher Beitrag","link":""},"img":{"alt_text":"","src":"https:\/\/i0.wp.com\/www.freidenker.org\/fw17\/wp-content\/uploads\/2017\/12\/FD_2009-03_Titel_mR.jpg?fit=800%2C445&ssl=1&resize=350%2C200","width":350,"height":200,"srcset":"https:\/\/i0.wp.com\/www.freidenker.org\/fw17\/wp-content\/uploads\/2017\/12\/FD_2009-03_Titel_mR.jpg?fit=800%2C445&ssl=1&resize=350%2C200 1x, https:\/\/i0.wp.com\/www.freidenker.org\/fw17\/wp-content\/uploads\/2017\/12\/FD_2009-03_Titel_mR.jpg?fit=800%2C445&ssl=1&resize=525%2C300 1.5x, https:\/\/i0.wp.com\/www.freidenker.org\/fw17\/wp-content\/uploads\/2017\/12\/FD_2009-03_Titel_mR.jpg?fit=800%2C445&ssl=1&resize=700%2C400 2x"},"classes":[]},{"id":64,"url":"https:\/\/www.freidenker.org\/?page_id=64","url_meta":{"origin":1906,"position":1},"title":"Berliner Erkl\u00e4rung: &#8222;Wer sind die Freidenker und was wollen sie?&#8220;","author":"Webmaster","date":"13. Mai 2016","format":false,"excerpt":"Beschlossen vom Verbandstag am 4.\/5. Juni 1994 in Berlin Wer sind wir Freidenker? Seit dem 1. Juni 1991 sind die Freidenker wieder in einem gemeinsamen Deutschen Freidenker-Verband mit Sitz in Dortmund und Landesverb\u00e4nden in allen Bundesl\u00e4ndern vereinigt. Der Deutsche Freidenker-Verband ist Weltanschauungsgemeinschaft, Kulturorganisation und Interessenvertretung konfessionsfreier Menschen. Er steht in\u2026","rel":"","context":"\u00c4hnlicher Beitrag","block_context":{"text":"\u00c4hnlicher Beitrag","link":""},"img":{"alt_text":"","src":"https:\/\/i0.wp.com\/www.freidenker.org\/fw17\/wp-content\/uploads\/2017\/11\/FD_WG_IVKM_KO.jpg?fit=800%2C445&ssl=1&resize=350%2C200","width":350,"height":200,"srcset":"https:\/\/i0.wp.com\/www.freidenker.org\/fw17\/wp-content\/uploads\/2017\/11\/FD_WG_IVKM_KO.jpg?fit=800%2C445&ssl=1&resize=350%2C200 1x, https:\/\/i0.wp.com\/www.freidenker.org\/fw17\/wp-content\/uploads\/2017\/11\/FD_WG_IVKM_KO.jpg?fit=800%2C445&ssl=1&resize=525%2C300 1.5x, https:\/\/i0.wp.com\/www.freidenker.org\/fw17\/wp-content\/uploads\/2017\/11\/FD_WG_IVKM_KO.jpg?fit=800%2C445&ssl=1&resize=700%2C400 2x"},"classes":[]},{"id":62,"url":"https:\/\/www.freidenker.org\/?page_id=62","url_meta":{"origin":1906,"position":2},"title":"Aufgaben der Aufkl\u00e4rung: &#8222;Die Richtigstellung der Begriffe\u201c","author":"Webmaster","date":"13. Mai 2016","format":false,"excerpt":"Der Verbandstag am 02. und 03.06.2012 in N\u00fcrnberg beschloss den Entwurf eines Hauptdokumentes mit dem Titel \u00bbDie Richtigstellung der Begriffe\u00ab, das die Frage aufwirft, \u00bbwie lange die Herrschenden noch in der Lage sind, die Menschen dazu zu bringen, ihrer eigenen Disziplinierung, Ausbeutung und Unterdr\u00fcckung freiwillig zuzustimmen\u00ab. Begriffe wie Internationalismus, Menschenrechte,\u2026","rel":"","context":"\u00c4hnlicher Beitrag","block_context":{"text":"\u00c4hnlicher Beitrag","link":""},"img":{"alt_text":"","src":"https:\/\/i0.wp.com\/www.freidenker.org\/fw17\/wp-content\/uploads\/2016\/05\/experience-407738_800x445.jpg?fit=800%2C445&ssl=1&resize=350%2C200","width":350,"height":200,"srcset":"https:\/\/i0.wp.com\/www.freidenker.org\/fw17\/wp-content\/uploads\/2016\/05\/experience-407738_800x445.jpg?fit=800%2C445&ssl=1&resize=350%2C200 1x, https:\/\/i0.wp.com\/www.freidenker.org\/fw17\/wp-content\/uploads\/2016\/05\/experience-407738_800x445.jpg?fit=800%2C445&ssl=1&resize=525%2C300 1.5x, https:\/\/i0.wp.com\/www.freidenker.org\/fw17\/wp-content\/uploads\/2016\/05\/experience-407738_800x445.jpg?fit=800%2C445&ssl=1&resize=700%2C400 2x"},"classes":[]},{"id":68,"url":"https:\/\/www.freidenker.org\/?page_id=68","url_meta":{"origin":1906,"position":3},"title":"Tradition und Erbe","author":"Webmaster","date":"13. Mai 2016","format":false,"excerpt":"Aus der Geschichte der Freidenker Lange vor Beginn der organisierten Freidenker-Bewegung suchten Menschen nach einem freien geistigen Fundament f\u00fcr ein eigenverantwortlich gestaltetes Leben und Selbstverwirklichung. Zu den fr\u00fchesten Beispielen z\u00e4hlen Kaiserin Teje und ihr Sohn Echnaton im \u00c4gypten des 15. und 14. Jahrhunderts vor unserer Zeitrechnung sowie der chinesische Kaiser\u2026","rel":"","context":"\u00c4hnlicher Beitrag","block_context":{"text":"\u00c4hnlicher Beitrag","link":""},"img":{"alt_text":"","src":"https:\/\/i0.wp.com\/www.freidenker.org\/fw17\/wp-content\/uploads\/2016\/05\/Eugene_Delacroix_-_La_liberte_guidant_le_peuple_800x445.jpg?fit=800%2C445&ssl=1&resize=350%2C200","width":350,"height":200,"srcset":"https:\/\/i0.wp.com\/www.freidenker.org\/fw17\/wp-content\/uploads\/2016\/05\/Eugene_Delacroix_-_La_liberte_guidant_le_peuple_800x445.jpg?fit=800%2C445&ssl=1&resize=350%2C200 1x, https:\/\/i0.wp.com\/www.freidenker.org\/fw17\/wp-content\/uploads\/2016\/05\/Eugene_Delacroix_-_La_liberte_guidant_le_peuple_800x445.jpg?fit=800%2C445&ssl=1&resize=525%2C300 1.5x, https:\/\/i0.wp.com\/www.freidenker.org\/fw17\/wp-content\/uploads\/2016\/05\/Eugene_Delacroix_-_La_liberte_guidant_le_peuple_800x445.jpg?fit=800%2C445&ssl=1&resize=700%2C400 2x"},"classes":[]},{"id":1910,"url":"https:\/\/www.freidenker.org\/?page_id=1910","url_meta":{"origin":1906,"position":4},"title":"Jugendweihe &#038; Jugendfeier","author":"Webredaktion","date":"21. November 2017","format":false,"excerpt":"Die Jugendweihe bzw. Jugendfeier ist eine festliche Aufnahme in die Welt des Erwachsenseins. Sie ist eine nichtkirchliche Alternative zur Konfirmation der evangelischen Kirchen und zur Firmung in der katholischen Kirche. Das Fest wird seit 1890 in der Freidenkerbewegung regelm\u00e4\u00dfig begangen. In der Weimarer Republik (1918\u20131933) erlebte die Jugendweihe einen gro\u00dfen\u2026","rel":"","context":"\u00c4hnlicher Beitrag","block_context":{"text":"\u00c4hnlicher Beitrag","link":""},"img":{"alt_text":"","src":"https:\/\/i0.wp.com\/www.freidenker.org\/fw17\/wp-content\/uploads\/2017\/11\/Jugendfeier_Hessen_2017.jpg?fit=800%2C445&ssl=1&resize=350%2C200","width":350,"height":200,"srcset":"https:\/\/i0.wp.com\/www.freidenker.org\/fw17\/wp-content\/uploads\/2017\/11\/Jugendfeier_Hessen_2017.jpg?fit=800%2C445&ssl=1&resize=350%2C200 1x, https:\/\/i0.wp.com\/www.freidenker.org\/fw17\/wp-content\/uploads\/2017\/11\/Jugendfeier_Hessen_2017.jpg?fit=800%2C445&ssl=1&resize=525%2C300 1.5x, https:\/\/i0.wp.com\/www.freidenker.org\/fw17\/wp-content\/uploads\/2017\/11\/Jugendfeier_Hessen_2017.jpg?fit=800%2C445&ssl=1&resize=700%2C400 2x"},"classes":[]},{"id":72,"url":"https:\/\/www.freidenker.org\/?page_id=72","url_meta":{"origin":1906,"position":5},"title":"Satzung des Deutschen Freidenker-Verbandes e.V.","author":"Webmaster","date":"13. Mai 2016","format":false,"excerpt":"Beschlossen vom Verbandstag am 1.\/2. Juni 1991 in Braunschweig, zuletzt ge\u00e4ndert vom Verbandstag am 26.\/27. Juni 2021 in Raunheim\/Main Die vollst\u00e4ndige Satzung kann hier als\u00a0 PDF-Dokument angesehen und heruntergeladen werden: \u00a0 Satzung des Deutschen Freidenker-Verbandes e.V.\u00a0 im PDF-Format (ca. 209 KB) Satzung des Deutschen Freidenker-Verbandes e.V. \u00a7 1 - Name\u2026","rel":"","context":"\u00c4hnlicher Beitrag","block_context":{"text":"\u00c4hnlicher Beitrag","link":""},"img":{"alt_text":"","src":"https:\/\/i0.wp.com\/www.freidenker.org\/fw17\/wp-content\/uploads\/2017\/11\/Freidenker_Multilogo_grau.jpg?fit=800%2C445&ssl=1&resize=350%2C200","width":350,"height":200,"srcset":"https:\/\/i0.wp.com\/www.freidenker.org\/fw17\/wp-content\/uploads\/2017\/11\/Freidenker_Multilogo_grau.jpg?fit=800%2C445&ssl=1&resize=350%2C200 1x, https:\/\/i0.wp.com\/www.freidenker.org\/fw17\/wp-content\/uploads\/2017\/11\/Freidenker_Multilogo_grau.jpg?fit=800%2C445&ssl=1&resize=525%2C300 1.5x, https:\/\/i0.wp.com\/www.freidenker.org\/fw17\/wp-content\/uploads\/2017\/11\/Freidenker_Multilogo_grau.jpg?fit=800%2C445&ssl=1&resize=700%2C400 2x"},"classes":[]}],"_links":{"self":[{"href":"https:\/\/www.freidenker.org\/index.php?rest_route=\/wp\/v2\/pages\/1906","targetHints":{"allow":["GET"]}}],"collection":[{"href":"https:\/\/www.freidenker.org\/index.php?rest_route=\/wp\/v2\/pages"}],"about":[{"href":"https:\/\/www.freidenker.org\/index.php?rest_route=\/wp\/v2\/types\/page"}],"author":[{"embeddable":true,"href":"https:\/\/www.freidenker.org\/index.php?rest_route=\/wp\/v2\/users\/3"}],"replies":[{"embeddable":true,"href":"https:\/\/www.freidenker.org\/index.php?rest_route=%2Fwp%2Fv2%2Fcomments&post=1906"}],"version-history":[{"count":0,"href":"https:\/\/www.freidenker.org\/index.php?rest_route=\/wp\/v2\/pages\/1906\/revisions"}],"wp:featuredmedia":[{"embeddable":true,"href":"https:\/\/www.freidenker.org\/index.php?rest_route=\/wp\/v2\/media\/2054"}],"wp:attachment":[{"href":"https:\/\/www.freidenker.org\/index.php?rest_route=%2Fwp%2Fv2%2Fmedia&parent=1906"}],"curies":[{"name":"wp","href":"https:\/\/api.w.org\/{rel}","templated":true}]}}